{"id":9977,"date":"2023-03-23T20:28:44","date_gmt":"2023-03-23T19:28:44","guid":{"rendered":"http:\/\/violmax.pl\/?post_type=product&#038;p=9977"},"modified":"2025-12-02T12:46:10","modified_gmt":"2025-12-02T11:46:10","slug":"solina-kufel-do-piwa-bremen-667-ml-zapora-zaglowka-szron","status":"publish","type":"product","link":"https:\/\/violmax.pl\/index.php\/produkt\/solina-kufel-do-piwa-bremen-667-ml-zapora-zaglowka-szron\/","title":{"rendered":"SOLINA, KUFEL DO PIWA &#8220;BREMEN&#8221; 667 ML, ZAPORA+\u017bAGL\u00d3WKA, SZRON"},"content":{"rendered":"<p><img loading=\"lazy\" class=\"alignnone size-medium wp-image-9976\" src=\"http:\/\/violmax.pl\/wp-content\/uploads\/2023\/03\/Solina_kufel_do_piwa_bremen_667_ml_zapora_szron-300x240.png\" alt=\"\" width=\"300\" height=\"240\" srcset=\"https:\/\/violmax.pl\/wp-content\/uploads\/2023\/03\/Solina_kufel_do_piwa_bremen_667_ml_zapora_szron-300x240.png 300w, https:\/\/violmax.pl\/wp-content\/uploads\/2023\/03\/Solina_kufel_do_piwa_bremen_667_ml_zapora_szron-768x614.png 768w, https:\/\/violmax.pl\/wp-content\/uploads\/2023\/03\/Solina_kufel_do_piwa_bremen_667_ml_zapora_szron-320x256.png 320w, https:\/\/violmax.pl\/wp-content\/uploads\/2023\/03\/Solina_kufel_do_piwa_bremen_667_ml_zapora_szron-680x544.png 680w, https:\/\/violmax.pl\/wp-content\/uploads\/2023\/03\/Solina_kufel_do_piwa_bremen_667_ml_zapora_szron.png 900w\" sizes=\"(max-width: 300px) 100vw, 300px\" \/><\/p>\n<p>Kufel do piwa \u201dBREMEN\u201d o litra\u017cu 667 ml. Ca\u0142y kufel jest precyzyjnie wypiaskowany. W tym modelu widzimy motyw zapory, lasu, \u017cagl\u00f3wki. Kufel jest wypiaskowany ca\u0142y \u2013 na oko\u0142o. Ca\u0142o\u015b\u0107 jest bardzo szczeg\u00f3\u0142owo wypiaskowana. Zadbali\u015bmy o najmniejsze detale. Znakomicie sprawdzi si\u0119 jako kufel do codziennego u\u017cytku lub jako \u015bwietny upominek z Soliny. Idealny na prezent dla lubuj\u0105cych si\u0119 w piwie lub os\u00f3b, kt\u00f3re ceni\u0105 sobie pami\u0105tki ze smakiem. Ozdobi ka\u017cde wn\u0119trze i zachwyci go\u015bci. Idealna pami\u0105tka z Soliny. Nadaje si\u0119 do mycia w zmywarce.<\/p>\n","protected":false},"excerpt":{"rendered":"<div class=\"woocommerce-product-details__short-description\">\n<div class=\"woocommerce-product-details__short-description\">\n<p><img loading=\"lazy\" class=\"alignnone size-medium wp-image-4074\" src=\"http:\/\/violmax.pl\/wp-content\/uploads\/2020\/05\/VIOLMAX_POLSKA-11-300x28.jpg\" alt=\"\" width=\"300\" height=\"28\" \/><\/p>\n<p>&nbsp;<\/p>\n<p>Kufel do piwa \u201dBREMEN\u201d o litra\u017cu 667 ml. Ca\u0142y kufel jest precyzyjnie wypiaskowany. W tym modelu widzimy motyw zapory, lasu, \u017cagl\u00f3wki. Kufel jest wypiaskowany ca\u0142y \u2013 na oko\u0142o. Ca\u0142o\u015b\u0107 jest bardzo szczeg\u00f3\u0142owo wypiaskowana. Zadbali\u015bmy o najmniejsze detale. Znakomicie sprawdzi si\u0119 jako kufel do codziennego u\u017cytku lub jako \u015bwietny upominek z Soliny. Idealny na prezent dla lubuj\u0105cych si\u0119 w piwie lub os\u00f3b, kt\u00f3re ceni\u0105 sobie pami\u0105tki ze smakiem. Ozdobi ka\u017cde wn\u0119trze i zachwyci go\u015bci. Idealna pami\u0105tka z Soliny. Nadaje si\u0119 do mycia w zmywarce.<\/p>\n<p><strong><em>Minimalna ilo\u015b\u0107 zam\u00f3wienia \u2013 6 sztuk (1 opakowanie)<\/em><br \/>\n<\/strong><\/p>\n<p><strong><em>Towar sprzedawany na opakowania<\/em><\/strong><\/p>\n<h3><span style=\"color: #ff0000;\">PRZY DODAWANIU DO KOSZYKA, NALE\u017bY DODAWA\u0106 KROTNO\u015a\u0106\u00a0 LICZBY 6 &#8211; (1 opak)\u00a0 np: 6 ; 12 ; 18 itd<\/span><\/h3>\n<h3><strong>CENA ZA SZTUK\u0118.<\/strong><\/h3>\n<\/div>\n<\/div>\n","protected":false},"featured_media":9976,"comment_status":"open","ping_status":"closed","template":"","meta":[],"_links":{"self":[{"href":"https:\/\/violmax.pl\/index.php\/wp-json\/wp\/v2\/product\/9977"}],"collection":[{"href":"https:\/\/violmax.pl\/index.php\/wp-json\/wp\/v2\/product"}],"about":[{"href":"https:\/\/violmax.pl\/index.php\/wp-json\/wp\/v2\/types\/product"}],"replies":[{"embeddable":true,"href":"https:\/\/violmax.pl\/index.php\/wp-json\/wp\/v2\/comments?post=9977"}],"wp:featuredmedia":[{"embeddable":true,"href":"https:\/\/violmax.pl\/index.php\/wp-json\/wp\/v2\/media\/9976"}],"wp:attachment":[{"href":"https:\/\/violmax.pl\/index.php\/wp-json\/wp\/v2\/media?parent=9977"}],"curies":[{"name":"wp","href":"https:\/\/api.w.org\/{rel}","templated":true}]}}