{"id":9906,"date":"2023-03-22T20:07:52","date_gmt":"2023-03-22T19:07:52","guid":{"rendered":"http:\/\/violmax.pl\/?post_type=product&#038;p=9906"},"modified":"2025-12-02T12:46:16","modified_gmt":"2025-12-02T11:46:16","slug":"zakopane-kubek-kubas-kolor-400-ml-morskie-oko-szron","status":"publish","type":"product","link":"https:\/\/violmax.pl\/index.php\/produkt\/zakopane-kubek-kubas-kolor-400-ml-morskie-oko-szron\/","title":{"rendered":"ZAKOPANE, KUBEK \u201dKUBAS\u201d KOLOR 400 ML, MORSKIE OKO SCHRONISKO, SZRON"},"content":{"rendered":"<p><img loading=\"lazy\" class=\"alignnone size-medium wp-image-9902\" src=\"http:\/\/violmax.pl\/wp-content\/uploads\/2023\/03\/Zakopane_kubek_kubas_kolor_400_ml_morskie_oko_szron-300x240.png\" alt=\"\" width=\"300\" height=\"240\" srcset=\"https:\/\/violmax.pl\/wp-content\/uploads\/2023\/03\/Zakopane_kubek_kubas_kolor_400_ml_morskie_oko_szron-300x240.png 300w, https:\/\/violmax.pl\/wp-content\/uploads\/2023\/03\/Zakopane_kubek_kubas_kolor_400_ml_morskie_oko_szron-768x614.png 768w, https:\/\/violmax.pl\/wp-content\/uploads\/2023\/03\/Zakopane_kubek_kubas_kolor_400_ml_morskie_oko_szron-320x256.png 320w, https:\/\/violmax.pl\/wp-content\/uploads\/2023\/03\/Zakopane_kubek_kubas_kolor_400_ml_morskie_oko_szron-680x544.png 680w, https:\/\/violmax.pl\/wp-content\/uploads\/2023\/03\/Zakopane_kubek_kubas_kolor_400_ml_morskie_oko_szron.png 900w\" sizes=\"(max-width: 300px) 100vw, 300px\" \/><\/p>\n<p>Kubek \u201dKubas\u201d to kubek w oryginalnym kszta\u0142cie o pojemno\u015bci 400 ml z uchem. Dna kubka zosta\u0142o ozdobione r\u00f3\u017cnymi kolorami. W ka\u017cdym opakowaniu tj. 6 sztuk, znajduje si\u0119 sze\u015b\u0107 r\u00f3\u017cnych kolor\u00f3w. Zosta\u0142 on precyzyjnie wypiaskowany. Piaskowanie sprawia \u017ce kubek wygl\u0105da jak by by\u0142 zmro\u017cony. Bardzo wygodny, pojemny kubek, kt\u00f3ry nada si\u0119 praktycznie do ka\u017cdego rodzaju napoj\u00f3w\/trunk\u00f3w.Idealna pami\u0105tka z Zakopanego. Nadaje si\u0119 do mycia w zmywarce.<\/p>\n","protected":false},"excerpt":{"rendered":"<div class=\"woocommerce-product-details__short-description\">\n<div class=\"woocommerce-product-details__short-description\">\n<div class=\"woocommerce-product-details__short-description\">\n<p><img loading=\"lazy\" class=\"alignnone size-medium wp-image-4222\" src=\"http:\/\/violmax.pl\/wp-content\/uploads\/2020\/05\/VIOLMAX_POLSKA-5-300x28.jpg\" alt=\"\" width=\"300\" height=\"28\" \/><\/p>\n<p>&nbsp;<\/p>\n<p>Kubek \u201dKubas\u201d to kubek w oryginalnym kszta\u0142cie o pojemno\u015bci 400 ml z uchem. Dna kubka zosta\u0142o ozdobione r\u00f3\u017cnymi kolorami. W ka\u017cdym opakowaniu tj. 6 sztuk, znajduje si\u0119 sze\u015b\u0107 r\u00f3\u017cnych kolor\u00f3w. Zosta\u0142 on precyzyjnie wypiaskowany. Piaskowanie sprawia \u017ce kubek wygl\u0105da jak by by\u0142 zmro\u017cony. Bardzo wygodny, pojemny kubek, kt\u00f3ry nada si\u0119 praktycznie do ka\u017cdego rodzaju napoj\u00f3w\/trunk\u00f3w.Idealna pami\u0105tka z Zakopanego. Nadaje si\u0119 do mycia w zmywarce.<\/p>\n<p><strong><em>Minimalna ilo\u015b\u0107 zam\u00f3wienia \u2013 6 sztuk (1 opakowanie)<\/em><br \/>\n<\/strong><\/p>\n<p><strong><em>Towar sprzedawany na opakowania<\/em><\/strong><\/p>\n<h3><span style=\"color: #ff0000;\">PRZY DODAWANIU DO KOSZYKA, NALE\u017bY DODAWA\u0106 KROTNO\u015a\u0106\u00a0 LICZBY 6 &#8211; (1 opak)\u00a0 np: 6 ; 12 ; 18 itd<\/span><\/h3>\n<h3><strong>CENA ZA SZTUK\u0118.<\/strong><\/h3>\n<\/div>\n<\/div>\n<\/div>\n","protected":false},"featured_media":9902,"comment_status":"open","ping_status":"closed","template":"","meta":[],"_links":{"self":[{"href":"https:\/\/violmax.pl\/index.php\/wp-json\/wp\/v2\/product\/9906"}],"collection":[{"href":"https:\/\/violmax.pl\/index.php\/wp-json\/wp\/v2\/product"}],"about":[{"href":"https:\/\/violmax.pl\/index.php\/wp-json\/wp\/v2\/types\/product"}],"replies":[{"embeddable":true,"href":"https:\/\/violmax.pl\/index.php\/wp-json\/wp\/v2\/comments?post=9906"}],"wp:featuredmedia":[{"embeddable":true,"href":"https:\/\/violmax.pl\/index.php\/wp-json\/wp\/v2\/media\/9902"}],"wp:attachment":[{"href":"https:\/\/violmax.pl\/index.php\/wp-json\/wp\/v2\/media?parent=9906"}],"curies":[{"name":"wp","href":"https:\/\/api.w.org\/{rel}","templated":true}]}}