{"id":9884,"date":"2023-03-21T21:29:52","date_gmt":"2023-03-21T20:29:52","guid":{"rendered":"http:\/\/violmax.pl\/?post_type=product&#038;p=9884"},"modified":"2025-12-02T12:46:18","modified_gmt":"2025-12-02T11:46:18","slug":"szklarska-poreba-szklanka-do-whisky-aga-325-ml-szrenica-duch-gor-2-szron","status":"publish","type":"product","link":"https:\/\/violmax.pl\/index.php\/produkt\/szklarska-poreba-szklanka-do-whisky-aga-325-ml-szrenica-duch-gor-2-szron\/","title":{"rendered":"SZKLARSKA POR\u0118BA, SZKLANKA DO WHISKY &#8220;AGA&#8221; 325 ML, SZRENICA + DUCH G\u00d3R 2, SZRON"},"content":{"rendered":"<p><img loading=\"lazy\" class=\"alignnone size-medium wp-image-9879\" src=\"http:\/\/violmax.pl\/wp-content\/uploads\/2023\/03\/Szklarska_Poreba_szklanka_do_whisky_aga_325_ml_szrenica_duch_gor_2_szron-300x240.png\" alt=\"\" width=\"300\" height=\"240\" srcset=\"https:\/\/violmax.pl\/wp-content\/uploads\/2023\/03\/Szklarska_Poreba_szklanka_do_whisky_aga_325_ml_szrenica_duch_gor_2_szron-300x240.png 300w, https:\/\/violmax.pl\/wp-content\/uploads\/2023\/03\/Szklarska_Poreba_szklanka_do_whisky_aga_325_ml_szrenica_duch_gor_2_szron-768x614.png 768w, https:\/\/violmax.pl\/wp-content\/uploads\/2023\/03\/Szklarska_Poreba_szklanka_do_whisky_aga_325_ml_szrenica_duch_gor_2_szron-320x256.png 320w, https:\/\/violmax.pl\/wp-content\/uploads\/2023\/03\/Szklarska_Poreba_szklanka_do_whisky_aga_325_ml_szrenica_duch_gor_2_szron-680x544.png 680w, https:\/\/violmax.pl\/wp-content\/uploads\/2023\/03\/Szklarska_Poreba_szklanka_do_whisky_aga_325_ml_szrenica_duch_gor_2_szron.png 900w\" sizes=\"(max-width: 300px) 100vw, 300px\" \/><\/p>\n<p>&nbsp;<\/p>\n<p>Szklanka do whisky &#8220;AGA&#8221; o pojemno\u015bci 325 ml. Wypiaskowana jest na niej Szrenica oraz &#8220;Duch G\u00f3r&#8221;. Szklanka posiada zdobnicze wg\u0142\u0119bienia a tym samym nadaje jej wyj\u0105tkowy wygl\u0105d. Wykonana jest z wysokiej jako\u015bci szk\u0142a. Przepi\u0119kna i dostojna pami\u0105tka z robi\u0105cymi wra\u017cenie zdobieniem. Idealna pami\u0105tka ze Szklarskiej Por\u0119by. Nadaje si\u0119 do mycia w zmywarce.<\/p>\n","protected":false},"excerpt":{"rendered":"<p><img loading=\"lazy\" class=\"alignnone size-full wp-image-5364\" src=\"http:\/\/violmax.pl\/wp-content\/uploads\/2020\/10\/VIOLMAX_POLSKA-3.jpg\" alt=\"\" width=\"300\" height=\"28\" \/><\/p>\n<p>&nbsp;<\/p>\n<p>Szklanka do whisky &#8220;AGA&#8221; o pojemno\u015bci 325 ml. Wypiaskowana jest na niej Szrenica oraz &#8220;Duch G\u00f3r&#8221;. Szklanka posiada zdobnicze wg\u0142\u0119bienia a tym samym nadaje jej wyj\u0105tkowy wygl\u0105d. Wykonana jest z wysokiej jako\u015bci szk\u0142a. Przepi\u0119kna i dostojna pami\u0105tka z robi\u0105cymi wra\u017cenie zdobieniem. Idealna pami\u0105tka ze Szklarskiej Por\u0119by. Nadaje si\u0119 do mycia w zmywarce.<\/p>\n<p><strong><em>Minimalna ilo\u015b\u0107 zam\u00f3wienia &#8211; 6 sztuk (1 opakowanie)<\/em><br \/>\n<\/strong><\/p>\n<p><strong><em>Towar sprzedawany na opakowania<\/em><\/strong><\/p>\n<h3><span style=\"color: #ff0000;\">PRZY DODAWANIU DO KOSZYKA, NALE\u017bY DODAWA\u0106 KROTNO\u015a\u0106\u00a0 LICZBY 6 &#8211; (1 opak)\u00a0 np: 6 ; 12 ; 18 itd<\/span><\/h3>\n<h3><strong>CENA ZA SZTUK\u0118.<\/strong><\/h3>\n<h2><strong>\u00a0<\/strong><\/h2>\n","protected":false},"featured_media":9879,"comment_status":"open","ping_status":"closed","template":"","meta":[],"_links":{"self":[{"href":"https:\/\/violmax.pl\/index.php\/wp-json\/wp\/v2\/product\/9884"}],"collection":[{"href":"https:\/\/violmax.pl\/index.php\/wp-json\/wp\/v2\/product"}],"about":[{"href":"https:\/\/violmax.pl\/index.php\/wp-json\/wp\/v2\/types\/product"}],"replies":[{"embeddable":true,"href":"https:\/\/violmax.pl\/index.php\/wp-json\/wp\/v2\/comments?post=9884"}],"wp:featuredmedia":[{"embeddable":true,"href":"https:\/\/violmax.pl\/index.php\/wp-json\/wp\/v2\/media\/9879"}],"wp:attachment":[{"href":"https:\/\/violmax.pl\/index.php\/wp-json\/wp\/v2\/media?parent=9884"}],"curies":[{"name":"wp","href":"https:\/\/api.w.org\/{rel}","templated":true}]}}