{"id":9865,"date":"2023-03-19T22:17:23","date_gmt":"2023-03-19T21:17:23","guid":{"rendered":"http:\/\/violmax.pl\/?post_type=product&#038;p=9865"},"modified":"2025-12-02T12:46:18","modified_gmt":"2025-12-02T11:46:18","slug":"poznan-kieliszek-do-wina-adam-350-ml-czarna-stopka-koziolki-ratusz-szron","status":"publish","type":"product","link":"https:\/\/violmax.pl\/index.php\/produkt\/poznan-kieliszek-do-wina-adam-350-ml-czarna-stopka-koziolki-ratusz-szron\/","title":{"rendered":"POZNA\u0143, KIELISZEK DO WINA &#8220;ADAM&#8221; 350 ML CZARNA STOPKA, KOZIO\u0141KI POZNA\u0143SKIE + RATUSZ, SZRON"},"content":{"rendered":"<p><img loading=\"lazy\" class=\"alignnone size-medium wp-image-9864\" src=\"https:\/\/violmax.pl\/wp-content\/uploads\/2023\/03\/Poznan_kieliszek_do_wina_adam_350_ml_czarna_stopka_koziolki_ratusz_szron-300x300.png\" alt=\"\" width=\"300\" height=\"300\" srcset=\"https:\/\/violmax.pl\/wp-content\/uploads\/2023\/03\/Poznan_kieliszek_do_wina_adam_350_ml_czarna_stopka_koziolki_ratusz_szron-300x300.png 300w, https:\/\/violmax.pl\/wp-content\/uploads\/2023\/03\/Poznan_kieliszek_do_wina_adam_350_ml_czarna_stopka_koziolki_ratusz_szron-768x768.png 768w, https:\/\/violmax.pl\/wp-content\/uploads\/2023\/03\/Poznan_kieliszek_do_wina_adam_350_ml_czarna_stopka_koziolki_ratusz_szron-680x680.png 680w, https:\/\/violmax.pl\/wp-content\/uploads\/2023\/03\/Poznan_kieliszek_do_wina_adam_350_ml_czarna_stopka_koziolki_ratusz_szron-100x100.png 100w, https:\/\/violmax.pl\/wp-content\/uploads\/2023\/03\/Poznan_kieliszek_do_wina_adam_350_ml_czarna_stopka_koziolki_ratusz_szron.png 900w\" sizes=\"(max-width: 300px) 100vw, 300px\" \/><\/p>\n<p>Kieliszek do wina &#8220;ADAM&#8221; o pojemno\u015bci 350 ml, wykonany z wysokiej jako\u015bci szk\u0142a, bardzo mocny i porz\u0105dny. Kieliszek jest wypiaskowany, co sprawia wra\u017cenie jak by by\u0142 zmro\u017cony. Na kieliszku widniej\u0105 KOZIO\u0141KI POZNA\u0143SKIE ORAZ RATUSZ a z ty\u0142u napis &#8220;POZNA\u0143&#8221;. Stopka jest w kolorze czarnym.\u00a0 Bardzo elegancki pomys\u0142 na prezent. Idealna pami\u0105tka z Poznania.<\/p>\n<p>&nbsp;<\/p>\n","protected":false},"excerpt":{"rendered":"<p><img loading=\"lazy\" class=\"alignnone size-full wp-image-5364\" src=\"http:\/\/violmax.pl\/wp-content\/uploads\/2020\/10\/VIOLMAX_POLSKA-3.jpg\" alt=\"\" width=\"300\" height=\"28\" \/><\/p>\n<p>&nbsp;<\/p>\n<p>Kieliszek do wina &#8220;ADAM&#8221; o pojemno\u015bci 350 ml, wykonany z wysokiej jako\u015bci szk\u0142a, bardzo mocny i porz\u0105dny. Kieliszek jest wypiaskowany, co sprawia wra\u017cenie jak by by\u0142 zmro\u017cony. Na kieliszku widniej\u0105 KOZIO\u0141KI POZNA\u0143SKIE ORAZ RATUSZ a z ty\u0142u napis &#8220;POZNA\u0143&#8221;. Stopka jest w kolorze czarnym.\u00a0 Bardzo elegancki pomys\u0142 na prezent. Idealna pami\u0105tka z Poznania.<\/p>\n<p><strong><em>Minimalna ilo\u015b\u0107 zam\u00f3wienia &#8211; 6 sztuk (1 opakowanie)<\/em><br \/>\n<\/strong><\/p>\n<p><strong><em>Towar sprzedawany na opakowania<\/em><\/strong><\/p>\n<h3><span style=\"color: #ff0000;\">PRZY DODAWANIU DO KOSZYKA, NALE\u017bY DODAWA\u0106 KROTNO\u015a\u0106\u00a0 LICZBY 6 &#8211; (1 opak)\u00a0 np: 6 ; 12 ; 18 itd<\/span><\/h3>\n<h3><strong>CENA ZA SZTUK\u0118.<\/strong><\/h3>\n","protected":false},"featured_media":9864,"comment_status":"open","ping_status":"closed","template":"","meta":[],"_links":{"self":[{"href":"https:\/\/violmax.pl\/index.php\/wp-json\/wp\/v2\/product\/9865"}],"collection":[{"href":"https:\/\/violmax.pl\/index.php\/wp-json\/wp\/v2\/product"}],"about":[{"href":"https:\/\/violmax.pl\/index.php\/wp-json\/wp\/v2\/types\/product"}],"replies":[{"embeddable":true,"href":"https:\/\/violmax.pl\/index.php\/wp-json\/wp\/v2\/comments?post=9865"}],"wp:featuredmedia":[{"embeddable":true,"href":"https:\/\/violmax.pl\/index.php\/wp-json\/wp\/v2\/media\/9864"}],"wp:attachment":[{"href":"https:\/\/violmax.pl\/index.php\/wp-json\/wp\/v2\/media?parent=9865"}],"curies":[{"name":"wp","href":"https:\/\/api.w.org\/{rel}","templated":true}]}}