{"id":985,"date":"2019-09-05T12:19:03","date_gmt":"2019-09-05T10:19:03","guid":{"rendered":"http:\/\/violmax.wroclaw.pl\/?post_type=product&#038;p=985"},"modified":"2025-12-02T13:29:58","modified_gmt":"2025-12-02T12:29:58","slug":"darlowko-kubek-apollo-350-ml-zaglowiec-szron","status":"publish","type":"product","link":"https:\/\/violmax.pl\/index.php\/produkt\/darlowko-kubek-apollo-350-ml-zaglowiec-szron\/","title":{"rendered":"DAR\u0141\u00d3WKO, KUBEK &#8220;APOLLO&#8221; 350 ML, \u017bAGLOWIEC SZRON"},"content":{"rendered":"<p><img loading=\"lazy\" class=\"alignnone size-medium wp-image-8349\" src=\"http:\/\/violmax.pl\/wp-content\/uploads\/2019\/09\/Darlowko_kubek_apollo_350_ml_zaglowiec_1_szron-300x300.png\" alt=\"\" width=\"300\" height=\"300\" srcset=\"https:\/\/violmax.pl\/wp-content\/uploads\/2019\/09\/Darlowko_kubek_apollo_350_ml_zaglowiec_1_szron-300x300.png 300w, https:\/\/violmax.pl\/wp-content\/uploads\/2019\/09\/Darlowko_kubek_apollo_350_ml_zaglowiec_1_szron-150x150.png 150w, https:\/\/violmax.pl\/wp-content\/uploads\/2019\/09\/Darlowko_kubek_apollo_350_ml_zaglowiec_1_szron-768x768.png 768w, https:\/\/violmax.pl\/wp-content\/uploads\/2019\/09\/Darlowko_kubek_apollo_350_ml_zaglowiec_1_szron-680x680.png 680w, https:\/\/violmax.pl\/wp-content\/uploads\/2019\/09\/Darlowko_kubek_apollo_350_ml_zaglowiec_1_szron-100x100.png 100w, https:\/\/violmax.pl\/wp-content\/uploads\/2019\/09\/Darlowko_kubek_apollo_350_ml_zaglowiec_1_szron.png 900w\" sizes=\"(max-width: 300px) 100vw, 300px\" \/><\/p>\n<p>Kubek o pojemno\u015bci 350 ml o ciekawym kszta\u0142cie (niski z uchem). Nadaje si\u0119 generalnie do ka\u017cdego rodzaju napoj\u00f3w (woda,soki,herbata,napoje gor\u0105ce). Pi\u0119kne zdobienia, z motywem \u017caglowca \u2013 wypiaskowane dodaj\u0105 kubkowi niepowtarzalnego uroku.Na pami\u0105tce wypiaskowana jest tak\u017ce nazwa miejscowo\u015bci \u201dDar\u0142\u00f3wko\u201d. Ka\u017cdy szczeg\u00f3\u0142 wykonany jest z precyzyjn\u0105 dok\u0142adno\u015bci\u0105. Na kubku wida\u0107 wypiaskowane nawet najmniejsze elementy dzi\u0119ki czemu zwyk\u0142y kubek nabra\u0142 oryginalnego wygl\u0105du. Idealna pami\u0105tka z Dar\u0142\u00f3wka. Nadaje si\u0119 do mycia w zmywarce.<\/p>\n","protected":false},"excerpt":{"rendered":"<p><img loading=\"lazy\" class=\"alignnone size-full wp-image-5364\" src=\"http:\/\/violmax.pl\/wp-content\/uploads\/2020\/10\/VIOLMAX_POLSKA-3.jpg\" alt=\"\" width=\"300\" height=\"28\" \/><\/p>\n<p>&nbsp;<\/p>\n<p>Kubek o pojemno\u015bci 350 ml o ciekawym kszta\u0142cie (niski z uchem). Nadaje si\u0119 generalnie do ka\u017cdego rodzaju napoj\u00f3w (woda,soki,herbata,napoje gor\u0105ce). Pi\u0119kne zdobienia, z motywem \u017caglowca \u2013 wypiaskowane dodaj\u0105 kubkowi niepowtarzalnego uroku.Na pami\u0105tce wypiaskowana jest tak\u017ce nazwa miejscowo\u015bci \u201dDar\u0142\u00f3wko\u201d. Ka\u017cdy szczeg\u00f3\u0142 wykonany jest z precyzyjn\u0105 dok\u0142adno\u015bci\u0105. Na kubku wida\u0107 wypiaskowane nawet najmniejsze elementy dzi\u0119ki czemu zwyk\u0142y kubek nabra\u0142 oryginalnego wygl\u0105du. Idealna pami\u0105tka z Dar\u0142\u00f3wka. Nadaje si\u0119 do mycia w zmywarce.<\/p>\n<p><strong><em>Minimalna ilo\u015b\u0107 zam\u00f3wienia &#8211; 9 sztuk (1 opakowanie)<\/em><br \/>\n<\/strong><\/p>\n<p><strong><em>Towar sprzedawany na opakowania<\/em><\/strong><\/p>\n<h3><span style=\"color: #ff0000;\">PRZY DODAWANIU DO KOSZYKA, NALE\u017bY DODAWA\u0106 KROTNO\u015a\u0106\u00a0 LICZBY 9 &#8211; (1 opak)\u00a0 np: 9 ; 18 ; 27 itd<\/span><\/h3>\n<h3><strong>CENA ZA SZTUK\u0118.<\/strong><\/h3>\n","protected":false},"featured_media":8349,"comment_status":"open","ping_status":"closed","template":"","meta":[],"_links":{"self":[{"href":"https:\/\/violmax.pl\/index.php\/wp-json\/wp\/v2\/product\/985"}],"collection":[{"href":"https:\/\/violmax.pl\/index.php\/wp-json\/wp\/v2\/product"}],"about":[{"href":"https:\/\/violmax.pl\/index.php\/wp-json\/wp\/v2\/types\/product"}],"replies":[{"embeddable":true,"href":"https:\/\/violmax.pl\/index.php\/wp-json\/wp\/v2\/comments?post=985"}],"wp:featuredmedia":[{"embeddable":true,"href":"https:\/\/violmax.pl\/index.php\/wp-json\/wp\/v2\/media\/8349"}],"wp:attachment":[{"href":"https:\/\/violmax.pl\/index.php\/wp-json\/wp\/v2\/media?parent=985"}],"curies":[{"name":"wp","href":"https:\/\/api.w.org\/{rel}","templated":true}]}}