{"id":971,"date":"2019-09-05T11:47:20","date_gmt":"2019-09-05T09:47:20","guid":{"rendered":"http:\/\/violmax.wroclaw.pl\/?post_type=product&#038;p=971"},"modified":"2025-12-02T13:29:59","modified_gmt":"2025-12-02T12:29:59","slug":"zamosc-szklanka-do-whisky-kwadrat-250-ml-ratusz-szron","status":"publish","type":"product","link":"https:\/\/violmax.pl\/index.php\/produkt\/zamosc-szklanka-do-whisky-kwadrat-250-ml-ratusz-szron\/","title":{"rendered":"ZAMO\u015a\u0106, SZKLANKA DO WHISKY &#8220;KWADRAT&#8221; 250 ML, RATUSZ SZRON"},"content":{"rendered":"<p><img loading=\"lazy\" class=\"alignnone size-medium wp-image-974\" src=\"http:\/\/violmax.pl\/wp-content\/uploads\/2019\/09\/SZKLANKA-WHISKEY-2-DOCELOWY--176x300.jpg\" alt=\"\" width=\"176\" height=\"300\" srcset=\"https:\/\/violmax.pl\/wp-content\/uploads\/2019\/09\/SZKLANKA-WHISKEY-2-DOCELOWY--176x300.jpg 176w, https:\/\/violmax.pl\/wp-content\/uploads\/2019\/09\/SZKLANKA-WHISKEY-2-DOCELOWY--768x1308.jpg 768w, https:\/\/violmax.pl\/wp-content\/uploads\/2019\/09\/SZKLANKA-WHISKEY-2-DOCELOWY--601x1024.jpg 601w, https:\/\/violmax.pl\/wp-content\/uploads\/2019\/09\/SZKLANKA-WHISKEY-2-DOCELOWY--680x1158.jpg 680w\" sizes=\"(max-width: 176px) 100vw, 176px\" \/><img loading=\"lazy\" class=\"alignnone size-medium wp-image-973\" src=\"http:\/\/violmax.pl\/wp-content\/uploads\/2019\/09\/SZKLANKA-WHISKEY-DOCELOWY-169x300.jpg\" alt=\"\" width=\"169\" height=\"300\" srcset=\"https:\/\/violmax.pl\/wp-content\/uploads\/2019\/09\/SZKLANKA-WHISKEY-DOCELOWY-169x300.jpg 169w, https:\/\/violmax.pl\/wp-content\/uploads\/2019\/09\/SZKLANKA-WHISKEY-DOCELOWY-768x1366.jpg 768w, https:\/\/violmax.pl\/wp-content\/uploads\/2019\/09\/SZKLANKA-WHISKEY-DOCELOWY-576x1024.jpg 576w, https:\/\/violmax.pl\/wp-content\/uploads\/2019\/09\/SZKLANKA-WHISKEY-DOCELOWY-680x1210.jpg 680w\" sizes=\"(max-width: 169px) 100vw, 169px\" \/><\/p>\n<p>Szklanka do Whisky o pojemno\u015bci 250 ml. Porz\u0105dne szk\u0142o,grube szk\u0142o. Na szklance wypiaskowany zosta\u0142 motyw Ratusza,oraz nazwa miejscowo\u015bci. Pami\u0105tka dla ka\u017cdego, idealny prezent. Sprawdzi si\u0119 jako szk\u0142o do u\u017cytku codziennego oraz jako ozdoba np w salonie \u2013 w barku.Idealna pami\u0105tka z Zamo\u015bcia.<\/p>\n<p>&nbsp;<\/p>\n","protected":false},"excerpt":{"rendered":"<p><img loading=\"lazy\" class=\"alignnone size-full wp-image-5364\" src=\"http:\/\/violmax.pl\/wp-content\/uploads\/2020\/10\/VIOLMAX_POLSKA-3.jpg\" alt=\"\" width=\"300\" height=\"28\" \/><\/p>\n<p>&nbsp;<\/p>\n<p>Szklanka do Whisky o pojemno\u015bci 250 ml. Porz\u0105dne szk\u0142o,grube szk\u0142o. Na szklance wypiaskowany zosta\u0142 motyw Ratusza,oraz nazwa miejscowo\u015bci. Pami\u0105tka dla ka\u017cdego, idealny prezent. Sprawdzi si\u0119 jako szk\u0142o do u\u017cytku codziennego oraz jako ozdoba np w salonie \u2013 w barku.Idealna pami\u0105tka z Zamo\u015bcia.<\/p>\n<p><strong><em>Minimalna ilo\u015b\u0107 zam\u00f3wienia &#8211; 6 sztuk (1 opakowanie)<\/em><br \/>\n<\/strong><\/p>\n<p><strong><em>Towar sprzedawany na opakowania<\/em><\/strong><\/p>\n<h3><span style=\"color: #ff0000;\">PRZY DODAWANIU DO KOSZYKA, NALE\u017bY DODAWA\u0106 KROTNO\u015a\u0106\u00a0 LICZBY 6 &#8211; (1 opak)\u00a0 np: 6 ; 12 ; 18 itd<\/span><\/h3>\n<h3><strong>CENA ZA SZTUK\u0118.<\/strong><\/h3>\n","protected":false},"featured_media":974,"comment_status":"open","ping_status":"closed","template":"","meta":[],"_links":{"self":[{"href":"https:\/\/violmax.pl\/index.php\/wp-json\/wp\/v2\/product\/971"}],"collection":[{"href":"https:\/\/violmax.pl\/index.php\/wp-json\/wp\/v2\/product"}],"about":[{"href":"https:\/\/violmax.pl\/index.php\/wp-json\/wp\/v2\/types\/product"}],"replies":[{"embeddable":true,"href":"https:\/\/violmax.pl\/index.php\/wp-json\/wp\/v2\/comments?post=971"}],"wp:featuredmedia":[{"embeddable":true,"href":"https:\/\/violmax.pl\/index.php\/wp-json\/wp\/v2\/media\/974"}],"wp:attachment":[{"href":"https:\/\/violmax.pl\/index.php\/wp-json\/wp\/v2\/media?parent=971"}],"curies":[{"name":"wp","href":"https:\/\/api.w.org\/{rel}","templated":true}]}}