{"id":9675,"date":"2023-03-13T21:19:05","date_gmt":"2023-03-13T20:19:05","guid":{"rendered":"http:\/\/violmax.pl\/?post_type=product&#038;p=9675"},"modified":"2025-12-02T12:51:00","modified_gmt":"2025-12-02T11:51:00","slug":"debki-kubek-kubas-kolor-400-ml-kapitan-szron","status":"publish","type":"product","link":"https:\/\/violmax.pl\/index.php\/produkt\/debki-kubek-kubas-kolor-400-ml-kapitan-szron\/","title":{"rendered":"D\u0118BKI, KUBEK \u201dKUBAS\u201d KOLOR 400 ml, KAPITAN SZRON"},"content":{"rendered":"<p><img loading=\"lazy\" class=\"alignnone size-medium wp-image-10551\" src=\"https:\/\/violmax.pl\/wp-content\/uploads\/2024\/02\/Debki_kubek_kubas_kolor_400-ml_kapitan_szron-300x240.png\" alt=\"\" width=\"300\" height=\"240\" srcset=\"https:\/\/violmax.pl\/wp-content\/uploads\/2024\/02\/Debki_kubek_kubas_kolor_400-ml_kapitan_szron-300x240.png 300w, https:\/\/violmax.pl\/wp-content\/uploads\/2024\/02\/Debki_kubek_kubas_kolor_400-ml_kapitan_szron-768x614.png 768w, https:\/\/violmax.pl\/wp-content\/uploads\/2024\/02\/Debki_kubek_kubas_kolor_400-ml_kapitan_szron-320x256.png 320w, https:\/\/violmax.pl\/wp-content\/uploads\/2024\/02\/Debki_kubek_kubas_kolor_400-ml_kapitan_szron-680x544.png 680w, https:\/\/violmax.pl\/wp-content\/uploads\/2024\/02\/Debki_kubek_kubas_kolor_400-ml_kapitan_szron.png 900w\" sizes=\"(max-width: 300px) 100vw, 300px\" \/><\/p>\n<p>Kubek \u201dKubas\u201d kolor ,to kubek w oryginalnym kszta\u0142cie o pojemno\u015bci 400 ml. Zosta\u0142y precyzyjnie wypiaskowany kapitan i nazwa miejscowo\u015bci &#8221;D\u0119bki&#8221;. Jego dno jest ozdobione w r\u00f3\u017cnych kolorach a technika piaskowania sprawia wra\u017cenie jak by kubek by\u0142 zmro\u017cony. Bardzo wygodny, pojemny kubek, kt\u00f3ry nada si\u0119 praktycznie do ka\u017cdego rodzaju napoj\u00f3w\/trunk\u00f3w. Idealna pami\u0105tka z D\u0119bek. Nadaje si\u0119 do mycia w zmywarce.<\/p>\n","protected":false},"excerpt":{"rendered":"<p><img loading=\"lazy\" class=\"alignnone size-medium wp-image-3492\" src=\"http:\/\/violmax.pl\/wp-content\/uploads\/2020\/05\/VIOLMAX_POLSKA-300x28.jpg\" alt=\"\" width=\"300\" height=\"28\" \/><\/p>\n<div class=\"woocommerce-product-details__short-description\">\n<div class=\"woocommerce-product-details__short-description\">\n<p>&nbsp;<\/p>\n<p>Kubek \u201dKubas\u201d kolor ,to kubek w oryginalnym kszta\u0142cie o pojemno\u015bci 400 ml. Zosta\u0142y precyzyjnie wypiaskowany kapitan i nazwa miejscowo\u015bci &#8221;D\u0119bki&#8221;. Jego dno jest ozdobione w r\u00f3\u017cnych kolorach a technika piaskowania sprawia wra\u017cenie jak by kubek by\u0142 zmro\u017cony. Bardzo wygodny, pojemny kubek, kt\u00f3ry nada si\u0119 praktycznie do ka\u017cdego rodzaju napoj\u00f3w\/trunk\u00f3w. Idealna pami\u0105tka z D\u0119bek. Nadaje si\u0119 do mycia w zmywarce.<\/p>\n<p><strong><em>Minimalna ilo\u015b\u0107 zam\u00f3wienia \u2013 6 sztuk (1 opakowanie)<\/em><br \/>\n<\/strong><\/p>\n<p><strong><em>Towar sprzedawany na opakowania<\/em><\/strong><\/p>\n<h3><span style=\"color: #ff0000;\">PRZY DODAWANIU DO KOSZYKA, NALE\u017bY DODAWA\u0106 KROTNO\u015a\u0106\u00a0 LICZBY 6 &#8211; (1 opak)\u00a0 np: 6 ; 12 ; 18 itd<\/span><\/h3>\n<h3><strong>CENA ZA SZTUK\u0118.<\/strong><\/h3>\n<\/div>\n<\/div>\n","protected":false},"featured_media":10551,"comment_status":"open","ping_status":"closed","template":"","meta":[],"_links":{"self":[{"href":"https:\/\/violmax.pl\/index.php\/wp-json\/wp\/v2\/product\/9675"}],"collection":[{"href":"https:\/\/violmax.pl\/index.php\/wp-json\/wp\/v2\/product"}],"about":[{"href":"https:\/\/violmax.pl\/index.php\/wp-json\/wp\/v2\/types\/product"}],"replies":[{"embeddable":true,"href":"https:\/\/violmax.pl\/index.php\/wp-json\/wp\/v2\/comments?post=9675"}],"wp:featuredmedia":[{"embeddable":true,"href":"https:\/\/violmax.pl\/index.php\/wp-json\/wp\/v2\/media\/10551"}],"wp:attachment":[{"href":"https:\/\/violmax.pl\/index.php\/wp-json\/wp\/v2\/media?parent=9675"}],"curies":[{"name":"wp","href":"https:\/\/api.w.org\/{rel}","templated":true}]}}