{"id":9648,"date":"2023-02-18T21:44:33","date_gmt":"2023-02-18T20:44:33","guid":{"rendered":"http:\/\/violmax.pl\/?post_type=product&#038;p=9648"},"modified":"2026-01-10T08:26:32","modified_gmt":"2026-01-10T07:26:32","slug":"zloty-stok-kieliszek-do-wodki-krosno-shot-x-50-ml-kopalnia-wilk-szron","status":"publish","type":"product","link":"https:\/\/violmax.pl\/index.php\/produkt\/zloty-stok-kieliszek-do-wodki-krosno-shot-x-50-ml-kopalnia-wilk-szron\/","title":{"rendered":"Z\u0141OTY STOK, KIELISZEK DO W\u00d3DKI KROSNO  &#8220;X 50&#8221; ML, KOPALNIA Z\u0141OTA I WILK SZRON"},"content":{"rendered":"<p><img loading=\"lazy\" class=\"alignnone size-medium wp-image-9637\" src=\"http:\/\/violmax.pl\/wp-content\/uploads\/2023\/02\/Zloty_Stok_kieliszek_do_wodki_x_50_ml_kopalnia_wilk_szron-300x240.png\" alt=\"\" width=\"300\" height=\"240\" srcset=\"https:\/\/violmax.pl\/wp-content\/uploads\/2023\/02\/Zloty_Stok_kieliszek_do_wodki_x_50_ml_kopalnia_wilk_szron-300x240.png 300w, https:\/\/violmax.pl\/wp-content\/uploads\/2023\/02\/Zloty_Stok_kieliszek_do_wodki_x_50_ml_kopalnia_wilk_szron-768x614.png 768w, https:\/\/violmax.pl\/wp-content\/uploads\/2023\/02\/Zloty_Stok_kieliszek_do_wodki_x_50_ml_kopalnia_wilk_szron-320x256.png 320w, https:\/\/violmax.pl\/wp-content\/uploads\/2023\/02\/Zloty_Stok_kieliszek_do_wodki_x_50_ml_kopalnia_wilk_szron-680x544.png 680w, https:\/\/violmax.pl\/wp-content\/uploads\/2023\/02\/Zloty_Stok_kieliszek_do_wodki_x_50_ml_kopalnia_wilk_szron.png 900w\" sizes=\"(max-width: 300px) 100vw, 300px\" \/><\/p>\n<p>&nbsp;<\/p>\n<p>Kieliszek do w\u00f3dki Krosno &#8220;SHOT X 50&#8221; o pojemno\u015bci 50 ml. Elegancki upominek z Kopalni Z\u0142ota w Z\u0142otym Stoku. Wypiaskowanie kieliszk\u00f3w sprawia wra\u017cenie jak by by\u0142y one zmro\u017cone. Wygodny kieliszek o du\u017cej pojemno\u015bci, dobrze trzyma si\u0119 w d\u0142oni.\u00a0 Wykonany jest z wysokiej jako\u015bci szk\u0142a. Nadaje si\u0119 do mycia w zmywarce.<\/p>\n","protected":false},"excerpt":{"rendered":"<p><img loading=\"lazy\" class=\"alignnone size-medium wp-image-3492\" src=\"http:\/\/violmax.pl\/wp-content\/uploads\/2020\/05\/VIOLMAX_POLSKA-300x28.jpg\" alt=\"\" width=\"300\" height=\"28\" \/><\/p>\n<p>Kieliszek do w\u00f3dki Krosno &#8220;SHOT X 50&#8221; o pojemno\u015bci 50 ml. Elegancki upominek z Kopalni Z\u0142ota w Z\u0142otym Stoku. Wypiaskowanie kieliszk\u00f3w sprawia wra\u017cenie jak by by\u0142y one zmro\u017cone. Wygodny kieliszek o du\u017cej pojemno\u015bci, dobrze trzyma si\u0119 w d\u0142oni.\u00a0 Wykonany jest z wysokiej jako\u015bci szk\u0142a. Nadaje si\u0119 do mycia w zmywarce.<\/p>\n<p><em><strong>Minimalna ilo\u015b\u0107 zam\u00f3wienia &#8211; 6 sztuk (1 opakowanie)<br \/>\n<\/strong><\/em><\/p>\n<p><strong><em>Towar sprzedawany na opakowania<\/em><\/strong><\/p>\n<h3><span style=\"color: #ff0000;\">PRZY DODAWANIU DO KOSZYKA, NALE\u017bY DODAWA\u0106 KROTNO\u015a\u0106\u00a0 LICZBY 6 &#8211; (1 opak)\u00a0 np: 6 ; 12 ; 18 itd<\/span><\/h3>\n<h3><strong>CENA ZA SZTUK\u0118.<\/strong><\/h3>\n<h2><strong>\u00a0<\/strong><\/h2>\n","protected":false},"featured_media":9637,"comment_status":"open","ping_status":"closed","template":"","meta":[],"_links":{"self":[{"href":"https:\/\/violmax.pl\/index.php\/wp-json\/wp\/v2\/product\/9648"}],"collection":[{"href":"https:\/\/violmax.pl\/index.php\/wp-json\/wp\/v2\/product"}],"about":[{"href":"https:\/\/violmax.pl\/index.php\/wp-json\/wp\/v2\/types\/product"}],"replies":[{"embeddable":true,"href":"https:\/\/violmax.pl\/index.php\/wp-json\/wp\/v2\/comments?post=9648"}],"wp:featuredmedia":[{"embeddable":true,"href":"https:\/\/violmax.pl\/index.php\/wp-json\/wp\/v2\/media\/9637"}],"wp:attachment":[{"href":"https:\/\/violmax.pl\/index.php\/wp-json\/wp\/v2\/media?parent=9648"}],"curies":[{"name":"wp","href":"https:\/\/api.w.org\/{rel}","templated":true}]}}