{"id":963,"date":"2019-09-05T11:34:29","date_gmt":"2019-09-05T09:34:29","guid":{"rendered":"http:\/\/violmax.wroclaw.pl\/?post_type=product&#038;p=963"},"modified":"2025-12-02T13:30:00","modified_gmt":"2025-12-02T12:30:00","slug":"zamosc-szklanka-do-piwa-05-litra-ratusz-szron","status":"publish","type":"product","link":"https:\/\/violmax.pl\/index.php\/produkt\/zamosc-szklanka-do-piwa-05-litra-ratusz-szron\/","title":{"rendered":"ZAMO\u015a\u0106, SZKLANKA DO PIWA &#8220;KROSNO&#8221; 0,5 LITRA, RATUSZ SZRON"},"content":{"rendered":"<p><img loading=\"lazy\" class=\"alignnone size-medium wp-image-966\" src=\"http:\/\/violmax.pl\/wp-content\/uploads\/2019\/09\/SZKLANKA-PIWO-DOCELOWY-164x300.jpg\" alt=\"\" width=\"164\" height=\"300\" srcset=\"https:\/\/violmax.pl\/wp-content\/uploads\/2019\/09\/SZKLANKA-PIWO-DOCELOWY-164x300.jpg 164w, https:\/\/violmax.pl\/wp-content\/uploads\/2019\/09\/SZKLANKA-PIWO-DOCELOWY-768x1403.jpg 768w, https:\/\/violmax.pl\/wp-content\/uploads\/2019\/09\/SZKLANKA-PIWO-DOCELOWY-560x1024.jpg 560w, https:\/\/violmax.pl\/wp-content\/uploads\/2019\/09\/SZKLANKA-PIWO-DOCELOWY-680x1243.jpg 680w\" sizes=\"(max-width: 164px) 100vw, 164px\" \/><img loading=\"lazy\" class=\"alignnone size-medium wp-image-965\" src=\"http:\/\/violmax.pl\/wp-content\/uploads\/2019\/09\/SZKLANKA-PIWO-2-DOCELOWY--178x300.jpg\" alt=\"\" width=\"178\" height=\"300\" srcset=\"https:\/\/violmax.pl\/wp-content\/uploads\/2019\/09\/SZKLANKA-PIWO-2-DOCELOWY--178x300.jpg 178w, https:\/\/violmax.pl\/wp-content\/uploads\/2019\/09\/SZKLANKA-PIWO-2-DOCELOWY--768x1291.jpg 768w, https:\/\/violmax.pl\/wp-content\/uploads\/2019\/09\/SZKLANKA-PIWO-2-DOCELOWY--609x1024.jpg 609w, https:\/\/violmax.pl\/wp-content\/uploads\/2019\/09\/SZKLANKA-PIWO-2-DOCELOWY--680x1143.jpg 680w\" sizes=\"(max-width: 178px) 100vw, 178px\" \/><\/p>\n<p>Szklanka do piwa o pojemno\u015bci 0,5 litra z wypiaskowanym motywem charakterystycznym dla Zamo\u015bcia oraz do po\u0142owy w szronie. Na szklance widnieje napis \u201dZamo\u015b\u0107\u201d oraz wypiaskowany zosta\u0142 dok\u0142adnie ratusz. Zwyk\u0142a szklanka dzi\u0119ki precyzyjnemu piaskowaniu nabra\u0142a oryginalno\u015bci. Idealna pami\u0105tka z Zamo\u015bcia.<\/p>\n","protected":false},"excerpt":{"rendered":"<p><img loading=\"lazy\" class=\"alignnone size-full wp-image-5364\" src=\"http:\/\/violmax.pl\/wp-content\/uploads\/2020\/10\/VIOLMAX_POLSKA-3.jpg\" alt=\"\" width=\"300\" height=\"28\" \/><\/p>\n<p>&nbsp;<\/p>\n<p>Szklanka do piwa o pojemno\u015bci 0,5 litra z wypiaskowanym motywem charakterystycznym dla Zamo\u015bcia oraz do po\u0142owy w szronie. Na szklance widnieje napis \u201dZamo\u015b\u0107\u201d oraz wypiaskowany zosta\u0142 dok\u0142adnie ratusz. Zwyk\u0142a szklanka dzi\u0119ki precyzyjnemu piaskowaniu nabra\u0142a oryginalno\u015bci. Idealna pami\u0105tka z Zamo\u015bcia.<\/p>\n<p><strong><em>Minimalna ilo\u015b\u0107 zam\u00f3wienia &#8211; 6 sztuk (1 opakowanie)<\/em><br \/>\n<\/strong><\/p>\n<p><strong><em>Towar sprzedawany na opakowania<\/em><\/strong><\/p>\n<h3><span style=\"color: #ff0000;\">PRZY DODAWANIU DO KOSZYKA, NALE\u017bY DODAWA\u0106 KROTNO\u015a\u0106\u00a0 LICZBY 6 &#8211; (1 opak)\u00a0 np: 6 ; 12 ; 18 itd<\/span><\/h3>\n<h3><strong>CENA ZA SZTUK\u0118.<\/strong><\/h3>\n","protected":false},"featured_media":966,"comment_status":"open","ping_status":"closed","template":"","meta":[],"_links":{"self":[{"href":"https:\/\/violmax.pl\/index.php\/wp-json\/wp\/v2\/product\/963"}],"collection":[{"href":"https:\/\/violmax.pl\/index.php\/wp-json\/wp\/v2\/product"}],"about":[{"href":"https:\/\/violmax.pl\/index.php\/wp-json\/wp\/v2\/types\/product"}],"replies":[{"embeddable":true,"href":"https:\/\/violmax.pl\/index.php\/wp-json\/wp\/v2\/comments?post=963"}],"wp:featuredmedia":[{"embeddable":true,"href":"https:\/\/violmax.pl\/index.php\/wp-json\/wp\/v2\/media\/966"}],"wp:attachment":[{"href":"https:\/\/violmax.pl\/index.php\/wp-json\/wp\/v2\/media?parent=963"}],"curies":[{"name":"wp","href":"https:\/\/api.w.org\/{rel}","templated":true}]}}