{"id":9629,"date":"2023-02-13T14:17:19","date_gmt":"2023-02-13T13:17:19","guid":{"rendered":"http:\/\/violmax.pl\/?post_type=product&#038;p=9629"},"modified":"2025-12-02T12:51:03","modified_gmt":"2025-12-02T11:51:03","slug":"klodzko-szklanka-do-piwa-viola-500-ml-twierdza-ratusz-most","status":"publish","type":"product","link":"https:\/\/violmax.pl\/index.php\/produkt\/klodzko-szklanka-do-piwa-viola-500-ml-twierdza-ratusz-most\/","title":{"rendered":"K\u0141ODZKO, SZKLANKA DO PIWA &#8220;VIOLA&#8221; 568 ML TWIERDZA,RATUSZ,MOST, SZRON"},"content":{"rendered":"<p><img loading=\"lazy\" class=\"alignnone size-medium wp-image-9623\" src=\"http:\/\/violmax.pl\/wp-content\/uploads\/2023\/02\/Klodzko_szklanka_do_piwa_viola_568_ml_twierdza_ratusz_most-300x240.png\" alt=\"\" width=\"300\" height=\"240\" srcset=\"https:\/\/violmax.pl\/wp-content\/uploads\/2023\/02\/Klodzko_szklanka_do_piwa_viola_568_ml_twierdza_ratusz_most-300x240.png 300w, https:\/\/violmax.pl\/wp-content\/uploads\/2023\/02\/Klodzko_szklanka_do_piwa_viola_568_ml_twierdza_ratusz_most-768x614.png 768w, https:\/\/violmax.pl\/wp-content\/uploads\/2023\/02\/Klodzko_szklanka_do_piwa_viola_568_ml_twierdza_ratusz_most-320x256.png 320w, https:\/\/violmax.pl\/wp-content\/uploads\/2023\/02\/Klodzko_szklanka_do_piwa_viola_568_ml_twierdza_ratusz_most-680x544.png 680w, https:\/\/violmax.pl\/wp-content\/uploads\/2023\/02\/Klodzko_szklanka_do_piwa_viola_568_ml_twierdza_ratusz_most.png 900w\" sizes=\"(max-width: 300px) 100vw, 300px\" \/><\/p>\n<p>Szklanka do piwa &#8220;VIOLA&#8221; o pojemno\u015bci 568 ml. Wykonana jest z wysokiej jako\u015bci szk\u0142a. Ozdobiona jest\u00a0 Twierdz\u0105 K\u0142odzko, ratuszem lub mostem gotyckim.\u00a0 Znakomicie sprawdzi si\u0119 jako \u015bwietna pami\u0105tka z K\u0142odzka. Idealny na prezent dla lubuj\u0105cych si\u0119 w piwie lub os\u00f3b, kt\u00f3re ceni\u0105 sobie pami\u0105tki ze smakiem. Ozdobi ka\u017cde wn\u0119trze i zachwyci go\u015bci. Nadaje si\u0119 do mycia w zmywarkach.<\/p>\n<p>&nbsp;<\/p>\n","protected":false},"excerpt":{"rendered":"<div class=\"woocommerce-product-details__short-description\">\n<div class=\"woocommerce-product-details__short-description\">\n<div class=\"woocommerce-product-details__short-description\">\n<p><img loading=\"lazy\" class=\"alignnone size-medium wp-image-3492\" src=\"http:\/\/violmax.pl\/wp-content\/uploads\/2020\/05\/VIOLMAX_POLSKA-300x28.jpg\" alt=\"\" width=\"300\" height=\"28\" \/><\/p>\n<p>Szklanka do piwa &#8220;VIOLA&#8221; o pojemno\u015bci 568 ml. Wykonana jest z wysokiej jako\u015bci szk\u0142a. Ozdobiona jest\u00a0 Twierdz\u0105 K\u0142odzko, ratuszem lub mostem gotyckim.\u00a0 Znakomicie sprawdzi si\u0119 jako \u015bwietna pami\u0105tka z K\u0142odzka. Idealny na prezent dla lubuj\u0105cych si\u0119 w piwie lub os\u00f3b, kt\u00f3re ceni\u0105 sobie pami\u0105tki ze smakiem. Ozdobi ka\u017cde wn\u0119trze i zachwyci go\u015bci. Nadaje si\u0119 do mycia w zmywarkach.<\/p>\n<p><strong><em>Minimalna ilo\u015b\u0107 zam\u00f3wienia \u2013 6 sztuk (1 opakowanie)<\/em><br \/>\n<\/strong><\/p>\n<p><strong><em>Towar sprzedawany na opakowania<\/em><\/strong><\/p>\n<h3><span style=\"color: #ff0000;\">PRZY DODAWANIU DO KOSZYKA, NALE\u017bY DODAWA\u0106 KROTNO\u015a\u0106\u00a0 LICZBY 6 &#8211; (1 opak)\u00a0 np: 6 ; 12 ; 18 itd<\/span><\/h3>\n<h3><strong>CENA ZA SZTUK\u0118.<\/strong><\/h3>\n<\/div>\n<\/div>\n<\/div>\n","protected":false},"featured_media":9623,"comment_status":"open","ping_status":"closed","template":"","meta":[],"_links":{"self":[{"href":"https:\/\/violmax.pl\/index.php\/wp-json\/wp\/v2\/product\/9629"}],"collection":[{"href":"https:\/\/violmax.pl\/index.php\/wp-json\/wp\/v2\/product"}],"about":[{"href":"https:\/\/violmax.pl\/index.php\/wp-json\/wp\/v2\/types\/product"}],"replies":[{"embeddable":true,"href":"https:\/\/violmax.pl\/index.php\/wp-json\/wp\/v2\/comments?post=9629"}],"wp:featuredmedia":[{"embeddable":true,"href":"https:\/\/violmax.pl\/index.php\/wp-json\/wp\/v2\/media\/9623"}],"wp:attachment":[{"href":"https:\/\/violmax.pl\/index.php\/wp-json\/wp\/v2\/media?parent=9629"}],"curies":[{"name":"wp","href":"https:\/\/api.w.org\/{rel}","templated":true}]}}