{"id":9613,"date":"2023-02-01T15:56:33","date_gmt":"2023-02-01T14:56:33","guid":{"rendered":"http:\/\/violmax.pl\/?post_type=product&#038;p=9613"},"modified":"2025-12-02T12:51:04","modified_gmt":"2025-12-02T11:51:04","slug":"szklarska-poreba-kufel-do-piwa-chmiel-500-ml-odlew-kolor-szrenica-wilk-glowa","status":"publish","type":"product","link":"https:\/\/violmax.pl\/index.php\/produkt\/szklarska-poreba-kufel-do-piwa-chmiel-500-ml-odlew-kolor-szrenica-wilk-glowa\/","title":{"rendered":"SZKLARSKA POR\u0118BA, KUFEL DO PIWA &#8220;CHMIEL&#8221; 500 ML, ODLEW KOLOR SZRENICA + WILK G\u0141OWA"},"content":{"rendered":"<p><img loading=\"lazy\" class=\"alignnone size-medium wp-image-9578\" src=\"http:\/\/violmax.pl\/wp-content\/uploads\/2023\/02\/Szklarska_Poreba_kufel_do_piwa_Chmiel_500_ml_odlew_kolor_szrenica_wilk_glowa-300x240.png\" alt=\"\" width=\"300\" height=\"240\" srcset=\"https:\/\/violmax.pl\/wp-content\/uploads\/2023\/02\/Szklarska_Poreba_kufel_do_piwa_Chmiel_500_ml_odlew_kolor_szrenica_wilk_glowa-300x240.png 300w, https:\/\/violmax.pl\/wp-content\/uploads\/2023\/02\/Szklarska_Poreba_kufel_do_piwa_Chmiel_500_ml_odlew_kolor_szrenica_wilk_glowa-768x614.png 768w, https:\/\/violmax.pl\/wp-content\/uploads\/2023\/02\/Szklarska_Poreba_kufel_do_piwa_Chmiel_500_ml_odlew_kolor_szrenica_wilk_glowa-320x256.png 320w, https:\/\/violmax.pl\/wp-content\/uploads\/2023\/02\/Szklarska_Poreba_kufel_do_piwa_Chmiel_500_ml_odlew_kolor_szrenica_wilk_glowa-680x544.png 680w, https:\/\/violmax.pl\/wp-content\/uploads\/2023\/02\/Szklarska_Poreba_kufel_do_piwa_Chmiel_500_ml_odlew_kolor_szrenica_wilk_glowa.png 900w\" sizes=\"(max-width: 300px) 100vw, 300px\" \/><\/p>\n<p>&nbsp;<\/p>\n<p>Kufel do piwa \u201dCHMIEL\u201d o litra\u017cu 0,5 litra. Wykonany jest z wysokiej jako\u015bci szk\u0142a. Ozdobiony jest pod\u0142u\u017cnymi paskami co sprawia \u017ce przenikaj\u0105ce przez szk\u0142o \u015bwiat\u0142o, daje pi\u0119kne efekty \u015bwietlne. Na \u015brodku kufla umieszczony zosta\u0142 kolorowy odlew z motywem Szrenicy oraz g\u0142owy wilka. Ca\u0142a ozdoba na pami\u0105tce wykonana jest z metalu. Motyw metalowy robi ogromne wra\u017cenie. Idealna pami\u0105tka z g\u00f3r.<\/p>\n","protected":false},"excerpt":{"rendered":"<p><img loading=\"lazy\" class=\"alignnone size-medium wp-image-4871\" src=\"http:\/\/violmax.pl\/wp-content\/uploads\/2020\/06\/VIOLMAX_POLSKA-6-300x28.jpg\" alt=\"\" width=\"300\" height=\"28\" \/><\/p>\n<p>&nbsp;<\/p>\n<p>Kufel do piwa \u201dCHMIEL\u201d o litra\u017cu 0,5 litra. Wykonany jest z wysokiej jako\u015bci szk\u0142a. Ozdobiony jest pod\u0142u\u017cnymi paskami co sprawia \u017ce przenikaj\u0105ce przez szk\u0142o \u015bwiat\u0142o, daje pi\u0119kne efekty \u015bwietlne. Na \u015brodku kufla umieszczony zosta\u0142 kolorowy odlew z motywem Szrenicy oraz g\u0142owy wilka. Ca\u0142a ozdoba na pami\u0105tce wykonana jest z metalu. Motyw metalowy robi ogromne wra\u017cenie. Idealna pami\u0105tka z g\u00f3r.<\/p>\n<p><strong><em>Minimalna ilo\u015b\u0107 zam\u00f3wienia &#8211; 6 sztuk (1 opakowanie)<\/em><br \/>\n<\/strong><\/p>\n<p><strong><em>Towar sprzedawany na opakowania<\/em><\/strong><\/p>\n<h3><span style=\"color: #ff0000;\">PRZY DODAWANIU DO KOSZYKA, NALE\u017bY DODAWA\u0106 KROTNO\u015a\u0106\u00a0 LICZBY 6 &#8211; (1 opak)\u00a0 np: 6 ; 12 ; 18 itd<\/span><\/h3>\n<h3><strong>CENA ZA SZTUK\u0118.<\/strong><\/h3>\n<h2><strong>\u00a0<\/strong><\/h2>\n","protected":false},"featured_media":9578,"comment_status":"open","ping_status":"closed","template":"","meta":[],"_links":{"self":[{"href":"https:\/\/violmax.pl\/index.php\/wp-json\/wp\/v2\/product\/9613"}],"collection":[{"href":"https:\/\/violmax.pl\/index.php\/wp-json\/wp\/v2\/product"}],"about":[{"href":"https:\/\/violmax.pl\/index.php\/wp-json\/wp\/v2\/types\/product"}],"replies":[{"embeddable":true,"href":"https:\/\/violmax.pl\/index.php\/wp-json\/wp\/v2\/comments?post=9613"}],"wp:featuredmedia":[{"embeddable":true,"href":"https:\/\/violmax.pl\/index.php\/wp-json\/wp\/v2\/media\/9578"}],"wp:attachment":[{"href":"https:\/\/violmax.pl\/index.php\/wp-json\/wp\/v2\/media?parent=9613"}],"curies":[{"name":"wp","href":"https:\/\/api.w.org\/{rel}","templated":true}]}}