{"id":9609,"date":"2023-02-01T15:44:17","date_gmt":"2023-02-01T14:44:17","guid":{"rendered":"http:\/\/violmax.pl\/?post_type=product&#038;p=9609"},"modified":"2025-12-02T12:51:05","modified_gmt":"2025-12-02T11:51:05","slug":"szklarska-poreba-kufel-do-piwa-krzysztof-500-ml-parzenica-2d-kolor","status":"publish","type":"product","link":"https:\/\/violmax.pl\/index.php\/produkt\/szklarska-poreba-kufel-do-piwa-krzysztof-500-ml-parzenica-2d-kolor\/","title":{"rendered":"SZKLARSKA POR\u0118BA, KUFEL DO PIWA &#8220;KRZYSZTOF&#8221; 500 ML, PARZENICA 2D KOLOR"},"content":{"rendered":"<p><img loading=\"lazy\" class=\"alignnone size-medium wp-image-9579\" src=\"http:\/\/violmax.pl\/wp-content\/uploads\/2023\/02\/Szklarska_Poreba_kufel_do_piwa_Krzysztof_500_ml_parzenica_2D_kolor-300x300.png\" alt=\"\" width=\"300\" height=\"300\" srcset=\"https:\/\/violmax.pl\/wp-content\/uploads\/2023\/02\/Szklarska_Poreba_kufel_do_piwa_Krzysztof_500_ml_parzenica_2D_kolor-300x300.png 300w, https:\/\/violmax.pl\/wp-content\/uploads\/2023\/02\/Szklarska_Poreba_kufel_do_piwa_Krzysztof_500_ml_parzenica_2D_kolor-768x768.png 768w, https:\/\/violmax.pl\/wp-content\/uploads\/2023\/02\/Szklarska_Poreba_kufel_do_piwa_Krzysztof_500_ml_parzenica_2D_kolor-680x680.png 680w, https:\/\/violmax.pl\/wp-content\/uploads\/2023\/02\/Szklarska_Poreba_kufel_do_piwa_Krzysztof_500_ml_parzenica_2D_kolor-100x100.png 100w, https:\/\/violmax.pl\/wp-content\/uploads\/2023\/02\/Szklarska_Poreba_kufel_do_piwa_Krzysztof_500_ml_parzenica_2D_kolor.png 900w\" sizes=\"(max-width: 300px) 100vw, 300px\" \/><\/p>\n<p>&nbsp;<\/p>\n<p>Kufel do piwa \u201dKRZYSZTOF\u201d o litra\u017cu 0,5 litra. Wykonany jest z wysokiej jako\u015bci szk\u0142a. Kufel ozdobiony jest pod\u0142u\u017cnymi pasami w jego dolnej cz\u0119\u015bci co sprawia pi\u0119kne za\u0142amywanie si\u0119 \u015bwiat\u0142a w szkle . Na \u015brodku kufla widzimy metalowy odlew, w kolorze \u2013 &#8220;parzenic\u0119&#8221;. Klasyczny, wygodny kufel, kt\u00f3ry sprawdzi si\u0119 u ka\u017cdego. Idealna pami\u0105tka ze Szklarskiej Por\u0119by.<\/p>\n<p>&nbsp;<\/p>\n","protected":false},"excerpt":{"rendered":"<p><img loading=\"lazy\" class=\"alignnone size-full wp-image-5364\" src=\"http:\/\/violmax.pl\/wp-content\/uploads\/2020\/10\/VIOLMAX_POLSKA-3.jpg\" alt=\"\" width=\"300\" height=\"28\" \/><\/p>\n<p>&nbsp;<\/p>\n<p>Kufel do piwa \u201dKRZYSZTOF\u201d o litra\u017cu 0,5 litra. Wykonany jest z wysokiej jako\u015bci szk\u0142a. Kufel ozdobiony jest pod\u0142u\u017cnymi pasami w jego dolnej cz\u0119\u015bci co sprawia pi\u0119kne za\u0142amywanie si\u0119 \u015bwiat\u0142a w szkle . Na \u015brodku kufla widzimy metalowy odlew, w kolorze \u2013 &#8220;parzenic\u0119&#8221;. Klasyczny, wygodny kufel, kt\u00f3ry sprawdzi si\u0119 u ka\u017cdego. Idealna pami\u0105tka ze Szklarskiej Por\u0119by.<\/p>\n<p><strong>Minimalna ilo\u015b\u0107 zam\u00f3wienia -6 sztuk (1 opakowanie)<br \/>\n<\/strong><\/p>\n<p><strong><em>Towar sprzedawany na opakowania<\/em><\/strong><\/p>\n<h3><span style=\"color: #ff0000;\">PRZY DODAWANIU DO KOSZYKA, NALE\u017bY DODAWA\u0106 KROTNO\u015a\u0106\u00a0 LICZBY 6 &#8211; (1 opak)\u00a0 np: 6 ; 12 ; 18 itd<\/span><\/h3>\n<h3><strong>CENA ZA SZTUK\u0118.<\/strong><\/h3>\n<h2><strong>\u00a0<\/strong><\/h2>\n","protected":false},"featured_media":9579,"comment_status":"open","ping_status":"closed","template":"","meta":[],"_links":{"self":[{"href":"https:\/\/violmax.pl\/index.php\/wp-json\/wp\/v2\/product\/9609"}],"collection":[{"href":"https:\/\/violmax.pl\/index.php\/wp-json\/wp\/v2\/product"}],"about":[{"href":"https:\/\/violmax.pl\/index.php\/wp-json\/wp\/v2\/types\/product"}],"replies":[{"embeddable":true,"href":"https:\/\/violmax.pl\/index.php\/wp-json\/wp\/v2\/comments?post=9609"}],"wp:featuredmedia":[{"embeddable":true,"href":"https:\/\/violmax.pl\/index.php\/wp-json\/wp\/v2\/media\/9579"}],"wp:attachment":[{"href":"https:\/\/violmax.pl\/index.php\/wp-json\/wp\/v2\/media?parent=9609"}],"curies":[{"name":"wp","href":"https:\/\/api.w.org\/{rel}","templated":true}]}}