{"id":955,"date":"2019-09-05T11:18:04","date_gmt":"2019-09-05T09:18:04","guid":{"rendered":"http:\/\/violmax.wroclaw.pl\/?post_type=product&#038;p=955"},"modified":"2025-12-02T13:30:00","modified_gmt":"2025-12-02T12:30:00","slug":"zamosc-kubek-kubas-400-ml-szron-ratusz","status":"publish","type":"product","link":"https:\/\/violmax.pl\/index.php\/produkt\/zamosc-kubek-kubas-400-ml-szron-ratusz\/","title":{"rendered":"ZAMO\u015a\u0106, KUBEK &#8221;KUBAS&#8221; 400 ml, RATUSZ SZRON"},"content":{"rendered":"<p><img loading=\"lazy\" class=\"alignnone size-medium wp-image-958\" src=\"http:\/\/violmax.pl\/wp-content\/uploads\/2019\/09\/KUBAS-DOCELOWY--237x300.jpg\" alt=\"\" width=\"237\" height=\"300\" srcset=\"https:\/\/violmax.pl\/wp-content\/uploads\/2019\/09\/KUBAS-DOCELOWY--237x300.jpg 237w, https:\/\/violmax.pl\/wp-content\/uploads\/2019\/09\/KUBAS-DOCELOWY--768x973.jpg 768w, https:\/\/violmax.pl\/wp-content\/uploads\/2019\/09\/KUBAS-DOCELOWY--808x1024.jpg 808w, https:\/\/violmax.pl\/wp-content\/uploads\/2019\/09\/KUBAS-DOCELOWY--70x90.jpg 70w, https:\/\/violmax.pl\/wp-content\/uploads\/2019\/09\/KUBAS-DOCELOWY--680x862.jpg 680w\" sizes=\"(max-width: 237px) 100vw, 237px\" \/><img loading=\"lazy\" class=\"alignnone size-medium wp-image-957\" src=\"http:\/\/violmax.pl\/wp-content\/uploads\/2019\/09\/KUBAS-2-DOCELOWY--221x300.jpg\" alt=\"\" width=\"221\" height=\"300\" srcset=\"https:\/\/violmax.pl\/wp-content\/uploads\/2019\/09\/KUBAS-2-DOCELOWY--221x300.jpg 221w, https:\/\/violmax.pl\/wp-content\/uploads\/2019\/09\/KUBAS-2-DOCELOWY--768x1043.jpg 768w, https:\/\/violmax.pl\/wp-content\/uploads\/2019\/09\/KUBAS-2-DOCELOWY--754x1024.jpg 754w, https:\/\/violmax.pl\/wp-content\/uploads\/2019\/09\/KUBAS-2-DOCELOWY--680x923.jpg 680w\" sizes=\"(max-width: 221px) 100vw, 221px\" \/><\/p>\n<p>Kubek &#8221;Kubas&#8221; to kubek w oryginalnym kszta\u0142cie o pojemno\u015bci 400 ml z uchem. Zosta\u0142 precyzyjnie wypiaskowany ratusz i nazwa miasta. Bardzo wygodny, pojemny kubek, kt\u00f3ry nada si\u0119 praktycznie do ka\u017cdego rodzaju napoj\u00f3w\/trunk\u00f3w.Idealna pami\u0105tka z Zamo\u015bcia.<\/p>\n","protected":false},"excerpt":{"rendered":"<p><img loading=\"lazy\" class=\"alignnone size-full wp-image-5364\" src=\"http:\/\/violmax.pl\/wp-content\/uploads\/2020\/10\/VIOLMAX_POLSKA-3.jpg\" alt=\"\" width=\"300\" height=\"28\" \/><\/p>\n<p>&nbsp;<\/p>\n<p>Kubek &#8221;Kubas&#8221; to kubek w oryginalnym kszta\u0142cie o pojemno\u015bci 400 ml z uchem. Zosta\u0142 precyzyjnie wypiaskowany ratusz i nazwa miasta. Bardzo wygodny, pojemny kubek, kt\u00f3ry nada si\u0119 praktycznie do ka\u017cdego rodzaju napoj\u00f3w\/trunk\u00f3w.Idealna pami\u0105tka z Zamo\u015bcia.<\/p>\n<p><strong><em>Minimalna ilo\u015b\u0107 zam\u00f3wienia &#8211; 6 sztuk (1 opakowanie)<\/em><br \/>\n<\/strong><\/p>\n<p><strong><em>Towar sprzedawany na opakowania<\/em><\/strong><\/p>\n<h3><span style=\"color: #ff0000;\">PRZY DODAWANIU DO KOSZYKA, NALE\u017bY DODAWA\u0106 KROTNO\u015a\u0106\u00a0 LICZBY 6 &#8211; (1 opak)\u00a0 np: 6 ; 12 ; 18 itd<\/span><\/h3>\n<h3><strong>CENA ZA SZTUK\u0118.<\/strong><\/h3>\n","protected":false},"featured_media":958,"comment_status":"open","ping_status":"closed","template":"","meta":[],"_links":{"self":[{"href":"https:\/\/violmax.pl\/index.php\/wp-json\/wp\/v2\/product\/955"}],"collection":[{"href":"https:\/\/violmax.pl\/index.php\/wp-json\/wp\/v2\/product"}],"about":[{"href":"https:\/\/violmax.pl\/index.php\/wp-json\/wp\/v2\/types\/product"}],"replies":[{"embeddable":true,"href":"https:\/\/violmax.pl\/index.php\/wp-json\/wp\/v2\/comments?post=955"}],"wp:featuredmedia":[{"embeddable":true,"href":"https:\/\/violmax.pl\/index.php\/wp-json\/wp\/v2\/media\/958"}],"wp:attachment":[{"href":"https:\/\/violmax.pl\/index.php\/wp-json\/wp\/v2\/media?parent=955"}],"curies":[{"name":"wp","href":"https:\/\/api.w.org\/{rel}","templated":true}]}}