{"id":9519,"date":"2023-01-10T11:58:21","date_gmt":"2023-01-10T10:58:21","guid":{"rendered":"http:\/\/violmax.pl\/?post_type=product&#038;p=9519"},"modified":"2025-12-02T12:51:12","modified_gmt":"2025-12-02T11:51:12","slug":"zakopane-szklanka-do-piwa-sabina-680-ml-chata-1-szron","status":"publish","type":"product","link":"https:\/\/violmax.pl\/index.php\/produkt\/zakopane-szklanka-do-piwa-sabina-680-ml-chata-1-szron\/","title":{"rendered":"ZAKOPANE, POKAL DO PIWA &#8220;SABINA&#8221; 680 ML, CHATA 1, SZRON"},"content":{"rendered":"<p><img loading=\"lazy\" class=\"alignnone size-medium wp-image-9489\" src=\"http:\/\/violmax.pl\/wp-content\/uploads\/2023\/01\/Zakopane_szklanka_do_piwa_sabina_680_ml_chata_1_szron-300x300.png\" alt=\"\" width=\"300\" height=\"300\" srcset=\"https:\/\/violmax.pl\/wp-content\/uploads\/2023\/01\/Zakopane_szklanka_do_piwa_sabina_680_ml_chata_1_szron-300x300.png 300w, https:\/\/violmax.pl\/wp-content\/uploads\/2023\/01\/Zakopane_szklanka_do_piwa_sabina_680_ml_chata_1_szron-768x768.png 768w, https:\/\/violmax.pl\/wp-content\/uploads\/2023\/01\/Zakopane_szklanka_do_piwa_sabina_680_ml_chata_1_szron-680x680.png 680w, https:\/\/violmax.pl\/wp-content\/uploads\/2023\/01\/Zakopane_szklanka_do_piwa_sabina_680_ml_chata_1_szron-100x100.png 100w, https:\/\/violmax.pl\/wp-content\/uploads\/2023\/01\/Zakopane_szklanka_do_piwa_sabina_680_ml_chata_1_szron.png 900w\" sizes=\"(max-width: 300px) 100vw, 300px\" \/><\/p>\n<p>&nbsp;<\/p>\n<p>Pokal do piwa\u00a0 &#8220;SABINA&#8221; o pojemno\u015bci 680 ml. Wykonany z wysokiej jako\u015bci szk\u0142a. Pokal jest wypiaskowany, co sprawia wra\u017cenie jak by by\u0142 zmro\u017cony. Na szkle widnieje napis &#8221;Zakopane&#8221; wraz z g\u00f3r\u0105 Giewont oraz wypiaskowana zosta\u0142a g\u00f3ralska chata, motyw typowy dla Zakopanego.\u00a0 Bardzo elegancki pomys\u0142 na prezent. Idealna pami\u0105tka z Zakopanego. Nadaje si\u0119 do mycia w zmywarkach.<\/p>\n","protected":false},"excerpt":{"rendered":"<p><img loading=\"lazy\" class=\"alignnone size-medium wp-image-3492\" src=\"http:\/\/violmax.pl\/wp-content\/uploads\/2020\/05\/VIOLMAX_POLSKA-300x28.jpg\" alt=\"\" width=\"300\" height=\"28\" \/><\/p>\n<p>&nbsp;<\/p>\n<p>Pokal do piwa\u00a0 &#8220;SABINA&#8221; o pojemno\u015bci 680 ml. Wykonany z wysokiej jako\u015bci szk\u0142a. Pokal jest wypiaskowany, co sprawia wra\u017cenie jak by by\u0142 zmro\u017cony. Na szkle widnieje napis &#8221;Zakopane&#8221; wraz z g\u00f3r\u0105 Giewont oraz wypiaskowana zosta\u0142a g\u00f3ralska chata, motyw typowy dla Zakopanego.\u00a0 Bardzo elegancki pomys\u0142 na prezent. Idealna pami\u0105tka z Zakopanego. Nadaje si\u0119 do mycia w zmywarkach.<\/p>\n<p><em><strong>Minimalna ilo\u015b\u0107 zam\u00f3wienia &#8211; 6 sztuk (1 opakowanie)<br \/>\n<\/strong><\/em><\/p>\n<p><strong><em>Towar sprzedawany na opakowania<\/em><\/strong><\/p>\n<h3><span style=\"color: #ff0000;\">PRZY DODAWANIU DO KOSZYKA, NALE\u017bY DODAWA\u0106 KROTNO\u015a\u0106\u00a0 LICZBY 6 &#8211; (1 opak)\u00a0 np: 6 ; 12 ; 18 itd<\/span><\/h3>\n<h3><strong>CENA ZA SZTUK\u0118.<\/strong><\/h3>\n<h2><strong>\u00a0<\/strong><\/h2>\n","protected":false},"featured_media":9489,"comment_status":"open","ping_status":"closed","template":"","meta":[],"_links":{"self":[{"href":"https:\/\/violmax.pl\/index.php\/wp-json\/wp\/v2\/product\/9519"}],"collection":[{"href":"https:\/\/violmax.pl\/index.php\/wp-json\/wp\/v2\/product"}],"about":[{"href":"https:\/\/violmax.pl\/index.php\/wp-json\/wp\/v2\/types\/product"}],"replies":[{"embeddable":true,"href":"https:\/\/violmax.pl\/index.php\/wp-json\/wp\/v2\/comments?post=9519"}],"wp:featuredmedia":[{"embeddable":true,"href":"https:\/\/violmax.pl\/index.php\/wp-json\/wp\/v2\/media\/9489"}],"wp:attachment":[{"href":"https:\/\/violmax.pl\/index.php\/wp-json\/wp\/v2\/media?parent=9519"}],"curies":[{"name":"wp","href":"https:\/\/api.w.org\/{rel}","templated":true}]}}