{"id":9500,"date":"2023-01-10T11:08:51","date_gmt":"2023-01-10T10:08:51","guid":{"rendered":"http:\/\/violmax.pl\/?post_type=product&#038;p=9500"},"modified":"2025-12-02T12:51:15","modified_gmt":"2025-12-02T11:51:15","slug":"zakopane-szklanka-do-napojow-blended-350-ml-parzenica-2-szron","status":"publish","type":"product","link":"https:\/\/violmax.pl\/index.php\/produkt\/zakopane-szklanka-do-napojow-blended-350-ml-parzenica-2-szron\/","title":{"rendered":"ZAKOPANE, SZKLANKA DO NAPOJ\u00d3W &#8220;BLENDED&#8221; 350 ML, PARZENICA 2, SZRON"},"content":{"rendered":"<p><img loading=\"lazy\" class=\"alignnone size-medium wp-image-9478\" src=\"http:\/\/violmax.pl\/wp-content\/uploads\/2023\/01\/Zakopane_szklanka_do_napojow_blended_350_ml_parzenica_2_szron-300x300.png\" alt=\"\" width=\"300\" height=\"300\" srcset=\"https:\/\/violmax.pl\/wp-content\/uploads\/2023\/01\/Zakopane_szklanka_do_napojow_blended_350_ml_parzenica_2_szron-300x300.png 300w, https:\/\/violmax.pl\/wp-content\/uploads\/2023\/01\/Zakopane_szklanka_do_napojow_blended_350_ml_parzenica_2_szron-768x768.png 768w, https:\/\/violmax.pl\/wp-content\/uploads\/2023\/01\/Zakopane_szklanka_do_napojow_blended_350_ml_parzenica_2_szron-680x680.png 680w, https:\/\/violmax.pl\/wp-content\/uploads\/2023\/01\/Zakopane_szklanka_do_napojow_blended_350_ml_parzenica_2_szron-100x100.png 100w, https:\/\/violmax.pl\/wp-content\/uploads\/2023\/01\/Zakopane_szklanka_do_napojow_blended_350_ml_parzenica_2_szron.png 900w\" sizes=\"(max-width: 300px) 100vw, 300px\" \/><\/p>\n<p>&nbsp;<\/p>\n<p>Szklanka do napoj\u00f3w &#8220;BLENDED&#8221; o pojemno\u015bci 350 ml. Do po\u0142owy w szronie, z wypiaskowanym motywem typowym dla Zakopanego, &#8220;PARZENIC\u0104&#8221; . Piaskowanie powoduje \u017ce szklanka sprawia wra\u017cenia jak by by\u0142a zmro\u017cona. Przepi\u0119kna i dostojna pami\u0105tka z robi\u0105cymi wra\u017cenie zdobieniem. Idealna pami\u0105tka z Zakopanego. Nadaje si\u0119 do mycia w zmywarce.<\/p>\n","protected":false},"excerpt":{"rendered":"<p><img loading=\"lazy\" class=\"alignnone size-full wp-image-5364\" src=\"http:\/\/violmax.pl\/wp-content\/uploads\/2020\/10\/VIOLMAX_POLSKA-3.jpg\" alt=\"\" width=\"300\" height=\"28\" \/><\/p>\n<p>Szklanka do napoj\u00f3w &#8220;BLENDED&#8221; o pojemno\u015bci 350 ml. Do po\u0142owy w szronie, z wypiaskowanym motywem typowym dla Zakopanego, &#8220;PARZENIC\u0104&#8221; . Piaskowanie powoduje \u017ce szklanka sprawia wra\u017cenia jak by by\u0142a zmro\u017cona. Przepi\u0119kna i dostojna pami\u0105tka z robi\u0105cymi wra\u017cenie zdobieniem. Idealna pami\u0105tka z Zakopanego. Nadaje si\u0119 do mycia w zmywarce.<\/p>\n<p><strong><em>Minimalna ilo\u015b\u0107 zam\u00f3wienia &#8211; 6 sztuk (1 opakowanie)<\/em><br \/>\n<\/strong><\/p>\n<p><strong><em>Towar sprzedawany na opakowania<\/em><\/strong><\/p>\n<h3><span style=\"color: #ff0000;\">PRZY DODAWANIU DO KOSZYKA, NALE\u017bY DODAWA\u0106 KROTNO\u015a\u0106\u00a0 LICZBY 6 &#8211; (1 opak)\u00a0 np: 6 ; 12 ; 18 itd<\/span><\/h3>\n<h3><strong>CENA ZA SZTUK\u0118.<\/strong><\/h3>\n<h2><strong>\u00a0<\/strong><\/h2>\n","protected":false},"featured_media":9478,"comment_status":"open","ping_status":"closed","template":"","meta":[],"_links":{"self":[{"href":"https:\/\/violmax.pl\/index.php\/wp-json\/wp\/v2\/product\/9500"}],"collection":[{"href":"https:\/\/violmax.pl\/index.php\/wp-json\/wp\/v2\/product"}],"about":[{"href":"https:\/\/violmax.pl\/index.php\/wp-json\/wp\/v2\/types\/product"}],"replies":[{"embeddable":true,"href":"https:\/\/violmax.pl\/index.php\/wp-json\/wp\/v2\/comments?post=9500"}],"wp:featuredmedia":[{"embeddable":true,"href":"https:\/\/violmax.pl\/index.php\/wp-json\/wp\/v2\/media\/9478"}],"wp:attachment":[{"href":"https:\/\/violmax.pl\/index.php\/wp-json\/wp\/v2\/media?parent=9500"}],"curies":[{"name":"wp","href":"https:\/\/api.w.org\/{rel}","templated":true}]}}