{"id":950,"date":"2019-09-05T11:06:09","date_gmt":"2019-09-05T09:06:09","guid":{"rendered":"http:\/\/violmax.wroclaw.pl\/?post_type=product&#038;p=950"},"modified":"2025-12-02T13:30:00","modified_gmt":"2025-12-02T12:30:00","slug":"zamosc-kieliszek-do-wina-lav-590-ml-ratusz-szron","status":"publish","type":"product","link":"https:\/\/violmax.pl\/index.php\/produkt\/zamosc-kieliszek-do-wina-lav-590-ml-ratusz-szron\/","title":{"rendered":"ZAMO\u015a\u0106, KIELISZEK DO WINA &#8220;LAV 580&#8221; ML, RATUSZ SZRON"},"content":{"rendered":"<p><img loading=\"lazy\" class=\"alignnone size-medium wp-image-953\" src=\"http:\/\/violmax.pl\/wp-content\/uploads\/2019\/09\/KIELISZEK-WINO-RATUSZ-2-DOCELOWY--157x300.jpg\" alt=\"\" width=\"157\" height=\"300\" srcset=\"https:\/\/violmax.pl\/wp-content\/uploads\/2019\/09\/KIELISZEK-WINO-RATUSZ-2-DOCELOWY--157x300.jpg 157w, https:\/\/violmax.pl\/wp-content\/uploads\/2019\/09\/KIELISZEK-WINO-RATUSZ-2-DOCELOWY--768x1467.jpg 768w, https:\/\/violmax.pl\/wp-content\/uploads\/2019\/09\/KIELISZEK-WINO-RATUSZ-2-DOCELOWY--536x1024.jpg 536w, https:\/\/violmax.pl\/wp-content\/uploads\/2019\/09\/KIELISZEK-WINO-RATUSZ-2-DOCELOWY--680x1299.jpg 680w\" sizes=\"(max-width: 157px) 100vw, 157px\" \/><img loading=\"lazy\" class=\"alignnone size-medium wp-image-952\" src=\"http:\/\/violmax.pl\/wp-content\/uploads\/2019\/09\/KIELISZEK-WINO-RATUSZ-DOCELOWY-179x300.jpg\" alt=\"\" width=\"179\" height=\"300\" srcset=\"https:\/\/violmax.pl\/wp-content\/uploads\/2019\/09\/KIELISZEK-WINO-RATUSZ-DOCELOWY-179x300.jpg 179w, https:\/\/violmax.pl\/wp-content\/uploads\/2019\/09\/KIELISZEK-WINO-RATUSZ-DOCELOWY-768x1287.jpg 768w, https:\/\/violmax.pl\/wp-content\/uploads\/2019\/09\/KIELISZEK-WINO-RATUSZ-DOCELOWY-611x1024.jpg 611w, https:\/\/violmax.pl\/wp-content\/uploads\/2019\/09\/KIELISZEK-WINO-RATUSZ-DOCELOWY-680x1140.jpg 680w\" sizes=\"(max-width: 179px) 100vw, 179px\" \/><\/p>\n<p>Kieliszek do wina o pojemno\u015bci 580 ml. Ca\u0142o\u015b\u0107 jest wypiaskowana do po\u0142owy oraz s\u0105 na nim motywy typowe dla Zamo\u015bcia &#8211; w tym przypadku ratusz plus napis z nazw\u0105 miasta. Pi\u0119kna pami\u0105tka z Zamo\u015bcia,kt\u00f3ra zachwyci go\u015bci, a spo\u017cywanie wina z niego staje si\u0119 przyjemniejsze. Idealna pami\u0105tka z Zamo\u015bcia.<\/p>\n","protected":false},"excerpt":{"rendered":"<p><img loading=\"lazy\" class=\"alignnone size-full wp-image-5364\" src=\"http:\/\/violmax.pl\/wp-content\/uploads\/2020\/10\/VIOLMAX_POLSKA-3.jpg\" alt=\"\" width=\"300\" height=\"28\" \/><\/p>\n<p>&nbsp;<\/p>\n<p>Kieliszek do wina o pojemno\u015bci 580 ml. Ca\u0142o\u015b\u0107 jest wypiaskowana do po\u0142owy oraz s\u0105 na nim motywy typowe dla Zamo\u015bcia &#8211; w tym przypadku ratusz plus napis z nazw\u0105 miasta. Pi\u0119kna pami\u0105tka z Zamo\u015bcia,kt\u00f3ra zachwyci go\u015bci, a spo\u017cywanie wina z niego staje si\u0119 przyjemniejsze. Idealna pami\u0105tka z Zamo\u015bcia.<\/p>\n<p><strong><em>Minimalna ilo\u015b\u0107 zam\u00f3wienia &#8211; 6 sztuk (1 opakowanie)<\/em><br \/>\n<\/strong><\/p>\n<p><strong><em>Towar sprzedawany na opakowania<\/em><\/strong><\/p>\n<h3><span style=\"color: #ff0000;\">PRZY DODAWANIU DO KOSZYKA, NALE\u017bY DODAWA\u0106 KROTNO\u015a\u0106\u00a0 LICZBY 6 &#8211; (1 opak)\u00a0 np: 6 ; 12 ; 18 itd<\/span><\/h3>\n<h3><strong>CENA ZA SZTUK\u0118.<\/strong><\/h3>\n","protected":false},"featured_media":953,"comment_status":"open","ping_status":"closed","template":"","meta":[],"_links":{"self":[{"href":"https:\/\/violmax.pl\/index.php\/wp-json\/wp\/v2\/product\/950"}],"collection":[{"href":"https:\/\/violmax.pl\/index.php\/wp-json\/wp\/v2\/product"}],"about":[{"href":"https:\/\/violmax.pl\/index.php\/wp-json\/wp\/v2\/types\/product"}],"replies":[{"embeddable":true,"href":"https:\/\/violmax.pl\/index.php\/wp-json\/wp\/v2\/comments?post=950"}],"wp:featuredmedia":[{"embeddable":true,"href":"https:\/\/violmax.pl\/index.php\/wp-json\/wp\/v2\/media\/953"}],"wp:attachment":[{"href":"https:\/\/violmax.pl\/index.php\/wp-json\/wp\/v2\/media?parent=950"}],"curies":[{"name":"wp","href":"https:\/\/api.w.org\/{rel}","templated":true}]}}