{"id":9474,"date":"2023-01-09T10:33:32","date_gmt":"2023-01-09T09:33:32","guid":{"rendered":"http:\/\/violmax.pl\/?post_type=product&#038;p=9474"},"modified":"2025-12-02T12:51:16","modified_gmt":"2025-12-02T11:51:16","slug":"zakopane-kieliszek-do-wodki-shot-50ml-blacha","status":"publish","type":"product","link":"https:\/\/violmax.pl\/index.php\/produkt\/zakopane-kieliszek-do-wodki-shot-50ml-blacha\/","title":{"rendered":"ZAKOPANE, KIELISZEK DO W\u00d3DKI &#8220;SHOT 50&#8221; ML BLACHA"},"content":{"rendered":"<p><img loading=\"lazy\" class=\"alignnone size-medium wp-image-9471\" src=\"http:\/\/violmax.pl\/wp-content\/uploads\/2023\/01\/ZAKOPANE_kieliszek_do_wodki_shot_50_BLACHA-300x240.png\" alt=\"\" width=\"300\" height=\"240\" srcset=\"https:\/\/violmax.pl\/wp-content\/uploads\/2023\/01\/ZAKOPANE_kieliszek_do_wodki_shot_50_BLACHA-300x240.png 300w, https:\/\/violmax.pl\/wp-content\/uploads\/2023\/01\/ZAKOPANE_kieliszek_do_wodki_shot_50_BLACHA-768x614.png 768w, https:\/\/violmax.pl\/wp-content\/uploads\/2023\/01\/ZAKOPANE_kieliszek_do_wodki_shot_50_BLACHA-320x256.png 320w, https:\/\/violmax.pl\/wp-content\/uploads\/2023\/01\/ZAKOPANE_kieliszek_do_wodki_shot_50_BLACHA-680x544.png 680w, https:\/\/violmax.pl\/wp-content\/uploads\/2023\/01\/ZAKOPANE_kieliszek_do_wodki_shot_50_BLACHA.png 900w\" sizes=\"(max-width: 300px) 100vw, 300px\" \/><\/p>\n<p>&nbsp;<\/p>\n<p>Kieliszek do w\u00f3dki SHOT 50 o pojemno\u015bci 50ml. Kieliszek jest ozdobiony metalowym odlewem przedstawiaj\u0105cym g\u00f3r\u0119 &#8220;Giewont&#8221; oraz kolej linow\u0105 na &#8220;Guba\u0142\u00f3wk\u0119&#8221; . Takie pami\u0105tki zawsze robi\u0105 wra\u017cenie. Po\u0142\u0105czenie praktycznej rzeczy z oryginaln\u0105 pami\u0105tk\u0105 i ozdob\u0105 np w kuchennej szafce czy eleganckim barku, w salonie.Idealna pami\u0105tka z Zakopanego.<\/p>\n<p>&nbsp;<\/p>\n","protected":false},"excerpt":{"rendered":"<p><img loading=\"lazy\" class=\"alignnone size-medium wp-image-4222\" src=\"http:\/\/violmax.pl\/wp-content\/uploads\/2020\/05\/VIOLMAX_POLSKA-5-300x28.jpg\" alt=\"\" width=\"300\" height=\"28\" \/><\/p>\n<p>&nbsp;<\/p>\n<p>Kieliszek do w\u00f3dki SHOT 50 o pojemno\u015bci 50ml. Kieliszek jest ozdobiony metalowym odlewem przedstawiaj\u0105cym g\u00f3r\u0119 &#8220;Giewont&#8221; oraz kolej linow\u0105 na &#8220;Guba\u0142\u00f3wk\u0119&#8221; . Takie pami\u0105tki zawsze robi\u0105 wra\u017cenie. Po\u0142\u0105czenie praktycznej rzeczy z oryginaln\u0105 pami\u0105tk\u0105 i ozdob\u0105 np w kuchennej szafce czy eleganckim barku, w salonie.Idealna pami\u0105tka z Zakopanego.<\/p>\n<p><strong><em>Minimalna ilo\u015b\u0107 zam\u00f3wienia &#8211; 6 sztuk (1 opakowanie)<\/em><br \/>\n<\/strong><\/p>\n<p><strong><em>Towar sprzedawany na opakowania<\/em><\/strong><\/p>\n<h3><span style=\"color: #ff0000;\">PRZY DODAWANIU DO KOSZYKA, NALE\u017bY DODAWA\u0106 KROTNO\u015a\u0106\u00a0 LICZBY 6 &#8211; (1 opak)\u00a0 np: 6 ; 12 ; 18 itd<\/span><\/h3>\n<h3><strong>CENA ZA SZTUK\u0118.<\/strong><\/h3>\n<h2><strong>\u00a0<\/strong><\/h2>\n","protected":false},"featured_media":9471,"comment_status":"open","ping_status":"closed","template":"","meta":[],"_links":{"self":[{"href":"https:\/\/violmax.pl\/index.php\/wp-json\/wp\/v2\/product\/9474"}],"collection":[{"href":"https:\/\/violmax.pl\/index.php\/wp-json\/wp\/v2\/product"}],"about":[{"href":"https:\/\/violmax.pl\/index.php\/wp-json\/wp\/v2\/types\/product"}],"replies":[{"embeddable":true,"href":"https:\/\/violmax.pl\/index.php\/wp-json\/wp\/v2\/comments?post=9474"}],"wp:featuredmedia":[{"embeddable":true,"href":"https:\/\/violmax.pl\/index.php\/wp-json\/wp\/v2\/media\/9471"}],"wp:attachment":[{"href":"https:\/\/violmax.pl\/index.php\/wp-json\/wp\/v2\/media?parent=9474"}],"curies":[{"name":"wp","href":"https:\/\/api.w.org\/{rel}","templated":true}]}}