{"id":9458,"date":"2022-11-11T09:15:44","date_gmt":"2022-11-11T08:15:44","guid":{"rendered":"http:\/\/violmax.pl\/?post_type=product&#038;p=9458"},"modified":"2025-12-02T12:51:16","modified_gmt":"2025-12-02T11:51:16","slug":"gdansk-karafka-do-whisky-krosno-caro-1000-ml","status":"publish","type":"product","link":"https:\/\/violmax.pl\/index.php\/produkt\/gdansk-karafka-do-whisky-krosno-caro-1000-ml\/","title":{"rendered":"GDA\u0143SK, KARAFKA DO WHISKY &#8220;CARO&#8221; SZRON 1000 ML"},"content":{"rendered":"<p><img loading=\"lazy\" class=\"alignnone size-medium wp-image-9447\" src=\"http:\/\/violmax.pl\/wp-content\/uploads\/2022\/11\/Gdansk_karafka_do_whisky_Krosno_Caro_1000ml_Zuraw-200x300.png\" alt=\"\" width=\"200\" height=\"300\" srcset=\"https:\/\/violmax.pl\/wp-content\/uploads\/2022\/11\/Gdansk_karafka_do_whisky_Krosno_Caro_1000ml_Zuraw-200x300.png 200w, https:\/\/violmax.pl\/wp-content\/uploads\/2022\/11\/Gdansk_karafka_do_whisky_Krosno_Caro_1000ml_Zuraw.png 600w\" sizes=\"(max-width: 200px) 100vw, 200px\" \/><img loading=\"lazy\" class=\"alignnone size-medium wp-image-9446\" src=\"http:\/\/violmax.pl\/wp-content\/uploads\/2022\/11\/Gdansk_karafka_do_whisky_Krosno_Caro_1000ml_Prom-200x300.png\" alt=\"\" width=\"200\" height=\"300\" srcset=\"https:\/\/violmax.pl\/wp-content\/uploads\/2022\/11\/Gdansk_karafka_do_whisky_Krosno_Caro_1000ml_Prom-200x300.png 200w, https:\/\/violmax.pl\/wp-content\/uploads\/2022\/11\/Gdansk_karafka_do_whisky_Krosno_Caro_1000ml_Prom.png 600w\" sizes=\"(max-width: 200px) 100vw, 200px\" \/><img loading=\"lazy\" class=\"alignnone size-medium wp-image-9445\" src=\"http:\/\/violmax.pl\/wp-content\/uploads\/2022\/11\/Gdansk_karafka_do_whisky_Krosno_Caro_1000ml_Neptun-200x300.png\" alt=\"\" width=\"200\" height=\"300\" srcset=\"https:\/\/violmax.pl\/wp-content\/uploads\/2022\/11\/Gdansk_karafka_do_whisky_Krosno_Caro_1000ml_Neptun-200x300.png 200w, https:\/\/violmax.pl\/wp-content\/uploads\/2022\/11\/Gdansk_karafka_do_whisky_Krosno_Caro_1000ml_Neptun.png 600w\" sizes=\"(max-width: 200px) 100vw, 200px\" \/><img loading=\"lazy\" class=\"alignnone size-medium wp-image-9444\" src=\"http:\/\/violmax.pl\/wp-content\/uploads\/2022\/11\/Gdansk_karafka_do_whisky_Krosno_Caro_1000ml_Lew-200x300.png\" alt=\"\" width=\"200\" height=\"300\" srcset=\"https:\/\/violmax.pl\/wp-content\/uploads\/2022\/11\/Gdansk_karafka_do_whisky_Krosno_Caro_1000ml_Lew-200x300.png 200w, https:\/\/violmax.pl\/wp-content\/uploads\/2022\/11\/Gdansk_karafka_do_whisky_Krosno_Caro_1000ml_Lew.png 600w\" sizes=\"(max-width: 200px) 100vw, 200px\" \/><\/p>\n<p>&nbsp;<\/p>\n<p>Karafka zdobiona do whisky KROSNO &#8220;CARO&#8221; o pojemno\u015bci 1000 ml. Ozdobiona jest z 4 stron tj. Gda\u0144skimi Lwami,\u00a0 Neptunem, promem gda\u0144skim oraz \u017burawiem Gda\u0144skim. Karafka jest zdobiona metod\u0105 piaskowania, co sprawia \u017ce zdobienie jest tak d\u0142ugo,p\u00f3ki karafka nie ulegnie st\u0142uczeniu oraz wygl\u0105da jak by by\u0142a zmro\u017cona . Wygodna karafka o du\u017cej pojemno\u015bci, dobrze trzyma si\u0119 w d\u0142oni.\u00a0 Wykonana jest z wysokiej jako\u015bci szk\u0142a kryszta\u0142owego. Jest to elegancki upominek z pobytu w Gda\u0144sku lub \u015bwietny prezent. Nadaje si\u0119 do mycia w zmywarce.<\/p>\n","protected":false},"excerpt":{"rendered":"<p><img loading=\"lazy\" class=\"alignnone size-full wp-image-5364\" src=\"http:\/\/violmax.pl\/wp-content\/uploads\/2020\/10\/VIOLMAX_POLSKA-3.jpg\" alt=\"\" width=\"300\" height=\"28\" \/><\/p>\n<p>Karafka zdobiona do whisky KROSNO &#8220;CARO&#8221; o pojemno\u015bci 1000 ml. Ozdobiona jest z 4 stron tj. Gda\u0144skimi Lwami,\u00a0 Neptunem, promem gda\u0144skim oraz \u017burawiem Gda\u0144skim. Karafka jest zdobiona metod\u0105 piaskowania, co sprawia \u017ce zdobienie jest tak d\u0142ugo,p\u00f3ki karafka nie ulegnie st\u0142uczeniu oraz wygl\u0105da jak by by\u0142a zmro\u017cona . Wygodna karafka o du\u017cej pojemno\u015bci, dobrze trzyma si\u0119 w d\u0142oni.\u00a0 Wykonana jest z wysokiej jako\u015bci szk\u0142a kryszta\u0142owego. Jest to elegancki upominek z pobytu w Gda\u0144sku lub \u015bwietny prezent. Nadaje si\u0119 do mycia w zmywarce.<\/p>\n<p><em><strong>Minimalna ilo\u015b\u0107 zam\u00f3wienia &#8211; 1 sztuk (1 opakowanie)<br \/>\n<\/strong><\/em><\/p>\n<p><strong><em>Towar sprzedawany na opakowania<\/em><\/strong><\/p>\n<h3><span style=\"color: #ff0000;\">PRZY DODAWANIU DO KOSZYKA, NALE\u017bY DODAWA\u0106 KROTNO\u015a\u0106\u00a0 LICZBY 1 &#8211; (1 opak)\u00a0 np: 1;2;3 itd<\/span><\/h3>\n<h3><strong>CENA ZA SZTUK\u0118.<\/strong><\/h3>\n<h2><strong>\u00a0<\/strong><\/h2>\n","protected":false},"featured_media":9447,"comment_status":"open","ping_status":"closed","template":"","meta":[],"_links":{"self":[{"href":"https:\/\/violmax.pl\/index.php\/wp-json\/wp\/v2\/product\/9458"}],"collection":[{"href":"https:\/\/violmax.pl\/index.php\/wp-json\/wp\/v2\/product"}],"about":[{"href":"https:\/\/violmax.pl\/index.php\/wp-json\/wp\/v2\/types\/product"}],"replies":[{"embeddable":true,"href":"https:\/\/violmax.pl\/index.php\/wp-json\/wp\/v2\/comments?post=9458"}],"wp:featuredmedia":[{"embeddable":true,"href":"https:\/\/violmax.pl\/index.php\/wp-json\/wp\/v2\/media\/9447"}],"wp:attachment":[{"href":"https:\/\/violmax.pl\/index.php\/wp-json\/wp\/v2\/media?parent=9458"}],"curies":[{"name":"wp","href":"https:\/\/api.w.org\/{rel}","templated":true}]}}