{"id":9413,"date":"2022-10-01T15:35:31","date_gmt":"2022-10-01T13:35:31","guid":{"rendered":"http:\/\/violmax.pl\/?post_type=product&#038;p=9413"},"modified":"2022-10-01T18:06:34","modified_gmt":"2022-10-01T16:06:34","slug":"gdansk-kieliszek-do-likieru-bohemia-quadro-55ml","status":"publish","type":"product","link":"https:\/\/violmax.pl\/index.php\/produkt\/gdansk-kieliszek-do-likieru-bohemia-quadro-55ml\/","title":{"rendered":"GDA\u0143SK, KIELISZEK DO LIKIERU BOHEMIA &#8220;QUADRO&#8221; 55 ML"},"content":{"rendered":"<p><img loading=\"lazy\" class=\"alignnone size-medium wp-image-9415\" src=\"http:\/\/violmax.pl\/wp-content\/uploads\/2022\/10\/Gdansk_kieliszek_do_likieru_Bohemia_Quadro_55ml-1-300x225.png\" alt=\"\" width=\"300\" height=\"225\" srcset=\"https:\/\/violmax.pl\/wp-content\/uploads\/2022\/10\/Gdansk_kieliszek_do_likieru_Bohemia_Quadro_55ml-1-300x225.png 300w, https:\/\/violmax.pl\/wp-content\/uploads\/2022\/10\/Gdansk_kieliszek_do_likieru_Bohemia_Quadro_55ml-1-768x576.png 768w, https:\/\/violmax.pl\/wp-content\/uploads\/2022\/10\/Gdansk_kieliszek_do_likieru_Bohemia_Quadro_55ml-1-680x510.png 680w, https:\/\/violmax.pl\/wp-content\/uploads\/2022\/10\/Gdansk_kieliszek_do_likieru_Bohemia_Quadro_55ml-1-600x450.png 600w, https:\/\/violmax.pl\/wp-content\/uploads\/2022\/10\/Gdansk_kieliszek_do_likieru_Bohemia_Quadro_55ml-1.png 900w\" sizes=\"(max-width: 300px) 100vw, 300px\" \/><img loading=\"lazy\" class=\"alignnone size-medium wp-image-9404\" src=\"http:\/\/violmax.pl\/wp-content\/uploads\/2022\/10\/Gdansk_kieliszek_do_likieru_Bohemia_Quadro_55ml_Zuraw-300x300.png\" alt=\"\" width=\"300\" height=\"300\" srcset=\"https:\/\/violmax.pl\/wp-content\/uploads\/2022\/10\/Gdansk_kieliszek_do_likieru_Bohemia_Quadro_55ml_Zuraw-300x300.png 300w, https:\/\/violmax.pl\/wp-content\/uploads\/2022\/10\/Gdansk_kieliszek_do_likieru_Bohemia_Quadro_55ml_Zuraw-768x768.png 768w, https:\/\/violmax.pl\/wp-content\/uploads\/2022\/10\/Gdansk_kieliszek_do_likieru_Bohemia_Quadro_55ml_Zuraw-680x680.png 680w, https:\/\/violmax.pl\/wp-content\/uploads\/2022\/10\/Gdansk_kieliszek_do_likieru_Bohemia_Quadro_55ml_Zuraw-100x100.png 100w, https:\/\/violmax.pl\/wp-content\/uploads\/2022\/10\/Gdansk_kieliszek_do_likieru_Bohemia_Quadro_55ml_Zuraw.png 900w\" sizes=\"(max-width: 300px) 100vw, 300px\" \/><img loading=\"lazy\" class=\"alignnone size-medium wp-image-9403\" src=\"http:\/\/violmax.pl\/wp-content\/uploads\/2022\/10\/Gdansk_kieliszek_do_likieru_Bohemia_Quadro_55ml_orzel-300x300.png\" alt=\"\" width=\"300\" height=\"300\" srcset=\"https:\/\/violmax.pl\/wp-content\/uploads\/2022\/10\/Gdansk_kieliszek_do_likieru_Bohemia_Quadro_55ml_orzel-300x300.png 300w, https:\/\/violmax.pl\/wp-content\/uploads\/2022\/10\/Gdansk_kieliszek_do_likieru_Bohemia_Quadro_55ml_orzel-768x768.png 768w, https:\/\/violmax.pl\/wp-content\/uploads\/2022\/10\/Gdansk_kieliszek_do_likieru_Bohemia_Quadro_55ml_orzel-680x680.png 680w, https:\/\/violmax.pl\/wp-content\/uploads\/2022\/10\/Gdansk_kieliszek_do_likieru_Bohemia_Quadro_55ml_orzel-100x100.png 100w, https:\/\/violmax.pl\/wp-content\/uploads\/2022\/10\/Gdansk_kieliszek_do_likieru_Bohemia_Quadro_55ml_orzel.png 900w\" sizes=\"(max-width: 300px) 100vw, 300px\" \/><img loading=\"lazy\" class=\"alignnone size-medium wp-image-9402\" src=\"http:\/\/violmax.pl\/wp-content\/uploads\/2022\/10\/Gdansk_kieliszek_do_likieru_Bohemia_Quadro_55ml_Neptun-300x300.png\" alt=\"\" width=\"300\" height=\"300\" srcset=\"https:\/\/violmax.pl\/wp-content\/uploads\/2022\/10\/Gdansk_kieliszek_do_likieru_Bohemia_Quadro_55ml_Neptun-300x300.png 300w, https:\/\/violmax.pl\/wp-content\/uploads\/2022\/10\/Gdansk_kieliszek_do_likieru_Bohemia_Quadro_55ml_Neptun-768x768.png 768w, https:\/\/violmax.pl\/wp-content\/uploads\/2022\/10\/Gdansk_kieliszek_do_likieru_Bohemia_Quadro_55ml_Neptun-680x680.png 680w, https:\/\/violmax.pl\/wp-content\/uploads\/2022\/10\/Gdansk_kieliszek_do_likieru_Bohemia_Quadro_55ml_Neptun-100x100.png 100w, https:\/\/violmax.pl\/wp-content\/uploads\/2022\/10\/Gdansk_kieliszek_do_likieru_Bohemia_Quadro_55ml_Neptun.png 900w\" sizes=\"(max-width: 300px) 100vw, 300px\" \/><img loading=\"lazy\" class=\"alignnone size-medium wp-image-9401\" src=\"http:\/\/violmax.pl\/wp-content\/uploads\/2022\/10\/Gdansk_kieliszek_do_likieru_Bohemia_Quadro_55ml_Lwy-300x300.png\" alt=\"\" width=\"300\" height=\"300\" srcset=\"https:\/\/violmax.pl\/wp-content\/uploads\/2022\/10\/Gdansk_kieliszek_do_likieru_Bohemia_Quadro_55ml_Lwy-300x300.png 300w, https:\/\/violmax.pl\/wp-content\/uploads\/2022\/10\/Gdansk_kieliszek_do_likieru_Bohemia_Quadro_55ml_Lwy-768x768.png 768w, https:\/\/violmax.pl\/wp-content\/uploads\/2022\/10\/Gdansk_kieliszek_do_likieru_Bohemia_Quadro_55ml_Lwy-680x680.png 680w, https:\/\/violmax.pl\/wp-content\/uploads\/2022\/10\/Gdansk_kieliszek_do_likieru_Bohemia_Quadro_55ml_Lwy-100x100.png 100w, https:\/\/violmax.pl\/wp-content\/uploads\/2022\/10\/Gdansk_kieliszek_do_likieru_Bohemia_Quadro_55ml_Lwy.png 900w\" sizes=\"(max-width: 300px) 100vw, 300px\" \/><\/p>\n<p>&nbsp;<\/p>\n<p>Kieliszek do likieru Bohemia &#8220;QUADRO&#8221;o pojemno\u015bci 55 ml. Ka\u017cdy kieliszek jest piaskowany dooko\u0142a. Kieliszek wykonany jest z wysokiej jako\u015bci szk\u0142a kryszta\u0142owego. Na kieliszku widzimy motywy typowe dla miasta Gda\u0144sk.Takie pami\u0105tki zawsze robi\u0105 wra\u017cenie. Po\u0142\u0105czenie praktycznej rzeczy z oryginaln\u0105 pami\u0105tk\u0105 i ozdob\u0105 np w kuchennej szafce czy eleganckim barku, w salonie.Idealna pami\u0105tka z Gda\u0144ska, \u015bwietny prezent dla ka\u017cdego. Kieliszki mo\u017cna my\u0107 w zmywarkach.<\/p>\n<p>&nbsp;<\/p>\n","protected":false},"excerpt":{"rendered":"<p><img loading=\"lazy\" class=\"alignnone size-medium wp-image-3492\" src=\"http:\/\/violmax.pl\/wp-content\/uploads\/2020\/05\/VIOLMAX_POLSKA-300x28.jpg\" alt=\"\" width=\"300\" height=\"28\" \/><\/p>\n<p>&nbsp;<\/p>\n<p>Kieliszek do likieru Bohemia &#8220;QUADRO&#8221;o pojemno\u015bci 55 ml. Ka\u017cdy kieliszek jest piaskowany dooko\u0142a. Kieliszek wykonany jest z wysokiej jako\u015bci szk\u0142a kryszta\u0142owego. Na kieliszku widzimy motywy typowe dla miasta Gda\u0144sk.Takie pami\u0105tki zawsze robi\u0105 wra\u017cenie. Po\u0142\u0105czenie praktycznej rzeczy z oryginaln\u0105 pami\u0105tk\u0105 i ozdob\u0105 np w kuchennej szafce czy eleganckim barku, w salonie.Idealna pami\u0105tka z Gda\u0144ska, \u015bwietny prezent dla ka\u017cdego. Kieliszki mo\u017cna my\u0107 w zmywarkach.<\/p>\n<p><strong><em>Minimalna ilo\u015b\u0107 zam\u00f3wienia &#8211; 6 sztuk (1 opakowanie)<\/em><br \/>\n<\/strong><\/p>\n<p><strong><em>Towar sprzedawany na opakowania<\/em><\/strong><\/p>\n<h3><span style=\"color: #ff0000;\">PRZY DODAWANIU DO KOSZYKA, NALE\u017bY DODAWA\u0106 KROTNO\u015a\u0106\u00a0 LICZBY 1 &#8211; (1 opak)\u00a0 np: 1 ; 2 ; 3 itd<\/span><\/h3>\n<h3><strong>CENA ZA KOMPLET.<\/strong><\/h3>\n","protected":false},"featured_media":9415,"comment_status":"open","ping_status":"closed","template":"","meta":[],"_links":{"self":[{"href":"https:\/\/violmax.pl\/index.php\/wp-json\/wp\/v2\/product\/9413"}],"collection":[{"href":"https:\/\/violmax.pl\/index.php\/wp-json\/wp\/v2\/product"}],"about":[{"href":"https:\/\/violmax.pl\/index.php\/wp-json\/wp\/v2\/types\/product"}],"replies":[{"embeddable":true,"href":"https:\/\/violmax.pl\/index.php\/wp-json\/wp\/v2\/comments?post=9413"}],"wp:featuredmedia":[{"embeddable":true,"href":"https:\/\/violmax.pl\/index.php\/wp-json\/wp\/v2\/media\/9415"}],"wp:attachment":[{"href":"https:\/\/violmax.pl\/index.php\/wp-json\/wp\/v2\/media?parent=9413"}],"curies":[{"name":"wp","href":"https:\/\/api.w.org\/{rel}","templated":true}]}}