{"id":9411,"date":"2022-10-01T15:27:07","date_gmt":"2022-10-01T13:27:07","guid":{"rendered":"http:\/\/violmax.pl\/?post_type=product&#038;p=9411"},"modified":"2022-10-01T15:33:16","modified_gmt":"2022-10-01T13:33:16","slug":"gdansk-kieliszek-do-wodki-bohemia-quadro-50ml","status":"publish","type":"product","link":"https:\/\/violmax.pl\/index.php\/produkt\/gdansk-kieliszek-do-wodki-bohemia-quadro-50ml\/","title":{"rendered":"GDA\u0143SK, KIELISZEK DO W\u00d3DKI BOHEMIA &#8220;QUADRO&#8221; 50 ML"},"content":{"rendered":"<p>&nbsp;<\/p>\n<p><img loading=\"lazy\" class=\"alignnone size-medium wp-image-9409\" src=\"http:\/\/violmax.pl\/wp-content\/uploads\/2022\/10\/Gdansk_kieliszek_do_wodki_Bohemia_Quadro_50ml-300x300.png\" alt=\"\" width=\"300\" height=\"300\" srcset=\"https:\/\/violmax.pl\/wp-content\/uploads\/2022\/10\/Gdansk_kieliszek_do_wodki_Bohemia_Quadro_50ml-300x300.png 300w, https:\/\/violmax.pl\/wp-content\/uploads\/2022\/10\/Gdansk_kieliszek_do_wodki_Bohemia_Quadro_50ml-768x768.png 768w, https:\/\/violmax.pl\/wp-content\/uploads\/2022\/10\/Gdansk_kieliszek_do_wodki_Bohemia_Quadro_50ml-680x680.png 680w, https:\/\/violmax.pl\/wp-content\/uploads\/2022\/10\/Gdansk_kieliszek_do_wodki_Bohemia_Quadro_50ml-100x100.png 100w, https:\/\/violmax.pl\/wp-content\/uploads\/2022\/10\/Gdansk_kieliszek_do_wodki_Bohemia_Quadro_50ml.png 900w\" sizes=\"(max-width: 300px) 100vw, 300px\" \/><img loading=\"lazy\" class=\"alignnone size-medium wp-image-9408\" src=\"http:\/\/violmax.pl\/wp-content\/uploads\/2022\/10\/Gdansk_kieliszek_do_wodki_Bohemia_Quadro_50ml_Zuraw-200x300.png\" alt=\"\" width=\"200\" height=\"300\" srcset=\"https:\/\/violmax.pl\/wp-content\/uploads\/2022\/10\/Gdansk_kieliszek_do_wodki_Bohemia_Quadro_50ml_Zuraw-200x300.png 200w, https:\/\/violmax.pl\/wp-content\/uploads\/2022\/10\/Gdansk_kieliszek_do_wodki_Bohemia_Quadro_50ml_Zuraw.png 600w\" sizes=\"(max-width: 200px) 100vw, 200px\" \/><img loading=\"lazy\" class=\"alignnone size-medium wp-image-9407\" src=\"http:\/\/violmax.pl\/wp-content\/uploads\/2022\/10\/Gdansk_kieliszek_do_wodki_Bohemia_Quadro_50ml_orzel-200x300.png\" alt=\"\" width=\"200\" height=\"300\" srcset=\"https:\/\/violmax.pl\/wp-content\/uploads\/2022\/10\/Gdansk_kieliszek_do_wodki_Bohemia_Quadro_50ml_orzel-200x300.png 200w, https:\/\/violmax.pl\/wp-content\/uploads\/2022\/10\/Gdansk_kieliszek_do_wodki_Bohemia_Quadro_50ml_orzel.png 600w\" sizes=\"(max-width: 200px) 100vw, 200px\" \/><img loading=\"lazy\" class=\"alignnone size-medium wp-image-9406\" src=\"http:\/\/violmax.pl\/wp-content\/uploads\/2022\/10\/Gdansk_kieliszek_do_wodki_Bohemia_Quadro_50ml_Neptun-200x300.png\" alt=\"\" width=\"200\" height=\"300\" srcset=\"https:\/\/violmax.pl\/wp-content\/uploads\/2022\/10\/Gdansk_kieliszek_do_wodki_Bohemia_Quadro_50ml_Neptun-200x300.png 200w, https:\/\/violmax.pl\/wp-content\/uploads\/2022\/10\/Gdansk_kieliszek_do_wodki_Bohemia_Quadro_50ml_Neptun.png 600w\" sizes=\"(max-width: 200px) 100vw, 200px\" \/><img loading=\"lazy\" class=\"alignnone size-medium wp-image-9405\" src=\"http:\/\/violmax.pl\/wp-content\/uploads\/2022\/10\/Gdansk_kieliszek_do_wodki_Bohemia_Quadro_50ml_herb-200x300.png\" alt=\"\" width=\"200\" height=\"300\" srcset=\"https:\/\/violmax.pl\/wp-content\/uploads\/2022\/10\/Gdansk_kieliszek_do_wodki_Bohemia_Quadro_50ml_herb-200x300.png 200w, https:\/\/violmax.pl\/wp-content\/uploads\/2022\/10\/Gdansk_kieliszek_do_wodki_Bohemia_Quadro_50ml_herb.png 600w\" sizes=\"(max-width: 200px) 100vw, 200px\" \/><\/p>\n<p>Kieliszek do w\u00f3dki Bohemia &#8220;QUADRO&#8221;o pojemno\u015bci 50 ml. Ka\u017cdy kieliszek jest piaskowany dooko\u0142a. Kieliszek wykonany jest z wysokiej jako\u015bci szk\u0142a kryszta\u0142owego. Na kieliszku widzimy motywy typowe dla miasta Gda\u0144sk.Takie pami\u0105tki zawsze robi\u0105 wra\u017cenie. Po\u0142\u0105czenie praktycznej rzeczy z oryginaln\u0105 pami\u0105tk\u0105 i ozdob\u0105 np w kuchennej szafce czy eleganckim barku, w salonie.Idealna pami\u0105tka z Gda\u0144ska, \u015bwietny prezent dla ka\u017cdego. Kieliszki mo\u017cna my\u0107 w zmywarkach.<\/p>\n<p>&nbsp;<\/p>\n","protected":false},"excerpt":{"rendered":"<p><img loading=\"lazy\" class=\"alignnone size-medium wp-image-3492\" src=\"http:\/\/violmax.pl\/wp-content\/uploads\/2020\/05\/VIOLMAX_POLSKA-300x28.jpg\" alt=\"\" width=\"300\" height=\"28\" \/><\/p>\n<p>&nbsp;<\/p>\n<p>Kieliszek do w\u00f3dki Bohemia &#8220;QUADRO&#8221;o pojemno\u015bci 50 ml. Ka\u017cdy kieliszek jest piaskowany dooko\u0142a. Kieliszek wykonany jest z wysokiej jako\u015bci szk\u0142a kryszta\u0142owego. Na kieliszku widzimy motywy typowe dla miasta Gda\u0144sk.Takie pami\u0105tki zawsze robi\u0105 wra\u017cenie. Po\u0142\u0105czenie praktycznej rzeczy z oryginaln\u0105 pami\u0105tk\u0105 i ozdob\u0105 np w kuchennej szafce czy eleganckim barku, w salonie.Idealna pami\u0105tka z Gda\u0144ska, \u015bwietny prezent dla ka\u017cdego. Kieliszki mo\u017cna my\u0107 w zmywarkach.<\/p>\n<p><strong><em>Minimalna ilo\u015b\u0107 zam\u00f3wienia &#8211; 6 sztuk (1 opakowanie)<\/em><br \/>\n<\/strong><\/p>\n<p><strong><em>Towar sprzedawany na opakowania<\/em><\/strong><\/p>\n<h3><span style=\"color: #ff0000;\">PRZY DODAWANIU DO KOSZYKA, NALE\u017bY DODAWA\u0106 KROTNO\u015a\u0106\u00a0 LICZBY 1 &#8211; (1 opak)\u00a0 np: 1 ; 2 ; 3 itd<\/span><\/h3>\n<h3><strong>CENA ZA KOMPLET.<\/strong><\/h3>\n","protected":false},"featured_media":9409,"comment_status":"open","ping_status":"closed","template":"","meta":[],"_links":{"self":[{"href":"https:\/\/violmax.pl\/index.php\/wp-json\/wp\/v2\/product\/9411"}],"collection":[{"href":"https:\/\/violmax.pl\/index.php\/wp-json\/wp\/v2\/product"}],"about":[{"href":"https:\/\/violmax.pl\/index.php\/wp-json\/wp\/v2\/types\/product"}],"replies":[{"embeddable":true,"href":"https:\/\/violmax.pl\/index.php\/wp-json\/wp\/v2\/comments?post=9411"}],"wp:featuredmedia":[{"embeddable":true,"href":"https:\/\/violmax.pl\/index.php\/wp-json\/wp\/v2\/media\/9409"}],"wp:attachment":[{"href":"https:\/\/violmax.pl\/index.php\/wp-json\/wp\/v2\/media?parent=9411"}],"curies":[{"name":"wp","href":"https:\/\/api.w.org\/{rel}","templated":true}]}}