{"id":9389,"date":"2022-09-30T21:14:56","date_gmt":"2022-09-30T19:14:56","guid":{"rendered":"http:\/\/violmax.pl\/?post_type=product&#038;p=9389"},"modified":"2022-10-01T08:56:41","modified_gmt":"2022-10-01T06:56:41","slug":"gdansk-karafka-do-whisky-caro-750-ml","status":"publish","type":"product","link":"https:\/\/violmax.pl\/index.php\/produkt\/gdansk-karafka-do-whisky-caro-750-ml\/","title":{"rendered":"GDA\u0143SK, KARAFKA DO WHISKY KROSNO &#8220;CARO&#8221; 750 ML"},"content":{"rendered":"<p><img loading=\"lazy\" class=\"alignnone size-medium wp-image-9385\" src=\"http:\/\/violmax.pl\/wp-content\/uploads\/2022\/09\/Gdansk_karafka_Krosno_Caro_750m_Neptunl-236x300.png\" alt=\"\" width=\"236\" height=\"300\" srcset=\"https:\/\/violmax.pl\/wp-content\/uploads\/2022\/09\/Gdansk_karafka_Krosno_Caro_750m_Neptunl-236x300.png 236w, https:\/\/violmax.pl\/wp-content\/uploads\/2022\/09\/Gdansk_karafka_Krosno_Caro_750m_Neptunl-70x90.png 70w, https:\/\/violmax.pl\/wp-content\/uploads\/2022\/09\/Gdansk_karafka_Krosno_Caro_750m_Neptunl-680x866.png 680w, https:\/\/violmax.pl\/wp-content\/uploads\/2022\/09\/Gdansk_karafka_Krosno_Caro_750m_Neptunl.png 707w\" sizes=\"(max-width: 236px) 100vw, 236px\" \/><img loading=\"lazy\" class=\"alignnone size-medium wp-image-9388\" src=\"http:\/\/violmax.pl\/wp-content\/uploads\/2022\/09\/Gdansk_karafka_Krosno_Caro_750ml_Zuraw-236x300.png\" alt=\"\" width=\"236\" height=\"300\" srcset=\"https:\/\/violmax.pl\/wp-content\/uploads\/2022\/09\/Gdansk_karafka_Krosno_Caro_750ml_Zuraw-236x300.png 236w, https:\/\/violmax.pl\/wp-content\/uploads\/2022\/09\/Gdansk_karafka_Krosno_Caro_750ml_Zuraw-70x90.png 70w, https:\/\/violmax.pl\/wp-content\/uploads\/2022\/09\/Gdansk_karafka_Krosno_Caro_750ml_Zuraw-680x866.png 680w, https:\/\/violmax.pl\/wp-content\/uploads\/2022\/09\/Gdansk_karafka_Krosno_Caro_750ml_Zuraw.png 707w\" sizes=\"(max-width: 236px) 100vw, 236px\" \/><img loading=\"lazy\" class=\"alignnone size-medium wp-image-9386\" src=\"http:\/\/violmax.pl\/wp-content\/uploads\/2022\/09\/Gdansk_karafka_Krosno_Caro_750ml_Lwy-236x300.png\" alt=\"\" width=\"236\" height=\"300\" srcset=\"https:\/\/violmax.pl\/wp-content\/uploads\/2022\/09\/Gdansk_karafka_Krosno_Caro_750ml_Lwy-236x300.png 236w, https:\/\/violmax.pl\/wp-content\/uploads\/2022\/09\/Gdansk_karafka_Krosno_Caro_750ml_Lwy-70x90.png 70w, https:\/\/violmax.pl\/wp-content\/uploads\/2022\/09\/Gdansk_karafka_Krosno_Caro_750ml_Lwy-680x866.png 680w, https:\/\/violmax.pl\/wp-content\/uploads\/2022\/09\/Gdansk_karafka_Krosno_Caro_750ml_Lwy.png 707w\" sizes=\"(max-width: 236px) 100vw, 236px\" \/><img loading=\"lazy\" class=\"alignnone size-medium wp-image-9387\" src=\"http:\/\/violmax.pl\/wp-content\/uploads\/2022\/09\/Gdansk_karafka_Krosno_Caro_750ml_prom-236x300.png\" alt=\"\" width=\"236\" height=\"300\" srcset=\"https:\/\/violmax.pl\/wp-content\/uploads\/2022\/09\/Gdansk_karafka_Krosno_Caro_750ml_prom-236x300.png 236w, https:\/\/violmax.pl\/wp-content\/uploads\/2022\/09\/Gdansk_karafka_Krosno_Caro_750ml_prom-70x90.png 70w, https:\/\/violmax.pl\/wp-content\/uploads\/2022\/09\/Gdansk_karafka_Krosno_Caro_750ml_prom-680x866.png 680w, https:\/\/violmax.pl\/wp-content\/uploads\/2022\/09\/Gdansk_karafka_Krosno_Caro_750ml_prom.png 707w\" sizes=\"(max-width: 236px) 100vw, 236px\" \/><\/p>\n<p>&nbsp;<\/p>\n<p>Karafka zdobiona do whisky Krosno &#8220;CARO&#8221; o pojemno\u015bci 750 ml. Ozdobiona jest z 4 stron tj. Gda\u0144skimi Lwami, Neptunem, promem oraz \u017burawiem Gda\u0144skim. Karafka jest zdobiona metod\u0105 piaskowania, to sprawia \u017ce zdobienie jest tak d\u0142ugo,p\u00f3ki karafka nie ulegnie st\u0142uczeniu . Wygodna karafka o du\u017cej pojemno\u015bci, dobrze trzyma si\u0119 w d\u0142oni.\u00a0 Wykonana jest z wysokiej jako\u015bci szk\u0142a. Jest to elegancki upominek z pobytu w Gda\u0144sku lub \u015bwietny prezent. Nadaje si\u0119 do mycia w zmywarce.<\/p>\n","protected":false},"excerpt":{"rendered":"<p><img loading=\"lazy\" class=\"alignnone size-full wp-image-5364\" src=\"http:\/\/violmax.pl\/wp-content\/uploads\/2020\/10\/VIOLMAX_POLSKA-3.jpg\" alt=\"\" width=\"300\" height=\"28\" \/><\/p>\n<p>&nbsp;<\/p>\n<p>Karafka zdobiona do whisky Krosno &#8220;CARO&#8221; o pojemno\u015bci 750 ml. Ozdobiona jest z 4 stron tj. Gda\u0144skimi Lwami, Neptunem, promem oraz \u017burawiem Gda\u0144skim. Karafka jest zdobiona metod\u0105 piaskowania, to sprawia \u017ce zdobienie jest tak d\u0142ugo,p\u00f3ki karafka nie ulegnie st\u0142uczeniu . Wygodna karafka o du\u017cej pojemno\u015bci, dobrze trzyma si\u0119 w d\u0142oni.\u00a0 Wykonana jest z wysokiej jako\u015bci szk\u0142a. Jest to elegancki upominek z pobytu w Gda\u0144sku lub \u015bwietny prezent. Nadaje si\u0119 do mycia w zmywarce.<\/p>\n<p><em><strong>Minimalna ilo\u015b\u0107 zam\u00f3wienia &#8211; 1 sztuk (1 opakowanie)<br \/>\n<\/strong><\/em><\/p>\n<p><strong><em>Towar sprzedawany na opakowania<\/em><\/strong><\/p>\n<h3><span style=\"color: #ff0000;\">PRZY DODAWANIU DO KOSZYKA, NALE\u017bY DODAWA\u0106 KROTNO\u015a\u0106\u00a0 LICZBY 1 &#8211; (1 opak)\u00a0 np: 1;2;3 itd<\/span><\/h3>\n<h3><strong>CENA ZA SZTUK\u0118.<\/strong><\/h3>\n<h2><strong>\u00a0<\/strong><\/h2>\n","protected":false},"featured_media":9385,"comment_status":"open","ping_status":"closed","template":"","meta":[],"_links":{"self":[{"href":"https:\/\/violmax.pl\/index.php\/wp-json\/wp\/v2\/product\/9389"}],"collection":[{"href":"https:\/\/violmax.pl\/index.php\/wp-json\/wp\/v2\/product"}],"about":[{"href":"https:\/\/violmax.pl\/index.php\/wp-json\/wp\/v2\/types\/product"}],"replies":[{"embeddable":true,"href":"https:\/\/violmax.pl\/index.php\/wp-json\/wp\/v2\/comments?post=9389"}],"wp:featuredmedia":[{"embeddable":true,"href":"https:\/\/violmax.pl\/index.php\/wp-json\/wp\/v2\/media\/9385"}],"wp:attachment":[{"href":"https:\/\/violmax.pl\/index.php\/wp-json\/wp\/v2\/media?parent=9389"}],"curies":[{"name":"wp","href":"https:\/\/api.w.org\/{rel}","templated":true}]}}