{"id":9381,"date":"2022-09-30T19:14:20","date_gmt":"2022-09-30T17:14:20","guid":{"rendered":"http:\/\/violmax.pl\/?post_type=product&#038;p=9381"},"modified":"2022-10-01T08:56:42","modified_gmt":"2022-10-01T06:56:42","slug":"gdansk-karafka-bohemia-brilliancy-500-ml","status":"publish","type":"product","link":"https:\/\/violmax.pl\/index.php\/produkt\/gdansk-karafka-bohemia-brilliancy-500-ml\/","title":{"rendered":"GDA\u0143SK, KARAFKA BOHEMIA &#8220;BRILLIANCY&#8221; KRYSZTA\u0141 500 ML"},"content":{"rendered":"<p>&nbsp;<\/p>\n<p><img loading=\"lazy\" class=\"alignnone size-medium wp-image-9375\" src=\"http:\/\/violmax.pl\/wp-content\/uploads\/2022\/09\/Gdansk_karafka_Bohemia_Brilliancy_500ml_Lwy-220x300.png\" alt=\"\" width=\"220\" height=\"300\" srcset=\"https:\/\/violmax.pl\/wp-content\/uploads\/2022\/09\/Gdansk_karafka_Bohemia_Brilliancy_500ml_Lwy-220x300.png 220w, https:\/\/violmax.pl\/wp-content\/uploads\/2022\/09\/Gdansk_karafka_Bohemia_Brilliancy_500ml_Lwy.png 660w\" sizes=\"(max-width: 220px) 100vw, 220px\" \/><img loading=\"lazy\" class=\"alignnone size-medium wp-image-9376\" src=\"http:\/\/violmax.pl\/wp-content\/uploads\/2022\/09\/Gdansk_karafka_Bohemia_Brilliancy_500ml_Zuraw-220x300.png\" alt=\"\" width=\"220\" height=\"300\" srcset=\"https:\/\/violmax.pl\/wp-content\/uploads\/2022\/09\/Gdansk_karafka_Bohemia_Brilliancy_500ml_Zuraw-220x300.png 220w, https:\/\/violmax.pl\/wp-content\/uploads\/2022\/09\/Gdansk_karafka_Bohemia_Brilliancy_500ml_Zuraw.png 660w\" sizes=\"(max-width: 220px) 100vw, 220px\" \/><\/p>\n<p>Karafka zdobiona Bohemia &#8220;BRILLIANCY&#8221; o pojemno\u015bci 500 ml. Ozdobiona jest z 2 stron tj. z jednej strony Gda\u0144skimi Lwami a z drugiej strony \u017burawiem z \u017caglowcem. Karafka jest zdobiona metod\u0105 piaskowania, to sprawia \u017ce zdobienie jest tak d\u0142ugo,p\u00f3ki karafka nie ulegnie st\u0142uczeniu . Wygodna karafka o \u015bredniej pojemno\u015bci, dobrze trzyma si\u0119 w d\u0142oni.\u00a0 Wykonana jest z wysokiej jako\u015bci szk\u0142a kryszta\u0142owego. Jest to elegancki upominek z pobytu w Gda\u0144sku lub \u015bwietny prezent. Nadaje si\u0119 do mycia w zmywarce.<\/p>\n","protected":false},"excerpt":{"rendered":"<p><img loading=\"lazy\" class=\"alignnone size-full wp-image-5364\" src=\"http:\/\/violmax.pl\/wp-content\/uploads\/2020\/10\/VIOLMAX_POLSKA-3.jpg\" alt=\"\" width=\"300\" height=\"28\" \/><\/p>\n<p>&nbsp;<\/p>\n<p>Karafka zdobiona Bohemia &#8220;BRILLIANCY&#8221; o pojemno\u015bci 500 ml. Ozdobiona jest z 2 stron tj. z jednej strony Gda\u0144skimi Lwami a z drugiej strony \u017burawiem z \u017caglowcem. Karafka jest zdobiona metod\u0105 piaskowania, to sprawia \u017ce zdobienie jest tak d\u0142ugo,p\u00f3ki karafka nie ulegnie st\u0142uczeniu . Wygodna karafka o \u015bredniej pojemno\u015bci, dobrze trzyma si\u0119 w d\u0142oni.\u00a0 Wykonana jest z wysokiej jako\u015bci szk\u0142a kryszta\u0142owego. Jest to elegancki upominek z pobytu w Gda\u0144sku lub \u015bwietny prezent. Nadaje si\u0119 do mycia w zmywarce.<\/p>\n<p><em><strong>Minimalna ilo\u015b\u0107 zam\u00f3wienia &#8211; 1 sztuk (1 opakowanie)<br \/>\n<\/strong><\/em><\/p>\n<p><strong><em>Towar sprzedawany na opakowania<\/em><\/strong><\/p>\n<h3><span style=\"color: #ff0000;\">PRZY DODAWANIU DO KOSZYKA, NALE\u017bY DODAWA\u0106 KROTNO\u015a\u0106\u00a0 LICZBY 1 &#8211; (1 opak)\u00a0 np: 1;2;3 itd<\/span><\/h3>\n<h3><strong>CENA ZA SZTUK\u0118.<\/strong><\/h3>\n<h2><strong>\u00a0<\/strong><\/h2>\n","protected":false},"featured_media":9375,"comment_status":"open","ping_status":"closed","template":"","meta":[],"_links":{"self":[{"href":"https:\/\/violmax.pl\/index.php\/wp-json\/wp\/v2\/product\/9381"}],"collection":[{"href":"https:\/\/violmax.pl\/index.php\/wp-json\/wp\/v2\/product"}],"about":[{"href":"https:\/\/violmax.pl\/index.php\/wp-json\/wp\/v2\/types\/product"}],"replies":[{"embeddable":true,"href":"https:\/\/violmax.pl\/index.php\/wp-json\/wp\/v2\/comments?post=9381"}],"wp:featuredmedia":[{"embeddable":true,"href":"https:\/\/violmax.pl\/index.php\/wp-json\/wp\/v2\/media\/9375"}],"wp:attachment":[{"href":"https:\/\/violmax.pl\/index.php\/wp-json\/wp\/v2\/media?parent=9381"}],"curies":[{"name":"wp","href":"https:\/\/api.w.org\/{rel}","templated":true}]}}