{"id":9373,"date":"2022-09-30T14:39:59","date_gmt":"2022-09-30T12:39:59","guid":{"rendered":"http:\/\/violmax.pl\/?post_type=product&#038;p=9373"},"modified":"2022-10-01T14:02:25","modified_gmt":"2022-10-01T12:02:25","slug":"gdansk-szklanka-do-whisky-bohemia-cooper-320ml","status":"publish","type":"product","link":"https:\/\/violmax.pl\/index.php\/produkt\/gdansk-szklanka-do-whisky-bohemia-cooper-320ml\/","title":{"rendered":"GDA\u0143SK, SZKLANKA DO WHISKY BOHEMIA &#8220;COOPER&#8221; KRYSZTA\u0141 320 ML"},"content":{"rendered":"<p><img loading=\"lazy\" class=\"alignnone size-medium wp-image-9399\" src=\"http:\/\/violmax.pl\/wp-content\/uploads\/2022\/10\/Gdansk_szklanka_Bohemia_whisky_Cooper_320ml-300x200.png\" alt=\"\" width=\"300\" height=\"200\" srcset=\"https:\/\/violmax.pl\/wp-content\/uploads\/2022\/10\/Gdansk_szklanka_Bohemia_whisky_Cooper_320ml-300x200.png 300w, https:\/\/violmax.pl\/wp-content\/uploads\/2022\/10\/Gdansk_szklanka_Bohemia_whisky_Cooper_320ml-768x512.png 768w, https:\/\/violmax.pl\/wp-content\/uploads\/2022\/10\/Gdansk_szklanka_Bohemia_whisky_Cooper_320ml-680x453.png 680w, https:\/\/violmax.pl\/wp-content\/uploads\/2022\/10\/Gdansk_szklanka_Bohemia_whisky_Cooper_320ml.png 900w\" sizes=\"(max-width: 300px) 100vw, 300px\" \/><\/p>\n<p><img loading=\"lazy\" class=\"alignnone size-medium wp-image-9366\" src=\"http:\/\/violmax.pl\/wp-content\/uploads\/2022\/09\/Gdansk_szklanka_Bohemia_whisky_Cooper_320ml_Lwy-300x300.png\" alt=\"\" width=\"300\" height=\"300\" srcset=\"https:\/\/violmax.pl\/wp-content\/uploads\/2022\/09\/Gdansk_szklanka_Bohemia_whisky_Cooper_320ml_Lwy-300x300.png 300w, https:\/\/violmax.pl\/wp-content\/uploads\/2022\/09\/Gdansk_szklanka_Bohemia_whisky_Cooper_320ml_Lwy-768x768.png 768w, https:\/\/violmax.pl\/wp-content\/uploads\/2022\/09\/Gdansk_szklanka_Bohemia_whisky_Cooper_320ml_Lwy-680x680.png 680w, https:\/\/violmax.pl\/wp-content\/uploads\/2022\/09\/Gdansk_szklanka_Bohemia_whisky_Cooper_320ml_Lwy-100x100.png 100w, https:\/\/violmax.pl\/wp-content\/uploads\/2022\/09\/Gdansk_szklanka_Bohemia_whisky_Cooper_320ml_Lwy.png 900w\" sizes=\"(max-width: 300px) 100vw, 300px\" \/><img loading=\"lazy\" class=\"alignnone size-medium wp-image-9367\" src=\"http:\/\/violmax.pl\/wp-content\/uploads\/2022\/09\/Gdansk_szklanka_Bohemia_whisky_Cooper_320ml_Neptun-300x300.png\" alt=\"\" width=\"300\" height=\"300\" srcset=\"https:\/\/violmax.pl\/wp-content\/uploads\/2022\/09\/Gdansk_szklanka_Bohemia_whisky_Cooper_320ml_Neptun-300x300.png 300w, https:\/\/violmax.pl\/wp-content\/uploads\/2022\/09\/Gdansk_szklanka_Bohemia_whisky_Cooper_320ml_Neptun-768x768.png 768w, https:\/\/violmax.pl\/wp-content\/uploads\/2022\/09\/Gdansk_szklanka_Bohemia_whisky_Cooper_320ml_Neptun-680x680.png 680w, https:\/\/violmax.pl\/wp-content\/uploads\/2022\/09\/Gdansk_szklanka_Bohemia_whisky_Cooper_320ml_Neptun-100x100.png 100w, https:\/\/violmax.pl\/wp-content\/uploads\/2022\/09\/Gdansk_szklanka_Bohemia_whisky_Cooper_320ml_Neptun.png 900w\" sizes=\"(max-width: 300px) 100vw, 300px\" \/><img loading=\"lazy\" class=\"alignnone size-medium wp-image-9368\" src=\"http:\/\/violmax.pl\/wp-content\/uploads\/2022\/09\/Gdansk_szklanka_Bohemia_whisky_Cooper_320ml_prom-300x300.png\" alt=\"\" width=\"300\" height=\"300\" srcset=\"https:\/\/violmax.pl\/wp-content\/uploads\/2022\/09\/Gdansk_szklanka_Bohemia_whisky_Cooper_320ml_prom-300x300.png 300w, https:\/\/violmax.pl\/wp-content\/uploads\/2022\/09\/Gdansk_szklanka_Bohemia_whisky_Cooper_320ml_prom-768x768.png 768w, https:\/\/violmax.pl\/wp-content\/uploads\/2022\/09\/Gdansk_szklanka_Bohemia_whisky_Cooper_320ml_prom-680x680.png 680w, https:\/\/violmax.pl\/wp-content\/uploads\/2022\/09\/Gdansk_szklanka_Bohemia_whisky_Cooper_320ml_prom-100x100.png 100w, https:\/\/violmax.pl\/wp-content\/uploads\/2022\/09\/Gdansk_szklanka_Bohemia_whisky_Cooper_320ml_prom.png 900w\" sizes=\"(max-width: 300px) 100vw, 300px\" \/><img loading=\"lazy\" class=\"alignnone size-medium wp-image-9369\" src=\"http:\/\/violmax.pl\/wp-content\/uploads\/2022\/09\/Gdansk_szklanka_Bohemia_whisky_Cooper_320ml_Zuraw-300x300.png\" alt=\"\" width=\"300\" height=\"300\" srcset=\"https:\/\/violmax.pl\/wp-content\/uploads\/2022\/09\/Gdansk_szklanka_Bohemia_whisky_Cooper_320ml_Zuraw-300x300.png 300w, https:\/\/violmax.pl\/wp-content\/uploads\/2022\/09\/Gdansk_szklanka_Bohemia_whisky_Cooper_320ml_Zuraw-768x768.png 768w, https:\/\/violmax.pl\/wp-content\/uploads\/2022\/09\/Gdansk_szklanka_Bohemia_whisky_Cooper_320ml_Zuraw-680x680.png 680w, https:\/\/violmax.pl\/wp-content\/uploads\/2022\/09\/Gdansk_szklanka_Bohemia_whisky_Cooper_320ml_Zuraw-100x100.png 100w, https:\/\/violmax.pl\/wp-content\/uploads\/2022\/09\/Gdansk_szklanka_Bohemia_whisky_Cooper_320ml_Zuraw.png 900w\" sizes=\"(max-width: 300px) 100vw, 300px\" \/><\/p>\n<p>Szklanka do whisky Bohemia szk\u0142o kryszta\u0142 &#8220;COOPER&#8221; o pojemno\u015bci 320 ml. Szklanka\u00a0 jest wypiaskowany na oko\u0142o , co sprawia \u017ce wygl\u0105da jak by by\u0142a zmro\u017cona. Ozdobiona jest z 4 stron tj. Gda\u0144skimi Lwami, Neptunem, \u017burawiem i promem. W komplecie znajduje si\u0119 6 szklanek. Ka\u017cda szklanka jest przedstawiona na zdj\u0119ciu. Wygodna szklanka o du\u017cej pojemno\u015bci, dobrze trzyma si\u0119 w d\u0142oni.\u00a0 Wykonana jest z wysokiej jako\u015bci szk\u0142a kryszta\u0142owego. Jest to elegancki upominek z pobytu w Gda\u0144sku lub \u015bwietny prezent. Nadaje si\u0119 do mycia w zmywarce.<\/p>\n","protected":false},"excerpt":{"rendered":"<p><img loading=\"lazy\" class=\"alignnone size-full wp-image-5364\" src=\"http:\/\/violmax.pl\/wp-content\/uploads\/2020\/10\/VIOLMAX_POLSKA-3.jpg\" alt=\"\" width=\"300\" height=\"28\" \/><\/p>\n<p>&nbsp;<\/p>\n<p>Szklanka do whisky Bohemia szk\u0142o kryszta\u0142 &#8220;COOPER&#8221; o pojemno\u015bci 320 ml. Szklanka\u00a0 jest wypiaskowany na oko\u0142o , co sprawia \u017ce wygl\u0105da jak by by\u0142a zmro\u017cona. Ozdobiona jest z 4 stron tj. Gda\u0144skimi Lwami, Neptunem, \u017burawiem i promem. W komplecie znajduje si\u0119 6 szklanek. Ka\u017cda szklanka jest przedstawiona na zdj\u0119ciu. Wygodna szklanka o du\u017cej pojemno\u015bci, dobrze trzyma si\u0119 w d\u0142oni.\u00a0 Wykonana jest z wysokiej jako\u015bci szk\u0142a kryszta\u0142owego. Jest to elegancki upominek z pobytu w Gda\u0144sku lub \u015bwietny prezent. Nadaje si\u0119 do mycia w zmywarce.<\/p>\n<p><em><strong>Minimalna ilo\u015b\u0107 zam\u00f3wienia &#8211; 6 sztuk (1 opakowanie)<br \/>\n<\/strong><\/em><\/p>\n<p><strong><em>Towar sprzedawany na opakowania<\/em><\/strong><\/p>\n<h3><span style=\"color: #ff0000;\">PRZY DODAWANIU DO KOSZYKA, NALE\u017bY DODAWA\u0106 KROTNO\u015a\u0106\u00a0 LICZBY 1 &#8211; (1 opak)\u00a0 np: 1 ; 2 ; 3 itd<\/span><\/h3>\n<h3><strong>CENA ZA KOMPLET.<\/strong><\/h3>\n<h2><strong>\u00a0<\/strong><\/h2>\n","protected":false},"featured_media":9399,"comment_status":"open","ping_status":"closed","template":"","meta":[],"_links":{"self":[{"href":"https:\/\/violmax.pl\/index.php\/wp-json\/wp\/v2\/product\/9373"}],"collection":[{"href":"https:\/\/violmax.pl\/index.php\/wp-json\/wp\/v2\/product"}],"about":[{"href":"https:\/\/violmax.pl\/index.php\/wp-json\/wp\/v2\/types\/product"}],"replies":[{"embeddable":true,"href":"https:\/\/violmax.pl\/index.php\/wp-json\/wp\/v2\/comments?post=9373"}],"wp:featuredmedia":[{"embeddable":true,"href":"https:\/\/violmax.pl\/index.php\/wp-json\/wp\/v2\/media\/9399"}],"wp:attachment":[{"href":"https:\/\/violmax.pl\/index.php\/wp-json\/wp\/v2\/media?parent=9373"}],"curies":[{"name":"wp","href":"https:\/\/api.w.org\/{rel}","templated":true}]}}