{"id":9360,"date":"2022-09-28T20:52:58","date_gmt":"2022-09-28T18:52:58","guid":{"rendered":"http:\/\/violmax.pl\/?post_type=product&#038;p=9360"},"modified":"2022-10-01T08:56:42","modified_gmt":"2022-10-01T06:56:42","slug":"gdansk-karafka-bohemia-quadro-5000-ml","status":"publish","type":"product","link":"https:\/\/violmax.pl\/index.php\/produkt\/gdansk-karafka-bohemia-quadro-5000-ml\/","title":{"rendered":"GDA\u0143SK, KARAFKA DO W\u00d3DKI BOHEMIA &#8220;QUADRO&#8221; KRYSZTA\u0141 500 ML"},"content":{"rendered":"<p><img loading=\"lazy\" class=\"alignnone size-medium wp-image-9356\" src=\"http:\/\/violmax.pl\/wp-content\/uploads\/2022\/09\/Gdansk_karafka_Bohemia_Quadro_500ml_Lwy-214x300.png\" alt=\"\" width=\"214\" height=\"300\" srcset=\"https:\/\/violmax.pl\/wp-content\/uploads\/2022\/09\/Gdansk_karafka_Bohemia_Quadro_500ml_Lwy-214x300.png 214w, https:\/\/violmax.pl\/wp-content\/uploads\/2022\/09\/Gdansk_karafka_Bohemia_Quadro_500ml_Lwy.png 643w\" sizes=\"(max-width: 214px) 100vw, 214px\" \/><img loading=\"lazy\" class=\"alignnone size-medium wp-image-9357\" src=\"http:\/\/violmax.pl\/wp-content\/uploads\/2022\/09\/Gdansk_karafka_Bohemia_Quadro_500ml_Neptun-214x300.png\" alt=\"\" width=\"214\" height=\"300\" srcset=\"https:\/\/violmax.pl\/wp-content\/uploads\/2022\/09\/Gdansk_karafka_Bohemia_Quadro_500ml_Neptun-214x300.png 214w, https:\/\/violmax.pl\/wp-content\/uploads\/2022\/09\/Gdansk_karafka_Bohemia_Quadro_500ml_Neptun.png 642w\" sizes=\"(max-width: 214px) 100vw, 214px\" \/><img loading=\"lazy\" class=\"alignnone size-medium wp-image-9358\" src=\"http:\/\/violmax.pl\/wp-content\/uploads\/2022\/09\/Gdansk_karafka_Bohemia_Quadro_500ml_Prom-214x300.png\" alt=\"\" width=\"214\" height=\"300\" srcset=\"https:\/\/violmax.pl\/wp-content\/uploads\/2022\/09\/Gdansk_karafka_Bohemia_Quadro_500ml_Prom-214x300.png 214w, https:\/\/violmax.pl\/wp-content\/uploads\/2022\/09\/Gdansk_karafka_Bohemia_Quadro_500ml_Prom.png 643w\" sizes=\"(max-width: 214px) 100vw, 214px\" \/><img loading=\"lazy\" class=\"alignnone size-medium wp-image-9359\" src=\"http:\/\/violmax.pl\/wp-content\/uploads\/2022\/09\/Gdansk_karafka_Bohemia_Quadro_500ml_Zuraw-214x300.png\" alt=\"\" width=\"214\" height=\"300\" srcset=\"https:\/\/violmax.pl\/wp-content\/uploads\/2022\/09\/Gdansk_karafka_Bohemia_Quadro_500ml_Zuraw-214x300.png 214w, https:\/\/violmax.pl\/wp-content\/uploads\/2022\/09\/Gdansk_karafka_Bohemia_Quadro_500ml_Zuraw.png 643w\" sizes=\"(max-width: 214px) 100vw, 214px\" \/><\/p>\n<p>Karafka do w\u00f3dki zdobiona Bohemia Quadro o pojemno\u015bci 500 ml. Ozdobiona jest z 4 stron tj. Gda\u0144skimi Lwami, Neptunem, \u017burawiem i promem. Karafka wypiaskowana sprawia wra\u017cenie jak by by\u0142a zmro\u017cona . Wygodna karafka o du\u017cej pojemno\u015bci, dobrze trzyma si\u0119 w d\u0142oni.\u00a0 Wykonana jest z wysokiej jako\u015bci szk\u0142a kryszta\u0142owego. Jest to elegancki upominek z pobytu w Gda\u0144sku lub \u015bwietny prezent. Nadaje si\u0119 do mycia w zmywarce.<\/p>\n","protected":false},"excerpt":{"rendered":"<p><img loading=\"lazy\" class=\"alignnone size-full wp-image-5364\" src=\"http:\/\/violmax.pl\/wp-content\/uploads\/2020\/10\/VIOLMAX_POLSKA-3.jpg\" alt=\"\" width=\"300\" height=\"28\" \/><\/p>\n<p>&nbsp;<\/p>\n<p>Karafka do w\u00f3dki zdobiona Bohemia Quadro o pojemno\u015bci 500 ml. Ozdobiona jest z 4 stron tj. Gda\u0144skimi Lwami, Neptunem, \u017burawiem i promem. Karafka wypiaskowana sprawia wra\u017cenie jak by by\u0142a zmro\u017cona . Wygodna karafka o du\u017cej pojemno\u015bci, dobrze trzyma si\u0119 w d\u0142oni.\u00a0 Wykonana jest z wysokiej jako\u015bci szk\u0142a kryszta\u0142owego. Jest to elegancki upominek z pobytu w Gda\u0144sku lub \u015bwietny prezent. Nadaje si\u0119 do mycia w zmywarce.<\/p>\n<p><em><strong>Minimalna ilo\u015b\u0107 zam\u00f3wienia &#8211; 1 sztuk (1 opakowanie)<br \/>\n<\/strong><\/em><\/p>\n<p><strong><em>Towar sprzedawany na opakowania<\/em><\/strong><\/p>\n<h3><span style=\"color: #ff0000;\">PRZY DODAWANIU DO KOSZYKA, NALE\u017bY DODAWA\u0106 KROTNO\u015a\u0106\u00a0 LICZBY 1 &#8211; (1 opak)\u00a0 np: 1;2;3 itd<\/span><\/h3>\n<h3><strong>CENA ZA SZTUK\u0118.<\/strong><\/h3>\n<h2><strong>\u00a0<\/strong><\/h2>\n","protected":false},"featured_media":9341,"comment_status":"open","ping_status":"closed","template":"","meta":[],"_links":{"self":[{"href":"https:\/\/violmax.pl\/index.php\/wp-json\/wp\/v2\/product\/9360"}],"collection":[{"href":"https:\/\/violmax.pl\/index.php\/wp-json\/wp\/v2\/product"}],"about":[{"href":"https:\/\/violmax.pl\/index.php\/wp-json\/wp\/v2\/types\/product"}],"replies":[{"embeddable":true,"href":"https:\/\/violmax.pl\/index.php\/wp-json\/wp\/v2\/comments?post=9360"}],"wp:featuredmedia":[{"embeddable":true,"href":"https:\/\/violmax.pl\/index.php\/wp-json\/wp\/v2\/media\/9341"}],"wp:attachment":[{"href":"https:\/\/violmax.pl\/index.php\/wp-json\/wp\/v2\/media?parent=9360"}],"curies":[{"name":"wp","href":"https:\/\/api.w.org\/{rel}","templated":true}]}}