{"id":9243,"date":"2022-06-11T10:30:10","date_gmt":"2022-06-11T08:30:10","guid":{"rendered":"http:\/\/violmax.pl\/?post_type=product&#038;p=9243"},"modified":"2025-12-02T12:51:21","modified_gmt":"2025-12-02T11:51:21","slug":"dabki-szklanka-do-whisky-terenia-300-ml-kapitan-kolor","status":"publish","type":"product","link":"https:\/\/violmax.pl\/index.php\/produkt\/dabki-szklanka-do-whisky-terenia-300-ml-kapitan-kolor\/","title":{"rendered":"D\u0104BKI, SZKLANKA DO WHISKY &#8220;TERENIA&#8221; 300 ML, KAPITAN KOLOR"},"content":{"rendered":"<p><img loading=\"lazy\" class=\"alignnone size-medium wp-image-9237\" src=\"http:\/\/violmax.pl\/wp-content\/uploads\/2022\/06\/dabki_szklanka_do_whisky_terenia_300_ml_kapitan_kolor-300x300.png\" alt=\"\" width=\"300\" height=\"300\" srcset=\"https:\/\/violmax.pl\/wp-content\/uploads\/2022\/06\/dabki_szklanka_do_whisky_terenia_300_ml_kapitan_kolor-300x300.png 300w, https:\/\/violmax.pl\/wp-content\/uploads\/2022\/06\/dabki_szklanka_do_whisky_terenia_300_ml_kapitan_kolor-768x768.png 768w, https:\/\/violmax.pl\/wp-content\/uploads\/2022\/06\/dabki_szklanka_do_whisky_terenia_300_ml_kapitan_kolor-680x680.png 680w, https:\/\/violmax.pl\/wp-content\/uploads\/2022\/06\/dabki_szklanka_do_whisky_terenia_300_ml_kapitan_kolor-100x100.png 100w, https:\/\/violmax.pl\/wp-content\/uploads\/2022\/06\/dabki_szklanka_do_whisky_terenia_300_ml_kapitan_kolor.png 900w\" sizes=\"(max-width: 300px) 100vw, 300px\" \/><\/p>\n<p>&nbsp;<\/p>\n<p>Szklanka do whisky &#8220;TERENIA&#8221; o pojemno\u015bci 300 ml. Szklanka posiada zdobnicze wg\u0142\u0119bienia a tym samym nadaje jej wyj\u0105tkowy wygl\u0105d. Wykonana jest z wysokiej jako\u015bci szk\u0142a. Przepi\u0119kna i dostojna pami\u0105tka z robi\u0105cymi wra\u017cenie zdobieniem. Ozdobiona jest metalowym odlewem w kolorze przedstawiaj\u0105cym &#8220;Kapitana za ko\u0142em sterowniczym&#8221;. Idealna pami\u0105tka z D\u0105bek.<\/p>\n","protected":false},"excerpt":{"rendered":"<p><img loading=\"lazy\" class=\"alignnone size-full wp-image-5364\" src=\"http:\/\/violmax.pl\/wp-content\/uploads\/2020\/10\/VIOLMAX_POLSKA-3.jpg\" alt=\"\" width=\"300\" height=\"28\" \/><\/p>\n<p>Szklanka do whisky &#8220;TERENIA&#8221; o pojemno\u015bci 300 ml. Szklanka posiada zdobnicze wg\u0142\u0119bienia a tym samym nadaje jej wyj\u0105tkowy wygl\u0105d. Wykonana jest z wysokiej jako\u015bci szk\u0142a. Przepi\u0119kna i dostojna pami\u0105tka z robi\u0105cymi wra\u017cenie zdobieniem. Ozdobiona jest metalowym odlewem w kolorze przedstawiaj\u0105cym &#8220;Kapitana za ko\u0142em sterowniczym&#8221;. Idealna pami\u0105tka z D\u0105bek.<\/p>\n<p><strong><em>Minimalna ilo\u015b\u0107 zam\u00f3wienia &#8211; 6 sztuk (1 opakowanie)<\/em><br \/>\n<\/strong><\/p>\n<p><strong><em>Towar sprzedawany na opakowania<\/em><\/strong><\/p>\n<h3><span style=\"color: #ff0000;\">PRZY DODAWANIU DO KOSZYKA, NALE\u017bY DODAWA\u0106 KROTNO\u015a\u0106\u00a0 LICZBY 6 &#8211; (1 opak)\u00a0 np: 6 ; 12 ; 18 itd<\/span><\/h3>\n<h3><strong>CENA ZA SZTUK\u0118.<\/strong><\/h3>\n<h2><strong>\u00a0<\/strong><\/h2>\n","protected":false},"featured_media":9237,"comment_status":"open","ping_status":"closed","template":"","meta":[],"_links":{"self":[{"href":"https:\/\/violmax.pl\/index.php\/wp-json\/wp\/v2\/product\/9243"}],"collection":[{"href":"https:\/\/violmax.pl\/index.php\/wp-json\/wp\/v2\/product"}],"about":[{"href":"https:\/\/violmax.pl\/index.php\/wp-json\/wp\/v2\/types\/product"}],"replies":[{"embeddable":true,"href":"https:\/\/violmax.pl\/index.php\/wp-json\/wp\/v2\/comments?post=9243"}],"wp:featuredmedia":[{"embeddable":true,"href":"https:\/\/violmax.pl\/index.php\/wp-json\/wp\/v2\/media\/9237"}],"wp:attachment":[{"href":"https:\/\/violmax.pl\/index.php\/wp-json\/wp\/v2\/media?parent=9243"}],"curies":[{"name":"wp","href":"https:\/\/api.w.org\/{rel}","templated":true}]}}