{"id":9210,"date":"2022-06-10T13:42:36","date_gmt":"2022-06-10T11:42:36","guid":{"rendered":"http:\/\/violmax.pl\/?post_type=product&#038;p=9210"},"modified":"2025-12-02T13:00:32","modified_gmt":"2025-12-02T12:00:32","slug":"dabki-kufel-do-piwa-isar-500-ml-kotwica-metal","status":"publish","type":"product","link":"https:\/\/violmax.pl\/index.php\/produkt\/dabki-kufel-do-piwa-isar-500-ml-kotwica-metal\/","title":{"rendered":"D\u0104BKI, KUFEL DO PIWA &#8220;ISAR&#8221; 0,5 LITRA, KOTWICA METAL BEZ LAKI"},"content":{"rendered":"<p><img loading=\"lazy\" class=\"alignnone size-medium wp-image-9299\" src=\"http:\/\/violmax.pl\/wp-content\/uploads\/2022\/06\/dabki_kufel_do_piwa_isar_500_ml_kotwica_metal-1-300x240.png\" alt=\"\" width=\"300\" height=\"240\" srcset=\"https:\/\/violmax.pl\/wp-content\/uploads\/2022\/06\/dabki_kufel_do_piwa_isar_500_ml_kotwica_metal-1-300x240.png 300w, https:\/\/violmax.pl\/wp-content\/uploads\/2022\/06\/dabki_kufel_do_piwa_isar_500_ml_kotwica_metal-1-768x614.png 768w, https:\/\/violmax.pl\/wp-content\/uploads\/2022\/06\/dabki_kufel_do_piwa_isar_500_ml_kotwica_metal-1-320x256.png 320w, https:\/\/violmax.pl\/wp-content\/uploads\/2022\/06\/dabki_kufel_do_piwa_isar_500_ml_kotwica_metal-1-680x544.png 680w, https:\/\/violmax.pl\/wp-content\/uploads\/2022\/06\/dabki_kufel_do_piwa_isar_500_ml_kotwica_metal-1.png 900w\" sizes=\"(max-width: 300px) 100vw, 300px\" \/><\/p>\n<p>&nbsp;<\/p>\n<p>Kufel do piwa \u201dISAR\u201d o litra\u017cu 0,5 litra. Na kuflu s\u0105 wykonane regularne wg\u0142\u0119bienia, co sprawia \u017ce padaj\u0105ce na niego \u015bwiat\u0142o w specyficzny spos\u00f3b za\u0142amuje si\u0119. Kufel jest odlany z wysokiej jako\u015bci szk\u0142a. Na \u015brodku umieszczona jest metalowy odlew\u00a0 kotwicy w kolorze br\u0105zu.\u00a0 Na pami\u0105tce zosta\u0142a umieszczona tak\u017ce szarfa z metalu, z nazw\u0105 miejscowo\u015bci &#8221;D\u0105bki&#8221;. Bardzo wygodny, elegancki kufel do piwa, kt\u00f3ry dzi\u0119ki zdobieniu, nabra\u0142 jeszcze wi\u0119kszej oryginalno\u015bci. Idealna pami\u0105tka z D\u0105bek.<\/p>\n<p>&nbsp;<\/p>\n<p>&nbsp;<\/p>\n<p>&nbsp;<\/p>\n<p>&nbsp;<\/p>\n","protected":false},"excerpt":{"rendered":"<p><img loading=\"lazy\" class=\"alignnone size-medium wp-image-3575\" src=\"http:\/\/violmax.pl\/wp-content\/uploads\/2020\/05\/VIOLMAX_POLSKA-1-300x28.jpg\" alt=\"\" width=\"300\" height=\"28\" \/><\/p>\n<p>&nbsp;<\/p>\n<p>Kufel do piwa \u201dISAR\u201d o litra\u017cu 0,5 litra. Na kuflu s\u0105 wykonane regularne wg\u0142\u0119bienia, co sprawia \u017ce padaj\u0105ce na niego \u015bwiat\u0142o w specyficzny spos\u00f3b za\u0142amuje si\u0119. Kufel jest odlany z wysokiej jako\u015bci szk\u0142a. Na \u015brodku umieszczona jest metalowy odlew\u00a0 kotwicy w kolorze br\u0105zu.\u00a0 Na pami\u0105tce zosta\u0142a umieszczona tak\u017ce szarfa z metalu, z nazw\u0105 miejscowo\u015bci &#8221;D\u0105bki&#8221;. Bardzo wygodny, elegancki kufel do piwa, kt\u00f3ry dzi\u0119ki zdobieniu, nabra\u0142 jeszcze wi\u0119kszej oryginalno\u015bci. Idealna pami\u0105tka z D\u0105bek.<\/p>\n<p><strong><em>Minimalna ilo\u015b\u0107 zam\u00f3wienia &#8211; 6 sztuk (1 opakowanie)<\/em><br \/>\n<\/strong><\/p>\n<p><strong><em>Towar sprzedawany na opakowania<\/em><\/strong><\/p>\n<h3><span style=\"color: #ff0000;\">PRZY DODAWANIU DO KOSZYKA, NALE\u017bY DODAWA\u0106 KROTNO\u015a\u0106\u00a0 6 SZT &#8211; 1 OPAKOWANIE<\/span><\/h3>\n<h3><strong>CENA ZA SZTUK\u0118.<\/strong><\/h3>\n","protected":false},"featured_media":9299,"comment_status":"open","ping_status":"closed","template":"","meta":[],"_links":{"self":[{"href":"https:\/\/violmax.pl\/index.php\/wp-json\/wp\/v2\/product\/9210"}],"collection":[{"href":"https:\/\/violmax.pl\/index.php\/wp-json\/wp\/v2\/product"}],"about":[{"href":"https:\/\/violmax.pl\/index.php\/wp-json\/wp\/v2\/types\/product"}],"replies":[{"embeddable":true,"href":"https:\/\/violmax.pl\/index.php\/wp-json\/wp\/v2\/comments?post=9210"}],"wp:featuredmedia":[{"embeddable":true,"href":"https:\/\/violmax.pl\/index.php\/wp-json\/wp\/v2\/media\/9299"}],"wp:attachment":[{"href":"https:\/\/violmax.pl\/index.php\/wp-json\/wp\/v2\/media?parent=9210"}],"curies":[{"name":"wp","href":"https:\/\/api.w.org\/{rel}","templated":true}]}}