{"id":898,"date":"2019-09-04T14:24:24","date_gmt":"2019-09-04T12:24:24","guid":{"rendered":"http:\/\/violmax.wroclaw.pl\/?post_type=product&#038;p=898"},"modified":"2025-12-02T13:30:03","modified_gmt":"2025-12-02T12:30:03","slug":"gdansk-kufel-do-piwa-isar-1-litr-lwy-2d-kolor","status":"publish","type":"product","link":"https:\/\/violmax.pl\/index.php\/produkt\/gdansk-kufel-do-piwa-isar-1-litr-lwy-2d-kolor\/","title":{"rendered":"GDA\u0143SK, KUFEL DO PIWA &#8220;ISAR&#8221; 1,0 LITR, LWY 2D KOLOR"},"content":{"rendered":"<p><img loading=\"lazy\" class=\"alignnone size-medium wp-image-2586\" src=\"http:\/\/violmax.pl\/wp-content\/uploads\/2019\/09\/GDANSK_ISAR_1LITR_LWY2D_KOLOR-225x300.jpg\" alt=\"\" width=\"225\" height=\"300\" \/><\/p>\n<p>Ogromny,litrowy kufel tzw &#8221;ISAR&#8221;. Na kuflu umieszczony jest du\u017cy, metalowy odlew &#8211; gda\u0144skie lwy. Kufel wygl\u0105da zjawiskowo, jest du\u017cy,porz\u0105dny &#8211; dla mocnej r\u0119ki. Oryginalna pami\u0105tka z Gda\u0144ska, \u015bwietny prezent dla prawdziwych piwoszy.<\/p>\n<p>&nbsp;<\/p>\n","protected":false},"excerpt":{"rendered":"<p><img loading=\"lazy\" class=\"alignnone size-medium wp-image-3492\" src=\"http:\/\/violmax.pl\/wp-content\/uploads\/2020\/05\/VIOLMAX_POLSKA-300x28.jpg\" alt=\"\" width=\"300\" height=\"28\" \/><\/p>\n<p>&nbsp;<\/p>\n<p>Ogromny,litrowy kufel tzw &#8221;ISAR&#8221;. Na kuflu umieszczony jest du\u017cy, metalowy odlew &#8211; gda\u0144skie lwy. Kufel wygl\u0105da zjawiskowo, jest du\u017cy,porz\u0105dny &#8211; dla mocnej r\u0119ki. Oryginalna pami\u0105tka z Gda\u0144ska, \u015bwietny prezent dla prawdziwych piwoszy.<\/p>\n<p><strong><em>Minimalna ilo\u015b\u0107 zam\u00f3wienia &#8211; 6 sztuk (1 opakowanie)<\/em><br \/>\n<\/strong><\/p>\n<p><strong><em>Towar sprzedawany na opakowania<\/em><\/strong><\/p>\n<h3><span style=\"color: #ff0000;\">PRZY DODAWANIU DO KOSZYKA, NALE\u017bY DODAWA\u0106 KROTNO\u015a\u0106\u00a0 LICZBY 6 &#8211; (1 opak)\u00a0 np: 6 ; 12 ; 18 itd<\/span><\/h3>\n<h3><strong>CENA ZA SZTUK\u0118.<\/strong><\/h3>\n","protected":false},"featured_media":2586,"comment_status":"open","ping_status":"closed","template":"","meta":[],"_links":{"self":[{"href":"https:\/\/violmax.pl\/index.php\/wp-json\/wp\/v2\/product\/898"}],"collection":[{"href":"https:\/\/violmax.pl\/index.php\/wp-json\/wp\/v2\/product"}],"about":[{"href":"https:\/\/violmax.pl\/index.php\/wp-json\/wp\/v2\/types\/product"}],"replies":[{"embeddable":true,"href":"https:\/\/violmax.pl\/index.php\/wp-json\/wp\/v2\/comments?post=898"}],"wp:featuredmedia":[{"embeddable":true,"href":"https:\/\/violmax.pl\/index.php\/wp-json\/wp\/v2\/media\/2586"}],"wp:attachment":[{"href":"https:\/\/violmax.pl\/index.php\/wp-json\/wp\/v2\/media?parent=898"}],"curies":[{"name":"wp","href":"https:\/\/api.w.org\/{rel}","templated":true}]}}