{"id":8948,"date":"2022-03-05T10:43:10","date_gmt":"2022-03-05T09:43:10","guid":{"rendered":"http:\/\/violmax.pl\/?post_type=product&#038;p=8948"},"modified":"2025-12-02T13:00:49","modified_gmt":"2025-12-02T12:00:49","slug":"mini-kufelek-do-wodki-30-ml-baltyk-kapitan-metal","status":"publish","type":"product","link":"https:\/\/violmax.pl\/index.php\/produkt\/mini-kufelek-do-wodki-30-ml-baltyk-kapitan-metal\/","title":{"rendered":"BA\u0141TYK, MINI KUFELEK DO W\u00d3DKI &#8220;RYSIO 30&#8221; ML, KAPITAN METAL"},"content":{"rendered":"<p><img loading=\"lazy\" class=\"alignnone size-medium wp-image-8950\" src=\"http:\/\/violmax.pl\/wp-content\/uploads\/2022\/03\/Mini_kufelek_do_wodki_30_ml_baltyk_kapitan_metal-300x300.png\" alt=\"\" width=\"300\" height=\"300\" srcset=\"https:\/\/violmax.pl\/wp-content\/uploads\/2022\/03\/Mini_kufelek_do_wodki_30_ml_baltyk_kapitan_metal-300x300.png 300w, https:\/\/violmax.pl\/wp-content\/uploads\/2022\/03\/Mini_kufelek_do_wodki_30_ml_baltyk_kapitan_metal-768x768.png 768w, https:\/\/violmax.pl\/wp-content\/uploads\/2022\/03\/Mini_kufelek_do_wodki_30_ml_baltyk_kapitan_metal-680x680.png 680w, https:\/\/violmax.pl\/wp-content\/uploads\/2022\/03\/Mini_kufelek_do_wodki_30_ml_baltyk_kapitan_metal-100x100.png 100w, https:\/\/violmax.pl\/wp-content\/uploads\/2022\/03\/Mini_kufelek_do_wodki_30_ml_baltyk_kapitan_metal.png 900w\" sizes=\"(max-width: 300px) 100vw, 300px\" \/><\/p>\n<p>&nbsp;<\/p>\n<p>Mini kufelek do w\u00f3dki o pojemno\u015bci 30 ml. Zosta\u0142 on ozdobiony metalowym odlewem &#8220;Kapitana&#8221;. Mini kufelek jest miniaturk\u0105 du\u017cego kufla . Po\u0142\u0105czenie praktycznej rzeczy z oryginaln\u0105 pami\u0105tk\u0105 i ozdob\u0105 np w kuchennej szafce czy eleganckim barku, w salonie. Idealna pami\u0105tka z pobytu nad morzem ba\u0142tyckim.<\/p>\n","protected":false},"excerpt":{"rendered":"<p><img loading=\"lazy\" class=\"alignnone size-full wp-image-5364\" src=\"http:\/\/violmax.pl\/wp-content\/uploads\/2020\/10\/VIOLMAX_POLSKA-3.jpg\" alt=\"\" width=\"300\" height=\"28\" \/><\/p>\n<p>&nbsp;<\/p>\n<p>Mini kufelek do w\u00f3dki o pojemno\u015bci 30 ml. Zosta\u0142 on ozdobiony metalowym odlewem &#8220;Kapitana&#8221;. Mini kufelek jest miniaturk\u0105 du\u017cego kufla . Po\u0142\u0105czenie praktycznej rzeczy z oryginaln\u0105 pami\u0105tk\u0105 i ozdob\u0105 np w kuchennej szafce czy eleganckim barku, w salonie. Idealna pami\u0105tka z pobytu nad morzem ba\u0142tyckim.<\/p>\n<p><strong><em>Minimalna ilo\u015b\u0107 zam\u00f3wienia &#8211; 6 sztuk (1 opakowanie)<\/em><br \/>\n<\/strong><\/p>\n<p><strong><em>Towar sprzedawany na opakowania<\/em><\/strong><\/p>\n<h3><span style=\"color: #ff0000;\">PRZY DODAWANIU DO KOSZYKA, NALE\u017bY DODAWA\u0106 KROTNO\u015a\u0106\u00a0 LICZBY 6 &#8211; (1 opak)\u00a0 np: 6 ; 12 ; 18 itd<\/span><\/h3>\n<h3><strong>CENA ZA SZTUK\u0118.<\/strong><\/h3>\n<h2><strong>\u00a0<\/strong><\/h2>\n","protected":false},"featured_media":8950,"comment_status":"open","ping_status":"closed","template":"","meta":[],"_links":{"self":[{"href":"https:\/\/violmax.pl\/index.php\/wp-json\/wp\/v2\/product\/8948"}],"collection":[{"href":"https:\/\/violmax.pl\/index.php\/wp-json\/wp\/v2\/product"}],"about":[{"href":"https:\/\/violmax.pl\/index.php\/wp-json\/wp\/v2\/types\/product"}],"replies":[{"embeddable":true,"href":"https:\/\/violmax.pl\/index.php\/wp-json\/wp\/v2\/comments?post=8948"}],"wp:featuredmedia":[{"embeddable":true,"href":"https:\/\/violmax.pl\/index.php\/wp-json\/wp\/v2\/media\/8950"}],"wp:attachment":[{"href":"https:\/\/violmax.pl\/index.php\/wp-json\/wp\/v2\/media?parent=8948"}],"curies":[{"name":"wp","href":"https:\/\/api.w.org\/{rel}","templated":true}]}}