{"id":8946,"date":"2022-03-04T15:17:43","date_gmt":"2022-03-04T14:17:43","guid":{"rendered":"http:\/\/violmax.pl\/?post_type=product&#038;p=8946"},"modified":"2026-01-10T08:26:33","modified_gmt":"2026-01-10T07:26:33","slug":"debki-kieliszek-do-wodki-shot-40-ml-zaglowiec1-szron","status":"publish","type":"product","link":"https:\/\/violmax.pl\/index.php\/produkt\/debki-kieliszek-do-wodki-shot-40-ml-zaglowiec1-szron\/","title":{"rendered":"D\u0118BKI, KIELISZEK DO W\u00d3DKI &#8220;SHOT 40&#8221; ML, \u017bAGLOWIEC 1 SZRON"},"content":{"rendered":"<p><img loading=\"lazy\" class=\"alignnone size-medium wp-image-8933\" src=\"http:\/\/violmax.pl\/wp-content\/uploads\/2022\/03\/Debki_kieliszek_do_wodki_shot_40_zaglowiec1_szron-300x300.png\" alt=\"\" width=\"300\" height=\"300\" srcset=\"https:\/\/violmax.pl\/wp-content\/uploads\/2022\/03\/Debki_kieliszek_do_wodki_shot_40_zaglowiec1_szron-300x300.png 300w, https:\/\/violmax.pl\/wp-content\/uploads\/2022\/03\/Debki_kieliszek_do_wodki_shot_40_zaglowiec1_szron-768x768.png 768w, https:\/\/violmax.pl\/wp-content\/uploads\/2022\/03\/Debki_kieliszek_do_wodki_shot_40_zaglowiec1_szron-680x680.png 680w, https:\/\/violmax.pl\/wp-content\/uploads\/2022\/03\/Debki_kieliszek_do_wodki_shot_40_zaglowiec1_szron-100x100.png 100w, https:\/\/violmax.pl\/wp-content\/uploads\/2022\/03\/Debki_kieliszek_do_wodki_shot_40_zaglowiec1_szron.png 900w\" sizes=\"(max-width: 300px) 100vw, 300px\" \/><\/p>\n<p>&nbsp;<\/p>\n<p>Kieliszek do w\u00f3dki &#8220;SHOT 40&#8243;o pojemno\u015bci 40 ml. Zosta\u0142 on ozdobiony \u017caglowcem. Wypiaskowany do po\u0142owy jego wysoko\u015bci, co sprawia wra\u017cenie jak by by\u0142 zmro\u017cony. Kieliszek o kszta\u0142cie cylindrycznym. Po\u0142\u0105czenie praktycznej rzeczy z oryginaln\u0105 pami\u0105tk\u0105 i ozdob\u0105 np w kuchennej szafce czy eleganckim barku, w salonie. Idealna pami\u0105tka z Dar\u0142\u00f3wka. Nadaje si\u0119 do mycia w zmywarkach.<\/p>\n","protected":false},"excerpt":{"rendered":"<p><img loading=\"lazy\" class=\"alignnone size-full wp-image-5364\" src=\"http:\/\/violmax.pl\/wp-content\/uploads\/2020\/10\/VIOLMAX_POLSKA-3.jpg\" alt=\"\" width=\"300\" height=\"28\" \/><\/p>\n<p>&nbsp;<\/p>\n<p>Kieliszek do w\u00f3dki &#8220;SHOT 40&#8243;o pojemno\u015bci 40 ml. Zosta\u0142 on ozdobiony \u017caglowcem. Wypiaskowany do po\u0142owy jego wysoko\u015bci, co sprawia wra\u017cenie jak by by\u0142 zmro\u017cony. Kieliszek o kszta\u0142cie cylindrycznym. Po\u0142\u0105czenie praktycznej rzeczy z oryginaln\u0105 pami\u0105tk\u0105 i ozdob\u0105 np w kuchennej szafce czy eleganckim barku, w salonie. Idealna pami\u0105tka z Dar\u0142\u00f3wka. Nadaje si\u0119 do mycia w zmywarkach.<\/p>\n<p><strong><em>Minimalna ilo\u015b\u0107 zam\u00f3wienia &#8211; 6 sztuk (1 opakowanie)<\/em><br \/>\n<\/strong><\/p>\n<p><strong><em>Towar sprzedawany na opakowania<\/em><\/strong><\/p>\n<h3><span style=\"color: #ff0000;\">PRZY DODAWANIU DO KOSZYKA, NALE\u017bY DODAWA\u0106 KROTNO\u015a\u0106\u00a0 LICZBY 6 &#8211; (1 opak)\u00a0 np: 6 ; 12 ; 18 itd<\/span><\/h3>\n<h3><strong>CENA ZA SZTUK\u0118.<\/strong><\/h3>\n<h2><strong>\u00a0<\/strong><\/h2>\n","protected":false},"featured_media":8933,"comment_status":"open","ping_status":"closed","template":"","meta":[],"_links":{"self":[{"href":"https:\/\/violmax.pl\/index.php\/wp-json\/wp\/v2\/product\/8946"}],"collection":[{"href":"https:\/\/violmax.pl\/index.php\/wp-json\/wp\/v2\/product"}],"about":[{"href":"https:\/\/violmax.pl\/index.php\/wp-json\/wp\/v2\/types\/product"}],"replies":[{"embeddable":true,"href":"https:\/\/violmax.pl\/index.php\/wp-json\/wp\/v2\/comments?post=8946"}],"wp:featuredmedia":[{"embeddable":true,"href":"https:\/\/violmax.pl\/index.php\/wp-json\/wp\/v2\/media\/8933"}],"wp:attachment":[{"href":"https:\/\/violmax.pl\/index.php\/wp-json\/wp\/v2\/media?parent=8946"}],"curies":[{"name":"wp","href":"https:\/\/api.w.org\/{rel}","templated":true}]}}