{"id":8911,"date":"2022-03-04T11:28:42","date_gmt":"2022-03-04T10:28:42","guid":{"rendered":"http:\/\/violmax.pl\/?post_type=product&#038;p=8911"},"modified":"2025-12-02T13:00:52","modified_gmt":"2025-12-02T12:00:52","slug":"debki-szklanka-do-whisky-glamour-300-ml-kobiety6-szron","status":"publish","type":"product","link":"https:\/\/violmax.pl\/index.php\/produkt\/debki-szklanka-do-whisky-glamour-300-ml-kobiety6-szron\/","title":{"rendered":"D\u0118BKI, SZKLANKA DO WHISKY &#8220;GLAMOUR&#8221; 300 ML, KOBIETA, SZRON"},"content":{"rendered":"<p><img loading=\"lazy\" class=\"alignnone size-medium wp-image-8905\" src=\"http:\/\/violmax.pl\/wp-content\/uploads\/2022\/03\/Debki_szklanka_do_whisky_glamour_300_ml_kobiety6_szron-300x240.png\" alt=\"\" width=\"300\" height=\"240\" srcset=\"https:\/\/violmax.pl\/wp-content\/uploads\/2022\/03\/Debki_szklanka_do_whisky_glamour_300_ml_kobiety6_szron-300x240.png 300w, https:\/\/violmax.pl\/wp-content\/uploads\/2022\/03\/Debki_szklanka_do_whisky_glamour_300_ml_kobiety6_szron-768x614.png 768w, https:\/\/violmax.pl\/wp-content\/uploads\/2022\/03\/Debki_szklanka_do_whisky_glamour_300_ml_kobiety6_szron-320x256.png 320w, https:\/\/violmax.pl\/wp-content\/uploads\/2022\/03\/Debki_szklanka_do_whisky_glamour_300_ml_kobiety6_szron-680x544.png 680w, https:\/\/violmax.pl\/wp-content\/uploads\/2022\/03\/Debki_szklanka_do_whisky_glamour_300_ml_kobiety6_szron.png 900w\" sizes=\"(max-width: 300px) 100vw, 300px\" \/><\/p>\n<p>&nbsp;<\/p>\n<p>Szklanka do whisky &#8220;GLAMOUR&#8221; o pojemno\u015bci 300 ml. Szklanka posiada specyficzny kszta\u0142t a tym samym nadaje jej wyj\u0105tkowy wygl\u0105d. Wykonana jest z wysokiej jako\u015bci szk\u0142a. Przepi\u0119kna i dostojna pami\u0105tka z robi\u0105cymi wra\u017cenie zdobieniem. Ozdobiona jest postaci\u0105 kobiety wchodz\u0105c\u0105 do wody a w oddali \u017caglowcem. Idealna pami\u0105tka z D\u0119bek. Nadaje si\u0119 do mycia w zmywarkach.<\/p>\n","protected":false},"excerpt":{"rendered":"<p><img loading=\"lazy\" class=\"alignnone size-full wp-image-5364\" src=\"http:\/\/violmax.pl\/wp-content\/uploads\/2020\/10\/VIOLMAX_POLSKA-3.jpg\" alt=\"\" width=\"300\" height=\"28\" \/><\/p>\n<p>Szklanka do whisky &#8220;GLAMOUR&#8221; o pojemno\u015bci 300 ml. Szklanka posiada specyficzny kszta\u0142t a tym samym nadaje jej wyj\u0105tkowy wygl\u0105d. Wykonana jest z wysokiej jako\u015bci szk\u0142a. Przepi\u0119kna i dostojna pami\u0105tka z robi\u0105cymi wra\u017cenie zdobieniem. Ozdobiona jest postaci\u0105 kobiety wchodz\u0105c\u0105 do wody a w oddali \u017caglowcem. Idealna pami\u0105tka z D\u0119bek. Nadaje si\u0119 do mycia w zmywarkach.<\/p>\n<p><strong><em>Minimalna ilo\u015b\u0107 zam\u00f3wienia &#8211; 6 sztuk (1 opakowanie)<\/em><br \/>\n<\/strong><\/p>\n<p><strong><em>Towar sprzedawany na opakowania<\/em><\/strong><\/p>\n<h3><span style=\"color: #ff0000;\">PRZY DODAWANIU DO KOSZYKA, NALE\u017bY DODAWA\u0106 KROTNO\u015a\u0106\u00a0 LICZBY 6 &#8211; (1 opak)\u00a0 np: 6 ; 12 ; 18 itd<\/span><\/h3>\n<h3><strong>CENA ZA SZTUK\u0118.<\/strong><\/h3>\n<h2><strong>\u00a0<\/strong><\/h2>\n","protected":false},"featured_media":8905,"comment_status":"open","ping_status":"closed","template":"","meta":[],"_links":{"self":[{"href":"https:\/\/violmax.pl\/index.php\/wp-json\/wp\/v2\/product\/8911"}],"collection":[{"href":"https:\/\/violmax.pl\/index.php\/wp-json\/wp\/v2\/product"}],"about":[{"href":"https:\/\/violmax.pl\/index.php\/wp-json\/wp\/v2\/types\/product"}],"replies":[{"embeddable":true,"href":"https:\/\/violmax.pl\/index.php\/wp-json\/wp\/v2\/comments?post=8911"}],"wp:featuredmedia":[{"embeddable":true,"href":"https:\/\/violmax.pl\/index.php\/wp-json\/wp\/v2\/media\/8905"}],"wp:attachment":[{"href":"https:\/\/violmax.pl\/index.php\/wp-json\/wp\/v2\/media?parent=8911"}],"curies":[{"name":"wp","href":"https:\/\/api.w.org\/{rel}","templated":true}]}}