{"id":891,"date":"2019-09-04T14:13:52","date_gmt":"2019-09-04T12:13:52","guid":{"rendered":"http:\/\/violmax.wroclaw.pl\/?post_type=product&#038;p=891"},"modified":"2025-12-02T13:30:03","modified_gmt":"2025-12-02T12:30:03","slug":"gdansk-kieliszek-do-wodki-stopka-35-ml-blaszka-szron","status":"publish","type":"product","link":"https:\/\/violmax.pl\/index.php\/produkt\/gdansk-kieliszek-do-wodki-stopka-35-ml-blaszka-szron\/","title":{"rendered":"GDA\u0143SK, KIELISZEK DO W\u00d3DKI &#8220;STOPKA 35&#8221; ML, BLASZKA + SZRON"},"content":{"rendered":"<p><img loading=\"lazy\" class=\"alignnone size-medium wp-image-7320\" src=\"http:\/\/violmax.pl\/wp-content\/uploads\/2021\/03\/GDANSK_KIELISZEK_DO_WODKI_STOPKA_35_ML_BLASZKA_SZRON_MIX_3SZT-300x200.png\" alt=\"\" width=\"300\" height=\"200\" srcset=\"https:\/\/violmax.pl\/wp-content\/uploads\/2021\/03\/GDANSK_KIELISZEK_DO_WODKI_STOPKA_35_ML_BLASZKA_SZRON_MIX_3SZT-300x200.png 300w, https:\/\/violmax.pl\/wp-content\/uploads\/2021\/03\/GDANSK_KIELISZEK_DO_WODKI_STOPKA_35_ML_BLASZKA_SZRON_MIX_3SZT-768x512.png 768w, https:\/\/violmax.pl\/wp-content\/uploads\/2021\/03\/GDANSK_KIELISZEK_DO_WODKI_STOPKA_35_ML_BLASZKA_SZRON_MIX_3SZT-680x453.png 680w, https:\/\/violmax.pl\/wp-content\/uploads\/2021\/03\/GDANSK_KIELISZEK_DO_WODKI_STOPKA_35_ML_BLASZKA_SZRON_MIX_3SZT.png 900w\" sizes=\"(max-width: 300px) 100vw, 300px\" \/><\/p>\n<p>Kieliszek do w\u00f3dki o pojemno\u015bci 35ml na stopce. Kieliszek jest pi\u0119knie oszroniony do po\u0142owy \u2013 na samym \u015brodku umieszczona zosta\u0142a metalowa ozdoba \u2013 motywy typowe dla miasta Gda\u0144sk.Takie pami\u0105tki zawsze robi\u0105 wra\u017cenie. Po\u0142\u0105czenie praktycznej rzeczy z oryginaln\u0105 pami\u0105tk\u0105 i ozdob\u0105 np w kuchennej szafce czy eleganckim barku, w salonie.Idealna pami\u0105tka z Gda\u0144ska, \u015bwietny prezent dla ka\u017cdego.<\/p>\n","protected":false},"excerpt":{"rendered":"<p><img loading=\"lazy\" class=\"alignnone size-medium wp-image-3492\" src=\"http:\/\/violmax.pl\/wp-content\/uploads\/2020\/05\/VIOLMAX_POLSKA-300x28.jpg\" alt=\"\" width=\"300\" height=\"28\" \/><\/p>\n<p>&nbsp;<\/p>\n<p>Kieliszek do w\u00f3dki o pojemno\u015bci 35ml na stopce. Kieliszek jest pi\u0119knie oszroniony do po\u0142owy \u2013 na samym \u015brodku umieszczona zosta\u0142a metalowa ozdoba \u2013 motywy typowe dla miasta Gda\u0144sk.Takie pami\u0105tki zawsze robi\u0105 wra\u017cenie. Po\u0142\u0105czenie praktycznej rzeczy z oryginaln\u0105 pami\u0105tk\u0105 i ozdob\u0105 np w kuchennej szafce czy eleganckim barku, w salonie.Idealna pami\u0105tka z Gda\u0144ska, \u015bwietny prezent dla ka\u017cdego.<\/p>\n<p><strong><em>Minimalna ilo\u015b\u0107 zam\u00f3wienia &#8211; 6 sztuk (1 opakowanie)<\/em><br \/>\n<\/strong><\/p>\n<p><strong><em>Towar sprzedawany na opakowania<\/em><\/strong><\/p>\n<h3><span style=\"color: #ff0000;\">PRZY DODAWANIU DO KOSZYKA, NALE\u017bY DODAWA\u0106 KROTNO\u015a\u0106\u00a0 LICZBY 6 &#8211; (1 opak)\u00a0 np: 6 ; 12 ; 18 itd<\/span><\/h3>\n<h3><strong>CENA ZA SZTUK\u0118.<\/strong><\/h3>\n","protected":false},"featured_media":7320,"comment_status":"open","ping_status":"closed","template":"","meta":[],"_links":{"self":[{"href":"https:\/\/violmax.pl\/index.php\/wp-json\/wp\/v2\/product\/891"}],"collection":[{"href":"https:\/\/violmax.pl\/index.php\/wp-json\/wp\/v2\/product"}],"about":[{"href":"https:\/\/violmax.pl\/index.php\/wp-json\/wp\/v2\/types\/product"}],"replies":[{"embeddable":true,"href":"https:\/\/violmax.pl\/index.php\/wp-json\/wp\/v2\/comments?post=891"}],"wp:featuredmedia":[{"embeddable":true,"href":"https:\/\/violmax.pl\/index.php\/wp-json\/wp\/v2\/media\/7320"}],"wp:attachment":[{"href":"https:\/\/violmax.pl\/index.php\/wp-json\/wp\/v2\/media?parent=891"}],"curies":[{"name":"wp","href":"https:\/\/api.w.org\/{rel}","templated":true}]}}