{"id":8892,"date":"2022-03-03T21:09:50","date_gmt":"2022-03-03T20:09:50","guid":{"rendered":"http:\/\/violmax.pl\/?post_type=product&#038;p=8892"},"modified":"2025-12-02T13:00:54","modified_gmt":"2025-12-02T12:00:54","slug":"mikolajki-kufel-do-piwa-bremen-670-ml-zaglowka-2d-metal","status":"publish","type":"product","link":"https:\/\/violmax.pl\/index.php\/produkt\/mikolajki-kufel-do-piwa-bremen-670-ml-zaglowka-2d-metal\/","title":{"rendered":"MIKO\u0141AJKI, KUFEL DO PIWA &#8220;BREMEN&#8221; 670 ML, \u017bAGL\u00d3WKA 2D METAL"},"content":{"rendered":"<p><img loading=\"lazy\" class=\"alignnone size-medium wp-image-8880\" src=\"http:\/\/violmax.pl\/wp-content\/uploads\/2022\/03\/Mikolajki_kufel_do_piwa_bremen_670_ml_zaglowka_2d_metal-300x300.png\" alt=\"\" width=\"300\" height=\"300\" srcset=\"https:\/\/violmax.pl\/wp-content\/uploads\/2022\/03\/Mikolajki_kufel_do_piwa_bremen_670_ml_zaglowka_2d_metal-300x300.png 300w, https:\/\/violmax.pl\/wp-content\/uploads\/2022\/03\/Mikolajki_kufel_do_piwa_bremen_670_ml_zaglowka_2d_metal-768x768.png 768w, https:\/\/violmax.pl\/wp-content\/uploads\/2022\/03\/Mikolajki_kufel_do_piwa_bremen_670_ml_zaglowka_2d_metal-680x680.png 680w, https:\/\/violmax.pl\/wp-content\/uploads\/2022\/03\/Mikolajki_kufel_do_piwa_bremen_670_ml_zaglowka_2d_metal-100x100.png 100w, https:\/\/violmax.pl\/wp-content\/uploads\/2022\/03\/Mikolajki_kufel_do_piwa_bremen_670_ml_zaglowka_2d_metal.png 900w\" sizes=\"(max-width: 300px) 100vw, 300px\" \/><\/p>\n<p>Kufel do piwa \u201dBREMEN\u201d o litra\u017cu 0,67 l. Wykonany jest z wysokiej jako\u015bci szk\u0142a. Ozdobiony jest metalowym odlewem, przedstawiaj\u0105cy \u017cagl\u00f3wk\u0119. Znakomicie sprawdzi si\u0119 jako kufel do codziennego u\u017cytku lub jako \u015bwietna pami\u0105tka z Miko\u0142ajek. Idealny na prezent dla lubuj\u0105cych si\u0119 w piwie lub os\u00f3b, kt\u00f3re ceni\u0105 sobie pami\u0105tki ze smakiem. Ozdobi ka\u017cde wn\u0119trze i zachwyci go\u015bci.<\/p>\n<p>&nbsp;<\/p>\n","protected":false},"excerpt":{"rendered":"<div class=\"woocommerce-product-details__short-description\">\n<div class=\"woocommerce-product-details__short-description\">\n<div class=\"woocommerce-product-details__short-description\">\n<p><img loading=\"lazy\" class=\"alignnone size-medium wp-image-3492\" src=\"http:\/\/violmax.pl\/wp-content\/uploads\/2020\/05\/VIOLMAX_POLSKA-300x28.jpg\" alt=\"\" width=\"300\" height=\"28\" \/><\/p>\n<p>Kufel do piwa \u201dBREMEN\u201d o litra\u017cu 0,67 l. Wykonany jest z wysokiej jako\u015bci szk\u0142a. Ozdobiony jest metalowym odlewem, przedstawiaj\u0105cy \u017cagl\u00f3wk\u0119. Znakomicie sprawdzi si\u0119 jako kufel do codziennego u\u017cytku lub jako \u015bwietna pami\u0105tka z Miko\u0142ajek. Idealny na prezent dla lubuj\u0105cych si\u0119 w piwie lub os\u00f3b, kt\u00f3re ceni\u0105 sobie pami\u0105tki ze smakiem. Ozdobi ka\u017cde wn\u0119trze i zachwyci go\u015bci.<\/p>\n<p><strong><em>Minimalna ilo\u015b\u0107 zam\u00f3wienia \u2013 6 sztuk (1 opakowanie)<\/em><br \/>\n<\/strong><\/p>\n<p><strong><em>Towar sprzedawany na opakowania<\/em><\/strong><\/p>\n<h3><span style=\"color: #ff0000;\">PRZY DODAWANIU DO KOSZYKA, NALE\u017bY DODAWA\u0106 KROTNO\u015a\u0106\u00a0 LICZBY 6 &#8211; (1 opak)\u00a0 np: 6 ; 12 ; 18 itd<\/span><\/h3>\n<h3><strong>CENA ZA SZTUK\u0118.<\/strong><\/h3>\n<\/div>\n<\/div>\n<\/div>\n","protected":false},"featured_media":8880,"comment_status":"open","ping_status":"closed","template":"","meta":[],"_links":{"self":[{"href":"https:\/\/violmax.pl\/index.php\/wp-json\/wp\/v2\/product\/8892"}],"collection":[{"href":"https:\/\/violmax.pl\/index.php\/wp-json\/wp\/v2\/product"}],"about":[{"href":"https:\/\/violmax.pl\/index.php\/wp-json\/wp\/v2\/types\/product"}],"replies":[{"embeddable":true,"href":"https:\/\/violmax.pl\/index.php\/wp-json\/wp\/v2\/comments?post=8892"}],"wp:featuredmedia":[{"embeddable":true,"href":"https:\/\/violmax.pl\/index.php\/wp-json\/wp\/v2\/media\/8880"}],"wp:attachment":[{"href":"https:\/\/violmax.pl\/index.php\/wp-json\/wp\/v2\/media?parent=8892"}],"curies":[{"name":"wp","href":"https:\/\/api.w.org\/{rel}","templated":true}]}}