{"id":8890,"date":"2022-03-03T21:03:17","date_gmt":"2022-03-03T20:03:17","guid":{"rendered":"http:\/\/violmax.pl\/?post_type=product&#038;p=8890"},"modified":"2025-12-02T13:00:54","modified_gmt":"2025-12-02T12:00:54","slug":"mikolajki-kufel-do-piwa-chmiel-500-ml-zaglowka-odlew-kolor","status":"publish","type":"product","link":"https:\/\/violmax.pl\/index.php\/produkt\/mikolajki-kufel-do-piwa-chmiel-500-ml-zaglowka-odlew-kolor\/","title":{"rendered":"MIKO\u0141AJKI, KUFEL DO PIWA &#8220;CHMIEL&#8221; 500 ML, \u017bAGL\u00d3WKA ODLEW KOLOR"},"content":{"rendered":"<p><img loading=\"lazy\" class=\"alignnone size-medium wp-image-8881\" src=\"http:\/\/violmax.pl\/wp-content\/uploads\/2022\/03\/Mikolajki_kufel_do_piwa_chmiel_500_ml_zaglowka_odlew_kolor-300x240.png\" alt=\"\" width=\"300\" height=\"240\" srcset=\"https:\/\/violmax.pl\/wp-content\/uploads\/2022\/03\/Mikolajki_kufel_do_piwa_chmiel_500_ml_zaglowka_odlew_kolor-300x240.png 300w, https:\/\/violmax.pl\/wp-content\/uploads\/2022\/03\/Mikolajki_kufel_do_piwa_chmiel_500_ml_zaglowka_odlew_kolor-768x614.png 768w, https:\/\/violmax.pl\/wp-content\/uploads\/2022\/03\/Mikolajki_kufel_do_piwa_chmiel_500_ml_zaglowka_odlew_kolor-320x256.png 320w, https:\/\/violmax.pl\/wp-content\/uploads\/2022\/03\/Mikolajki_kufel_do_piwa_chmiel_500_ml_zaglowka_odlew_kolor-680x544.png 680w, https:\/\/violmax.pl\/wp-content\/uploads\/2022\/03\/Mikolajki_kufel_do_piwa_chmiel_500_ml_zaglowka_odlew_kolor.png 900w\" sizes=\"(max-width: 300px) 100vw, 300px\" \/><\/p>\n<p>Kufel do piwa \u201dCHMIEL\u201d o litra\u017cu 0,5l. Ca\u0142y kufel jest ozdobiony symetrycznymi wg\u0142\u0119bieniami na jego zewn\u0119trznej p\u0142aszczy\u017anie. Ozdobiony jest metalowym odlewem w kolorze, przedstawiaj\u0105cy \u017cagl\u00f3wk\u0119 p\u0142ywaj\u0105c\u0105 po jeziorze na tle mazurskich las\u00f3w. Znakomicie sprawdzi si\u0119 jako kufel do codziennego u\u017cytku lub jako \u015bwietna pami\u0105tka z Miko\u0142ajek. Idealny na prezent dla lubuj\u0105cych si\u0119 w piwie lub os\u00f3b, kt\u00f3re ceni\u0105 sobie pami\u0105tki ze smakiem. Ozdobi ka\u017cde wn\u0119trze i zachwyci go\u015bci.<\/p>\n<p>&nbsp;<\/p>\n","protected":false},"excerpt":{"rendered":"<div class=\"woocommerce-product-details__short-description\">\n<div class=\"woocommerce-product-details__short-description\">\n<div class=\"woocommerce-product-details__short-description\">\n<p><img loading=\"lazy\" class=\"alignnone size-medium wp-image-3492\" src=\"http:\/\/violmax.pl\/wp-content\/uploads\/2020\/05\/VIOLMAX_POLSKA-300x28.jpg\" alt=\"\" width=\"300\" height=\"28\" \/><\/p>\n<p>Kufel do piwa \u201dCHMIEL\u201d o litra\u017cu 0,5l. Ca\u0142y kufel jest ozdobiony symetrycznymi wg\u0142\u0119bieniami na jego zewn\u0119trznej p\u0142aszczy\u017anie. Ozdobiony jest metalowym odlewem w kolorze, przedstawiaj\u0105cy \u017cagl\u00f3wk\u0119 p\u0142ywaj\u0105c\u0105 po jeziorze na tle mazurskich las\u00f3w. Znakomicie sprawdzi si\u0119 jako kufel do codziennego u\u017cytku lub jako \u015bwietna pami\u0105tka z Miko\u0142ajek. Idealny na prezent dla lubuj\u0105cych si\u0119 w piwie lub os\u00f3b, kt\u00f3re ceni\u0105 sobie pami\u0105tki ze smakiem. Ozdobi ka\u017cde wn\u0119trze i zachwyci go\u015bci.<\/p>\n<p><strong><em>Minimalna ilo\u015b\u0107 zam\u00f3wienia \u2013 6 sztuk (1 opakowanie)<\/em><br \/>\n<\/strong><\/p>\n<p><strong><em>Towar sprzedawany na opakowania<\/em><\/strong><\/p>\n<h3><span style=\"color: #ff0000;\">PRZY DODAWANIU DO KOSZYKA, NALE\u017bY DODAWA\u0106 KROTNO\u015a\u0106\u00a0 LICZBY 6 &#8211; (1 opak)\u00a0 np: 6 ; 12 ; 18 itd<\/span><\/h3>\n<h3><strong>CENA ZA SZTUK\u0118.<\/strong><\/h3>\n<\/div>\n<\/div>\n<\/div>\n","protected":false},"featured_media":8881,"comment_status":"open","ping_status":"closed","template":"","meta":[],"_links":{"self":[{"href":"https:\/\/violmax.pl\/index.php\/wp-json\/wp\/v2\/product\/8890"}],"collection":[{"href":"https:\/\/violmax.pl\/index.php\/wp-json\/wp\/v2\/product"}],"about":[{"href":"https:\/\/violmax.pl\/index.php\/wp-json\/wp\/v2\/types\/product"}],"replies":[{"embeddable":true,"href":"https:\/\/violmax.pl\/index.php\/wp-json\/wp\/v2\/comments?post=8890"}],"wp:featuredmedia":[{"embeddable":true,"href":"https:\/\/violmax.pl\/index.php\/wp-json\/wp\/v2\/media\/8881"}],"wp:attachment":[{"href":"https:\/\/violmax.pl\/index.php\/wp-json\/wp\/v2\/media?parent=8890"}],"curies":[{"name":"wp","href":"https:\/\/api.w.org\/{rel}","templated":true}]}}