{"id":888,"date":"2019-09-04T14:07:55","date_gmt":"2019-09-04T12:07:55","guid":{"rendered":"http:\/\/violmax.wroclaw.pl\/?post_type=product&#038;p=888"},"modified":"2025-12-02T13:30:04","modified_gmt":"2025-12-02T12:30:04","slug":"gdansk-kieliszek-do-wodki-shot-30-ml-blaszka-szron","status":"publish","type":"product","link":"https:\/\/violmax.pl\/index.php\/produkt\/gdansk-kieliszek-do-wodki-shot-30-ml-blaszka-szron\/","title":{"rendered":"GDA\u0143SK, KIELISZEK DO W\u00d3DKI &#8220;SHOT 30&#8221; ML, BLASZKA + SZRON"},"content":{"rendered":"<p><img loading=\"lazy\" class=\"alignnone size-medium wp-image-7317\" src=\"http:\/\/violmax.pl\/wp-content\/uploads\/2021\/03\/GDANSK_KIELISZEK_DO_WODKI_SHOT_30_ML_BLASZKA_SZRON_MIX_3SZT-300x200.png\" alt=\"\" width=\"300\" height=\"200\" srcset=\"https:\/\/violmax.pl\/wp-content\/uploads\/2021\/03\/GDANSK_KIELISZEK_DO_WODKI_SHOT_30_ML_BLASZKA_SZRON_MIX_3SZT-300x200.png 300w, https:\/\/violmax.pl\/wp-content\/uploads\/2021\/03\/GDANSK_KIELISZEK_DO_WODKI_SHOT_30_ML_BLASZKA_SZRON_MIX_3SZT-768x512.png 768w, https:\/\/violmax.pl\/wp-content\/uploads\/2021\/03\/GDANSK_KIELISZEK_DO_WODKI_SHOT_30_ML_BLASZKA_SZRON_MIX_3SZT-680x453.png 680w, https:\/\/violmax.pl\/wp-content\/uploads\/2021\/03\/GDANSK_KIELISZEK_DO_WODKI_SHOT_30_ML_BLASZKA_SZRON_MIX_3SZT.png 900w\" sizes=\"(max-width: 300px) 100vw, 300px\" \/><\/p>\n<p>Kieliszek do w\u00f3dki o pojemno\u015bci 30ml na stopce. Kieliszek jest pi\u0119knie oszroniony do po\u0142owy \u2013 na samym \u015brodku umieszczona zosta\u0142a metalowa ozdoba \u2013 motywy typowe dla miasta Gda\u0144sk (r\u00f3\u017cne blaszki,do wyboru ). Takie pami\u0105tki zawsze robi\u0105 wra\u017cenie. Po\u0142\u0105czenie praktycznej rzeczy z oryginaln\u0105 pami\u0105tk\u0105 i ozdob\u0105 np w kuchennej szafce czy eleganckim barku, w salonie.Idealna pami\u0105tka z Gda\u0144ska, \u015bwietny prezent dla ka\u017cdego.<\/p>\n","protected":false},"excerpt":{"rendered":"<p><img loading=\"lazy\" class=\"alignnone size-medium wp-image-3492\" src=\"http:\/\/violmax.pl\/wp-content\/uploads\/2020\/05\/VIOLMAX_POLSKA-300x28.jpg\" alt=\"\" width=\"300\" height=\"28\" \/><\/p>\n<p>&nbsp;<\/p>\n<p>Kieliszek do w\u00f3dki o pojemno\u015bci 30ml na stopce. Kieliszek jest pi\u0119knie oszroniony do po\u0142owy \u2013 na samym \u015brodku umieszczona zosta\u0142a metalowa ozdoba \u2013 motywy typowe dla miasta Gda\u0144sk (r\u00f3\u017cne blaszki,do wyboru ). Takie pami\u0105tki zawsze robi\u0105 wra\u017cenie. Po\u0142\u0105czenie praktycznej rzeczy z oryginaln\u0105 pami\u0105tk\u0105 i ozdob\u0105 np w kuchennej szafce czy eleganckim barku, w salonie.Idealna pami\u0105tka z Gda\u0144ska, \u015bwietny prezent dla ka\u017cdego.<\/p>\n<p><strong><em>Minimalna ilo\u015b\u0107 zam\u00f3wienia &#8211; 6 sztuk (1 opakowanie)<\/em><br \/>\n<\/strong><\/p>\n<p><strong><em>Towar sprzedawany na opakowania<\/em><\/strong><\/p>\n<h3><span style=\"color: #ff0000;\">PRZY DODAWANIU DO KOSZYKA, NALE\u017bY DODAWA\u0106 KROTNO\u015a\u0106\u00a0 LICZBY 6 &#8211; (1 opak)\u00a0 np: 6 ; 12 ; 18 itd<\/span><\/h3>\n<h3><strong>CENA ZA SZTUK\u0118.<\/strong><\/h3>\n","protected":false},"featured_media":7317,"comment_status":"open","ping_status":"closed","template":"","meta":[],"_links":{"self":[{"href":"https:\/\/violmax.pl\/index.php\/wp-json\/wp\/v2\/product\/888"}],"collection":[{"href":"https:\/\/violmax.pl\/index.php\/wp-json\/wp\/v2\/product"}],"about":[{"href":"https:\/\/violmax.pl\/index.php\/wp-json\/wp\/v2\/types\/product"}],"replies":[{"embeddable":true,"href":"https:\/\/violmax.pl\/index.php\/wp-json\/wp\/v2\/comments?post=888"}],"wp:featuredmedia":[{"embeddable":true,"href":"https:\/\/violmax.pl\/index.php\/wp-json\/wp\/v2\/media\/7317"}],"wp:attachment":[{"href":"https:\/\/violmax.pl\/index.php\/wp-json\/wp\/v2\/media?parent=888"}],"curies":[{"name":"wp","href":"https:\/\/api.w.org\/{rel}","templated":true}]}}