{"id":8878,"date":"2022-03-03T19:31:22","date_gmt":"2022-03-03T18:31:22","guid":{"rendered":"http:\/\/violmax.pl\/?post_type=product&#038;p=8878"},"modified":"2025-12-02T13:00:55","modified_gmt":"2025-12-02T12:00:55","slug":"debki-szklanka-do-piwa-spirala-665-ml-kobieta1-szron","status":"publish","type":"product","link":"https:\/\/violmax.pl\/index.php\/produkt\/debki-szklanka-do-piwa-spirala-665-ml-kobieta1-szron\/","title":{"rendered":"D\u0118BKI, SZKLANKA DO PIWA &#8220;SPIRALA&#8221; 665 ML, KOBIETA, SZRON"},"content":{"rendered":"<p><img loading=\"lazy\" class=\"alignnone size-medium wp-image-8861\" src=\"http:\/\/violmax.pl\/wp-content\/uploads\/2022\/03\/Debki_szklanka_do_piwa_spirala_665_ml_kobieta1_szron-300x300.png\" alt=\"\" width=\"300\" height=\"300\" srcset=\"https:\/\/violmax.pl\/wp-content\/uploads\/2022\/03\/Debki_szklanka_do_piwa_spirala_665_ml_kobieta1_szron-300x300.png 300w, https:\/\/violmax.pl\/wp-content\/uploads\/2022\/03\/Debki_szklanka_do_piwa_spirala_665_ml_kobieta1_szron-768x768.png 768w, https:\/\/violmax.pl\/wp-content\/uploads\/2022\/03\/Debki_szklanka_do_piwa_spirala_665_ml_kobieta1_szron-680x680.png 680w, https:\/\/violmax.pl\/wp-content\/uploads\/2022\/03\/Debki_szklanka_do_piwa_spirala_665_ml_kobieta1_szron-100x100.png 100w, https:\/\/violmax.pl\/wp-content\/uploads\/2022\/03\/Debki_szklanka_do_piwa_spirala_665_ml_kobieta1_szron.png 900w\" sizes=\"(max-width: 300px) 100vw, 300px\" \/><\/p>\n<p>Szklanka do piwa &#8220;SPIRALA&#8221; o pojemno\u015bci 665 ml, z wypiaskowanym motywem charakterystycznym dla morza, kobiet\u0105 siedz\u0105c\u0105 na palu nad morzem a w oddali widnieje \u017caglowiec. Wypiaskowanie szklanki sprawia wra\u017cenie, jak by by\u0142a zmro\u017cona. Na szklance widnieje napis \u201dD\u0119bki\u201d . Pi\u0119kna szklanka, dzi\u0119ki precyzyjnemu piaskowaniu nabra\u0142a oryginalno\u015bci. W dolnej cz\u0119\u015bci szklanka jest ozdobiona id\u0105cymi po skosie rowkami. Idealna pami\u0105tka z D\u0119bek. Nadaje si\u0119 do mycia w zmywarce.<\/p>\n","protected":false},"excerpt":{"rendered":"<p><img loading=\"lazy\" class=\"alignnone size-medium wp-image-3660\" src=\"http:\/\/violmax.pl\/wp-content\/uploads\/2020\/05\/VIOLMAX_POLSKA-2-300x28.jpg\" alt=\"\" width=\"300\" height=\"28\" \/><\/p>\n<p>&nbsp;<\/p>\n<p>Szklanka do piwa &#8220;SPIRALA&#8221; o pojemno\u015bci 665 ml, z wypiaskowanym motywem charakterystycznym dla morza, kobiet\u0105 siedz\u0105c\u0105 na palu nad morzem a w oddali widnieje \u017caglowiec. Wypiaskowanie szklanki sprawia wra\u017cenie, jak by by\u0142a zmro\u017cona. Na szklance widnieje napis \u201dD\u0119bki\u201d . Pi\u0119kna szklanka, dzi\u0119ki precyzyjnemu piaskowaniu nabra\u0142a oryginalno\u015bci. W dolnej cz\u0119\u015bci szklanka jest ozdobiona id\u0105cymi po skosie rowkami. Idealna pami\u0105tka z D\u0119bek. Nadaje si\u0119 do mycia w zmywarce.<\/p>\n<p><strong><em>Minimalna ilo\u015b\u0107 zam\u00f3wienia &#8211; 6 sztuk (1 opakowanie)<\/em><br \/>\n<\/strong><\/p>\n<p><strong><em>Towar sprzedawany na opakowania<\/em><\/strong><\/p>\n<h3><span style=\"color: #ff0000;\">PRZY DODAWANIU DO KOSZYKA, NALE\u017bY DODAWA\u0106 KROTNO\u015a\u0106\u00a0 LICZBY 6 &#8211; (1 opak)\u00a0 np: 6 ; 12 ; 18 itd<\/span><\/h3>\n<h3><strong>CENA ZA SZTUK\u0118.<\/strong><\/h3>\n","protected":false},"featured_media":8861,"comment_status":"open","ping_status":"closed","template":"","meta":[],"_links":{"self":[{"href":"https:\/\/violmax.pl\/index.php\/wp-json\/wp\/v2\/product\/8878"}],"collection":[{"href":"https:\/\/violmax.pl\/index.php\/wp-json\/wp\/v2\/product"}],"about":[{"href":"https:\/\/violmax.pl\/index.php\/wp-json\/wp\/v2\/types\/product"}],"replies":[{"embeddable":true,"href":"https:\/\/violmax.pl\/index.php\/wp-json\/wp\/v2\/comments?post=8878"}],"wp:featuredmedia":[{"embeddable":true,"href":"https:\/\/violmax.pl\/index.php\/wp-json\/wp\/v2\/media\/8861"}],"wp:attachment":[{"href":"https:\/\/violmax.pl\/index.php\/wp-json\/wp\/v2\/media?parent=8878"}],"curies":[{"name":"wp","href":"https:\/\/api.w.org\/{rel}","templated":true}]}}