{"id":8816,"date":"2022-02-06T12:18:39","date_gmt":"2022-02-06T11:18:39","guid":{"rendered":"http:\/\/violmax.pl\/?post_type=product&#038;p=8816"},"modified":"2023-04-02T16:45:25","modified_gmt":"2023-04-02T14:45:25","slug":"zakopane-karafka-lamana-750-ml-janosik-chata1-1-szron","status":"publish","type":"product","link":"https:\/\/violmax.pl\/index.php\/produkt\/zakopane-karafka-lamana-750-ml-janosik-chata1-1-szron\/","title":{"rendered":"ZAKOPANE, KARAFKA &#8220;\u0141AMANA&#8221; 750 ML, JANOSIK ORAZ CHATA G\u00d3RALSKA 1 , SZRON"},"content":{"rendered":"<p><img loading=\"lazy\" class=\"alignnone size-medium wp-image-8810\" src=\"http:\/\/violmax.pl\/wp-content\/uploads\/2022\/02\/Zakopane_karafka_lamana_750_ml_janosik_chata1_1_szron-200x300.png\" alt=\"\" width=\"200\" height=\"300\" srcset=\"https:\/\/violmax.pl\/wp-content\/uploads\/2022\/02\/Zakopane_karafka_lamana_750_ml_janosik_chata1_1_szron-200x300.png 200w, https:\/\/violmax.pl\/wp-content\/uploads\/2022\/02\/Zakopane_karafka_lamana_750_ml_janosik_chata1_1_szron.png 600w\" sizes=\"(max-width: 200px) 100vw, 200px\" \/><\/p>\n<p>Karafka o litra\u017cu 0,75 litra . Jest wypiaskowana, co sprawia \u017ce wygl\u0105da jak by by\u0142a zmro\u017cona. Ozdobiona jest z jednej strony &#8220;Janosikiem&#8221; a z drugiej strony g\u00f3ralsk\u0105 chat\u0105. Boki karafki ozdobione s\u0105 g\u00f3rami oraz ska\u0142ami. Karafka mo\u017ce s\u0142u\u017cy\u0107 jako nietuzinkowy, szklany prezent lub ozdobny flakon na nalewki, wina, koniaki. Karafka jest wykonana r\u0119cznie. Pi\u0119kna, okaza\u0142a ( 26 cm wysoko\u015bci ) pami\u0105tka z Zakopanego, kt\u00f3ra zachwyci ka\u017cdego.<\/p>\n","protected":false},"excerpt":{"rendered":"<p><img loading=\"lazy\" class=\"alignnone size-full wp-image-5364\" src=\"http:\/\/violmax.pl\/wp-content\/uploads\/2020\/10\/VIOLMAX_POLSKA-3.jpg\" alt=\"\" width=\"300\" height=\"28\" \/><\/p>\n<p>&nbsp;<\/p>\n<p>Karafka o litra\u017cu 0,75 litra . Jest wypiaskowana, co sprawia \u017ce wygl\u0105da jak by by\u0142a zmro\u017cona. Ozdobiona jest z jednej strony &#8220;Janosikiem&#8221; a z drugiej strony g\u00f3ralsk\u0105 chat\u0105. Boki karafki ozdobione s\u0105 g\u00f3rami oraz ska\u0142ami. Karafka mo\u017ce s\u0142u\u017cy\u0107 jako nietuzinkowy, szklany prezent lub ozdobny flakon na nalewki, wina, koniaki. Karafka jest wykonana r\u0119cznie. Pi\u0119kna, okaza\u0142a ( 26 cm wysoko\u015bci ) pami\u0105tka z Zakopanego, kt\u00f3ra zachwyci ka\u017cdego.<\/p>\n<p><em><strong>Minimalna ilo\u015b\u0107 zam\u00f3wienia &#8211; 1 sztuka<\/strong><\/em><\/p>\n<h2><strong>CENA ZA SZTUK\u0118<\/strong><\/h2>\n","protected":false},"featured_media":8810,"comment_status":"open","ping_status":"closed","template":"","meta":[],"_links":{"self":[{"href":"https:\/\/violmax.pl\/index.php\/wp-json\/wp\/v2\/product\/8816"}],"collection":[{"href":"https:\/\/violmax.pl\/index.php\/wp-json\/wp\/v2\/product"}],"about":[{"href":"https:\/\/violmax.pl\/index.php\/wp-json\/wp\/v2\/types\/product"}],"replies":[{"embeddable":true,"href":"https:\/\/violmax.pl\/index.php\/wp-json\/wp\/v2\/comments?post=8816"}],"wp:featuredmedia":[{"embeddable":true,"href":"https:\/\/violmax.pl\/index.php\/wp-json\/wp\/v2\/media\/8810"}],"wp:attachment":[{"href":"https:\/\/violmax.pl\/index.php\/wp-json\/wp\/v2\/media?parent=8816"}],"curies":[{"name":"wp","href":"https:\/\/api.w.org\/{rel}","templated":true}]}}