{"id":8802,"date":"2022-02-05T16:25:47","date_gmt":"2022-02-05T15:25:47","guid":{"rendered":"http:\/\/violmax.pl\/?post_type=product&#038;p=8802"},"modified":"2023-04-02T16:46:36","modified_gmt":"2023-04-02T14:46:36","slug":"zakopane-karafka-lamana-750-ml-krupowki-gubalowka-1-szron","status":"publish","type":"product","link":"https:\/\/violmax.pl\/index.php\/produkt\/zakopane-karafka-lamana-750-ml-krupowki-gubalowka-1-szron\/","title":{"rendered":"ZAKOPANE, KARAFKA &#8220;\u0141AMANA&#8221; 750 ML, KRUP\u00d3WKI ORAZ GUBA\u0141\u00d3WKA , SZRON"},"content":{"rendered":"<p><img loading=\"lazy\" class=\"alignnone size-medium wp-image-8798\" src=\"http:\/\/violmax.pl\/wp-content\/uploads\/2022\/02\/Zakopane_karafka_lamana_750_ml_krupowki_gubalowka_1_szron-200x300.png\" alt=\"\" width=\"200\" height=\"300\" srcset=\"https:\/\/violmax.pl\/wp-content\/uploads\/2022\/02\/Zakopane_karafka_lamana_750_ml_krupowki_gubalowka_1_szron-200x300.png 200w, https:\/\/violmax.pl\/wp-content\/uploads\/2022\/02\/Zakopane_karafka_lamana_750_ml_krupowki_gubalowka_1_szron.png 600w\" sizes=\"(max-width: 200px) 100vw, 200px\" \/><\/p>\n<p>Karafka o litra\u017cu 0,75 litra . Jest wypiaskowana, co sprawia \u017ce wygl\u0105da jak by by\u0142a zmro\u017cona. Ozdobiona jest z jednej strony widokiem Krup\u00f3wek\u00a0 a z drugiej Guba\u0142\u00f3wk\u0105. Boki karafki ozdobione s\u0105 g\u00f3rami oraz ska\u0142ami. Karafka mo\u017ce s\u0142u\u017cy\u0107 jako nietuzinkowy, szklany prezent lub ozdobny flakon na nalewki, wina, koniaki. Karafka jest wykonana r\u0119cznie. Pi\u0119kna, okaza\u0142a ( 26 cm wysoko\u015bci ) pami\u0105tka z Zakopanego, kt\u00f3ra zachwyci ka\u017cdego.<\/p>\n","protected":false},"excerpt":{"rendered":"<p><img loading=\"lazy\" class=\"alignnone size-full wp-image-5364\" src=\"http:\/\/violmax.pl\/wp-content\/uploads\/2020\/10\/VIOLMAX_POLSKA-3.jpg\" alt=\"\" width=\"300\" height=\"28\" \/><\/p>\n<p>&nbsp;<\/p>\n<p>Karafka o litra\u017cu 0,75 litra . Jest wypiaskowana, co sprawia \u017ce wygl\u0105da jak by by\u0142a zmro\u017cona. Ozdobiona jest z jednej strony widokiem Krup\u00f3wek\u00a0 a z drugiej Guba\u0142\u00f3wk\u0105. Boki karafki ozdobione s\u0105 g\u00f3rami oraz ska\u0142ami. Karafka mo\u017ce s\u0142u\u017cy\u0107 jako nietuzinkowy, szklany prezent lub ozdobny flakon na nalewki, wina, koniaki. Karafka jest wykonana r\u0119cznie. Pi\u0119kna, okaza\u0142a ( 26 cm wysoko\u015bci ) pami\u0105tka z Zakopanego, kt\u00f3ra zachwyci ka\u017cdego.<\/p>\n<p><em><strong>Minimalna ilo\u015b\u0107 zam\u00f3wienia &#8211; 1 sztuka<\/strong><\/em><\/p>\n<h2><strong>CENA ZA SZTUK\u0118<\/strong><\/h2>\n","protected":false},"featured_media":8798,"comment_status":"open","ping_status":"closed","template":"","meta":[],"_links":{"self":[{"href":"https:\/\/violmax.pl\/index.php\/wp-json\/wp\/v2\/product\/8802"}],"collection":[{"href":"https:\/\/violmax.pl\/index.php\/wp-json\/wp\/v2\/product"}],"about":[{"href":"https:\/\/violmax.pl\/index.php\/wp-json\/wp\/v2\/types\/product"}],"replies":[{"embeddable":true,"href":"https:\/\/violmax.pl\/index.php\/wp-json\/wp\/v2\/comments?post=8802"}],"wp:featuredmedia":[{"embeddable":true,"href":"https:\/\/violmax.pl\/index.php\/wp-json\/wp\/v2\/media\/8798"}],"wp:attachment":[{"href":"https:\/\/violmax.pl\/index.php\/wp-json\/wp\/v2\/media?parent=8802"}],"curies":[{"name":"wp","href":"https:\/\/api.w.org\/{rel}","templated":true}]}}