{"id":878,"date":"2019-09-04T13:49:19","date_gmt":"2019-09-04T11:49:19","guid":{"rendered":"http:\/\/violmax.wroclaw.pl\/?post_type=product&#038;p=878"},"modified":"2025-12-02T13:30:04","modified_gmt":"2025-12-02T12:30:04","slug":"gdansk-kieliszek-do-wina-375-ml-lwy-szron","status":"publish","type":"product","link":"https:\/\/violmax.pl\/index.php\/produkt\/gdansk-kieliszek-do-wina-375-ml-lwy-szron\/","title":{"rendered":"GDA\u0143SK, KIELISZEK DO WODY &#8220;LAV 580&#8221; ML, LWY SZRON"},"content":{"rendered":"<p><img loading=\"lazy\" class=\"alignnone size-medium wp-image-2563\" src=\"http:\/\/violmax.pl\/wp-content\/uploads\/2020\/04\/GDANSK_KIELISZEK_DO_WINA_450_ML_SZRON_LWY_A-188x300.jpg\" alt=\"\" width=\"188\" height=\"300\" \/><img loading=\"lazy\" class=\"alignnone size-medium wp-image-2564\" src=\"http:\/\/violmax.pl\/wp-content\/uploads\/2020\/04\/GDANSK_KIELISZEK_DO_WINA_450_ML_SZRON_LWY_B-188x300.jpg\" alt=\"\" width=\"188\" height=\"300\" \/><\/p>\n<p>Pi\u0119kny kieliszek do wina lub wody. Ca\u0142y jest wypiaskowany. Na kieliszku wida\u0107 motywy typowe dla Gda\u0144ska oraz nazw\u0119 miasta. Pieczo\u0142owicie wykonane zdobienia metod\u0105 piaskowania sprawiaj\u0105, \u017ce kieliszki wzbudzaj\u0105 zachwyt u ka\u017cdego. Idealna pami\u0105tka znad morza, prezent,upominek dla ka\u017cdego.<\/p>\n","protected":false},"excerpt":{"rendered":"<p><img loading=\"lazy\" class=\"alignnone size-medium wp-image-3492\" src=\"http:\/\/violmax.pl\/wp-content\/uploads\/2020\/05\/VIOLMAX_POLSKA-300x28.jpg\" alt=\"\" width=\"300\" height=\"28\" \/><\/p>\n<p>&nbsp;<\/p>\n<p>Pi\u0119kny kieliszek do wina lub wody. Ca\u0142y jest wypiaskowany. Na kieliszku wida\u0107 motywy typowe dla Gda\u0144ska oraz nazw\u0119 miasta. Pieczo\u0142owicie wykonane zdobienia metod\u0105 piaskowania sprawiaj\u0105, \u017ce kieliszki wzbudzaj\u0105 zachwyt u ka\u017cdego. Idealna pami\u0105tka znad morza, prezent,upominek dla ka\u017cdego.<\/p>\n<p><strong><em>Minimalna ilo\u015b\u0107 zam\u00f3wienia &#8211; 6 sztuk (1 opakowanie)<\/em><br \/>\n<\/strong><\/p>\n<p><strong><em>Towar sprzedawany na opakowania<\/em><\/strong><\/p>\n<h3><span style=\"color: #ff0000;\">PRZY DODAWANIU DO KOSZYKA, NALE\u017bY DODAWA\u0106 KROTNO\u015a\u0106\u00a0 LICZBY 6 &#8211; (1 opak)\u00a0 np: 6 ; 12 ; 18 itd<\/span><\/h3>\n<h3><strong>CENA ZA SZTUK\u0118.<\/strong><\/h3>\n","protected":false},"featured_media":2563,"comment_status":"open","ping_status":"closed","template":"","meta":[],"_links":{"self":[{"href":"https:\/\/violmax.pl\/index.php\/wp-json\/wp\/v2\/product\/878"}],"collection":[{"href":"https:\/\/violmax.pl\/index.php\/wp-json\/wp\/v2\/product"}],"about":[{"href":"https:\/\/violmax.pl\/index.php\/wp-json\/wp\/v2\/types\/product"}],"replies":[{"embeddable":true,"href":"https:\/\/violmax.pl\/index.php\/wp-json\/wp\/v2\/comments?post=878"}],"wp:featuredmedia":[{"embeddable":true,"href":"https:\/\/violmax.pl\/index.php\/wp-json\/wp\/v2\/media\/2563"}],"wp:attachment":[{"href":"https:\/\/violmax.pl\/index.php\/wp-json\/wp\/v2\/media?parent=878"}],"curies":[{"name":"wp","href":"https:\/\/api.w.org\/{rel}","templated":true}]}}