{"id":8756,"date":"2022-02-03T19:30:04","date_gmt":"2022-02-03T18:30:04","guid":{"rendered":"http:\/\/violmax.pl\/?post_type=product&#038;p=8756"},"modified":"2025-12-02T13:10:42","modified_gmt":"2025-12-02T12:10:42","slug":"zakopane-szklanka-do-piwa-gosia-500-ml-jelen-1-szron","status":"publish","type":"product","link":"https:\/\/violmax.pl\/index.php\/produkt\/zakopane-szklanka-do-piwa-gosia-500-ml-jelen-1-szron\/","title":{"rendered":"ZAKOPANE, SZKLANKA DO PIWA &#8220;MA\u0141GOSIA&#8221; 500 ML, JELE\u0143 1 SZRON"},"content":{"rendered":"<p><img loading=\"lazy\" class=\"alignnone size-medium wp-image-8744\" src=\"http:\/\/violmax.pl\/wp-content\/uploads\/2022\/02\/Zakopane_szklanka_do_piwa_gosia_500_ml_jelen1_szron-300x300.png\" alt=\"\" width=\"300\" height=\"300\" srcset=\"https:\/\/violmax.pl\/wp-content\/uploads\/2022\/02\/Zakopane_szklanka_do_piwa_gosia_500_ml_jelen1_szron-300x300.png 300w, https:\/\/violmax.pl\/wp-content\/uploads\/2022\/02\/Zakopane_szklanka_do_piwa_gosia_500_ml_jelen1_szron-768x768.png 768w, https:\/\/violmax.pl\/wp-content\/uploads\/2022\/02\/Zakopane_szklanka_do_piwa_gosia_500_ml_jelen1_szron-680x680.png 680w, https:\/\/violmax.pl\/wp-content\/uploads\/2022\/02\/Zakopane_szklanka_do_piwa_gosia_500_ml_jelen1_szron-100x100.png 100w, https:\/\/violmax.pl\/wp-content\/uploads\/2022\/02\/Zakopane_szklanka_do_piwa_gosia_500_ml_jelen1_szron.png 900w\" sizes=\"(max-width: 300px) 100vw, 300px\" \/><\/p>\n<p>&nbsp;<\/p>\n<p>Szklanka do piwa &#8220;MA\u0141GOSIA&#8221; o litra\u017cu 500 ml. Elegancki upominek z Zakopanego. Wykonana jest z wysokiej jako\u015bci szk\u0142a. Szklanka jest wypiaskowana , co sprawia \u017ce wygl\u0105da jak by by\u0142a zmro\u017cona. Ozdobiona jest motywem jelenia. Wygodna szklanka o du\u017cej pojemno\u015bci, dobrze trzyma si\u0119 w d\u0142oni.\u00a0 Nadaje si\u0119 do mycia w zmywarce.<\/p>\n","protected":false},"excerpt":{"rendered":"<p><img loading=\"lazy\" class=\"alignnone size-medium wp-image-3492\" src=\"http:\/\/violmax.pl\/wp-content\/uploads\/2020\/05\/VIOLMAX_POLSKA-300x28.jpg\" alt=\"\" width=\"300\" height=\"28\" \/><\/p>\n<p>&nbsp;<\/p>\n<p>Szklanka do piwa &#8220;MA\u0141GOSIA&#8221; o litra\u017cu 500 ml. Elegancki upominek z Zakopanego. Wykonana jest z wysokiej jako\u015bci szk\u0142a. Szklanka jest wypiaskowana , co sprawia \u017ce wygl\u0105da jak by by\u0142a zmro\u017cona. Ozdobiona jest motywem jelenia. Wygodna szklanka o du\u017cej pojemno\u015bci, dobrze trzyma si\u0119 w d\u0142oni.\u00a0 Nadaje si\u0119 do mycia w zmywarce.<\/p>\n<p><em><strong>Minimalna ilo\u015b\u0107 zam\u00f3wienia &#8211; 6 sztuk (1 opakowanie)<br \/>\n<\/strong><\/em><\/p>\n<p><strong><em>Towar sprzedawany na opakowania<\/em><\/strong><\/p>\n<h3><span style=\"color: #ff0000;\">PRZY DODAWANIU DO KOSZYKA, NALE\u017bY DODAWA\u0106 KROTNO\u015a\u0106\u00a0 LICZBY 6 &#8211; (1 opak)\u00a0 np: 6 ; 12 ; 18 itd<\/span><\/h3>\n<h3><strong>CENA ZA SZTUK\u0118.<\/strong><\/h3>\n<h2><strong>\u00a0<\/strong><\/h2>\n","protected":false},"featured_media":8744,"comment_status":"open","ping_status":"closed","template":"","meta":[],"_links":{"self":[{"href":"https:\/\/violmax.pl\/index.php\/wp-json\/wp\/v2\/product\/8756"}],"collection":[{"href":"https:\/\/violmax.pl\/index.php\/wp-json\/wp\/v2\/product"}],"about":[{"href":"https:\/\/violmax.pl\/index.php\/wp-json\/wp\/v2\/types\/product"}],"replies":[{"embeddable":true,"href":"https:\/\/violmax.pl\/index.php\/wp-json\/wp\/v2\/comments?post=8756"}],"wp:featuredmedia":[{"embeddable":true,"href":"https:\/\/violmax.pl\/index.php\/wp-json\/wp\/v2\/media\/8744"}],"wp:attachment":[{"href":"https:\/\/violmax.pl\/index.php\/wp-json\/wp\/v2\/media?parent=8756"}],"curies":[{"name":"wp","href":"https:\/\/api.w.org\/{rel}","templated":true}]}}