{"id":8736,"date":"2022-01-16T12:24:08","date_gmt":"2022-01-16T11:24:08","guid":{"rendered":"http:\/\/violmax.pl\/?post_type=product&#038;p=8736"},"modified":"2025-12-02T13:10:43","modified_gmt":"2025-12-02T12:10:43","slug":"zakopane-kufel-do-piwa-krzysztof-500-ml-chata4-dorozka-szron","status":"publish","type":"product","link":"https:\/\/violmax.pl\/index.php\/produkt\/zakopane-kufel-do-piwa-krzysztof-500-ml-chata4-dorozka-szron\/","title":{"rendered":"ZAKOPANE, KUFEL DO PIWA &#8220;KRZYSZTOF&#8221; 500 ML, DORO\u017bKA ZAKOPIA\u0143SKA ORAZ CHATA 4, SZRON"},"content":{"rendered":"<p><img loading=\"lazy\" class=\"alignnone size-medium wp-image-8726\" src=\"http:\/\/violmax.pl\/wp-content\/uploads\/2022\/01\/Zakopane_kufel_do_piwa_krzysztof_500_ml_dorozka_chata4_szron-300x240.png\" alt=\"\" width=\"300\" height=\"240\" srcset=\"https:\/\/violmax.pl\/wp-content\/uploads\/2022\/01\/Zakopane_kufel_do_piwa_krzysztof_500_ml_dorozka_chata4_szron-300x240.png 300w, https:\/\/violmax.pl\/wp-content\/uploads\/2022\/01\/Zakopane_kufel_do_piwa_krzysztof_500_ml_dorozka_chata4_szron-768x614.png 768w, https:\/\/violmax.pl\/wp-content\/uploads\/2022\/01\/Zakopane_kufel_do_piwa_krzysztof_500_ml_dorozka_chata4_szron-320x256.png 320w, https:\/\/violmax.pl\/wp-content\/uploads\/2022\/01\/Zakopane_kufel_do_piwa_krzysztof_500_ml_dorozka_chata4_szron-680x544.png 680w, https:\/\/violmax.pl\/wp-content\/uploads\/2022\/01\/Zakopane_kufel_do_piwa_krzysztof_500_ml_dorozka_chata4_szron.png 900w\" sizes=\"(max-width: 300px) 100vw, 300px\" \/><\/p>\n<p>&nbsp;<\/p>\n<p>Kufel do piwa &#8220;KRZYSZTOF&#8221; o pojemno\u015bci 0,5 litra. Kufel wykonany jest z wysokiej jako\u015bci szk\u0142a. Ca\u0142y kufel jest wypiaskowany i precyzyjnie oszroniony.\u00a0 Wypiaskowanie kufla do po\u0142owy, sprawia wra\u017cenie jak by by\u0142 oszroniony. D\u00f3\u0142 kufla jest upi\u0119kszony r\u00f3wnymi faskami. Na kuflu widzimy motyw typowy dla Zakopanego, chat\u0119 g\u00f3ralsk\u0105 oraz zakopia\u0144sk\u0105 doro\u017ck\u0119. Bardzo pi\u0119kna pami\u0105tka z niepowtarzalnymi wzorami i detalami. Wszystko na szkle wykonane jest w taki spos\u00f3b by wzbudza\u0142o zachwyt. Takie pami\u0105tki czy prezenty zawsze b\u0119d\u0105 trafione.Idealna pami\u0105tka z g\u00f3r. Nadaje si\u0119 do mycia w zmywarce.<\/p>\n","protected":false},"excerpt":{"rendered":"<p><img loading=\"lazy\" class=\"alignnone size-full wp-image-5364\" src=\"http:\/\/violmax.pl\/wp-content\/uploads\/2020\/10\/VIOLMAX_POLSKA-3.jpg\" alt=\"\" width=\"300\" height=\"28\" \/><\/p>\n<p>&nbsp;<\/p>\n<p>Kufel do piwa &#8220;KRZYSZTOF&#8221; o pojemno\u015bci 0,5 litra. Kufel wykonany jest z wysokiej jako\u015bci szk\u0142a. Ca\u0142y kufel jest wypiaskowany i precyzyjnie oszroniony.\u00a0 Wypiaskowanie kufla do po\u0142owy, sprawia wra\u017cenie jak by by\u0142 oszroniony. D\u00f3\u0142 kufla jest upi\u0119kszony r\u00f3wnymi faskami. Na kuflu widzimy motyw typowy dla Zakopanego, chat\u0119 g\u00f3ralsk\u0105 oraz zakopia\u0144sk\u0105 doro\u017ck\u0119. Bardzo pi\u0119kna pami\u0105tka z niepowtarzalnymi wzorami i detalami. Wszystko na szkle wykonane jest w taki spos\u00f3b by wzbudza\u0142o zachwyt. Takie pami\u0105tki czy prezenty zawsze b\u0119d\u0105 trafione.Idealna pami\u0105tka z g\u00f3r. Nadaje si\u0119 do mycia w zmywarce.<\/p>\n<h4><strong>Minimalna ilo\u015b\u0107 zam\u00f3wienia &#8211; 6 sztuk (1 opakowanie)<br \/>\n<\/strong><\/h4>\n<p><strong><em>Towar sprzedawany na opakowania<\/em><\/strong><\/p>\n<h3><span style=\"color: #ff0000;\">PRZY DODAWANIU DO KOSZYKA, NALE\u017bY DODAWA\u0106 KROTNO\u015a\u0106\u00a0 LICZBY 6 &#8211; (1 opak)\u00a0 np: 6 ; 12 ; 18 itd<\/span><\/h3>\n<h3><strong>CENA ZA SZTUK\u0118.<\/strong><\/h3>\n<h2><strong>\u00a0<\/strong><\/h2>\n","protected":false},"featured_media":8726,"comment_status":"open","ping_status":"closed","template":"","meta":[],"_links":{"self":[{"href":"https:\/\/violmax.pl\/index.php\/wp-json\/wp\/v2\/product\/8736"}],"collection":[{"href":"https:\/\/violmax.pl\/index.php\/wp-json\/wp\/v2\/product"}],"about":[{"href":"https:\/\/violmax.pl\/index.php\/wp-json\/wp\/v2\/types\/product"}],"replies":[{"embeddable":true,"href":"https:\/\/violmax.pl\/index.php\/wp-json\/wp\/v2\/comments?post=8736"}],"wp:featuredmedia":[{"embeddable":true,"href":"https:\/\/violmax.pl\/index.php\/wp-json\/wp\/v2\/media\/8726"}],"wp:attachment":[{"href":"https:\/\/violmax.pl\/index.php\/wp-json\/wp\/v2\/media?parent=8736"}],"curies":[{"name":"wp","href":"https:\/\/api.w.org\/{rel}","templated":true}]}}