{"id":8705,"date":"2022-01-13T18:44:01","date_gmt":"2022-01-13T17:44:01","guid":{"rendered":"http:\/\/violmax.pl\/?post_type=product&#038;p=8705"},"modified":"2025-12-02T13:10:46","modified_gmt":"2025-12-02T12:10:46","slug":"zakopane-kufel-do-piwa-bremen-670-ml-goral-sanie-chata4-szron","status":"publish","type":"product","link":"https:\/\/violmax.pl\/index.php\/produkt\/zakopane-kufel-do-piwa-bremen-670-ml-goral-sanie-chata4-szron\/","title":{"rendered":"ZAKOPANE, KUFEL DO PIWA &#8220;BREMEN&#8221; 670 ML, SANIE ORAZ CHAT\u0118 4, SZRON"},"content":{"rendered":"<p><img loading=\"lazy\" class=\"alignnone size-medium wp-image-8699\" src=\"http:\/\/violmax.pl\/wp-content\/uploads\/2022\/01\/Zakopane_kufel_do_piwa_ladya_670_ml_sanie_chata4_szron-300x240.png\" alt=\"\" width=\"300\" height=\"240\" srcset=\"https:\/\/violmax.pl\/wp-content\/uploads\/2022\/01\/Zakopane_kufel_do_piwa_ladya_670_ml_sanie_chata4_szron-300x240.png 300w, https:\/\/violmax.pl\/wp-content\/uploads\/2022\/01\/Zakopane_kufel_do_piwa_ladya_670_ml_sanie_chata4_szron-768x614.png 768w, https:\/\/violmax.pl\/wp-content\/uploads\/2022\/01\/Zakopane_kufel_do_piwa_ladya_670_ml_sanie_chata4_szron-320x256.png 320w, https:\/\/violmax.pl\/wp-content\/uploads\/2022\/01\/Zakopane_kufel_do_piwa_ladya_670_ml_sanie_chata4_szron-680x544.png 680w, https:\/\/violmax.pl\/wp-content\/uploads\/2022\/01\/Zakopane_kufel_do_piwa_ladya_670_ml_sanie_chata4_szron.png 900w\" sizes=\"(max-width: 300px) 100vw, 300px\" \/><\/p>\n<p>&nbsp;<\/p>\n<p>Kufel do piwa &#8220;Bremen&#8221; o pojemno\u015bci 0,67 litra. Ca\u0142y kufel jest wypiaskowany i precyzyjnie oszroniony.\u00a0 Wypiaskowanie kufla do po\u0142owy, sprawia wra\u017cenie jak by by\u0142 oszroniony. Na kuflu widzimy motyw\u00a0 typowy dla Zakopanego zim\u0105, sanie oraz chat\u0119 g\u00f3ralsk\u0105. Bardzo pi\u0119kna pami\u0105tka z niepowtarzalnymi wzorami i detalami. Wszystko na szkle wykonane jest w taki spos\u00f3b by wzbudza\u0142o zachwyt. Takie pami\u0105tki czy prezenty zawsze b\u0119d\u0105 trafione.Idealna pami\u0105tka z g\u00f3r. Nadaje si\u0119 do mycia w zmywarce.<\/p>\n","protected":false},"excerpt":{"rendered":"<p><img loading=\"lazy\" class=\"alignnone size-full wp-image-5364\" src=\"http:\/\/violmax.pl\/wp-content\/uploads\/2020\/10\/VIOLMAX_POLSKA-3.jpg\" alt=\"\" width=\"300\" height=\"28\" \/><\/p>\n<p>&nbsp;<\/p>\n<p>Kufel do piwa &#8220;Bremen&#8221; o pojemno\u015bci 0,67 litra. Ca\u0142y kufel jest wypiaskowany i precyzyjnie oszroniony.\u00a0 Wypiaskowanie kufla do po\u0142owy, sprawia wra\u017cenie jak by by\u0142 oszroniony. Na kuflu widzimy motyw\u00a0 typowy dla Zakopanego zim\u0105, sanie oraz chat\u0119 g\u00f3ralsk\u0105. Bardzo pi\u0119kna pami\u0105tka z niepowtarzalnymi wzorami i detalami. Wszystko na szkle wykonane jest w taki spos\u00f3b by wzbudza\u0142o zachwyt. Takie pami\u0105tki czy prezenty zawsze b\u0119d\u0105 trafione.Idealna pami\u0105tka z g\u00f3r. Nadaje si\u0119 do mycia w zmywarce.<\/p>\n<h4><strong>Minimalna ilo\u015b\u0107 zam\u00f3wienia &#8211; 6 sztuk (1 opakowanie)<br \/>\n<\/strong><\/h4>\n<p><strong><em>Towar sprzedawany na opakowania<\/em><\/strong><\/p>\n<h3><span style=\"color: #ff0000;\">PRZY DODAWANIU DO KOSZYKA, NALE\u017bY DODAWA\u0106 KROTNO\u015a\u0106\u00a0 LICZBY 6 &#8211; (1 opak)\u00a0 np: 6 ; 12 ; 18 itd<\/span><\/h3>\n<h3><strong>CENA ZA SZTUK\u0118.<\/strong><\/h3>\n<h2><strong>\u00a0<\/strong><\/h2>\n","protected":false},"featured_media":8699,"comment_status":"open","ping_status":"closed","template":"","meta":[],"_links":{"self":[{"href":"https:\/\/violmax.pl\/index.php\/wp-json\/wp\/v2\/product\/8705"}],"collection":[{"href":"https:\/\/violmax.pl\/index.php\/wp-json\/wp\/v2\/product"}],"about":[{"href":"https:\/\/violmax.pl\/index.php\/wp-json\/wp\/v2\/types\/product"}],"replies":[{"embeddable":true,"href":"https:\/\/violmax.pl\/index.php\/wp-json\/wp\/v2\/comments?post=8705"}],"wp:featuredmedia":[{"embeddable":true,"href":"https:\/\/violmax.pl\/index.php\/wp-json\/wp\/v2\/media\/8699"}],"wp:attachment":[{"href":"https:\/\/violmax.pl\/index.php\/wp-json\/wp\/v2\/media?parent=8705"}],"curies":[{"name":"wp","href":"https:\/\/api.w.org\/{rel}","templated":true}]}}