{"id":869,"date":"2019-09-04T13:24:01","date_gmt":"2019-09-04T11:24:01","guid":{"rendered":"http:\/\/violmax.wroclaw.pl\/?post_type=product&#038;p=869"},"modified":"2026-01-29T08:24:44","modified_gmt":"2026-01-29T07:24:44","slug":"polska-pin-metalowy","status":"publish","type":"product","link":"https:\/\/violmax.pl\/index.php\/produkt\/polska-pin-metalowy\/","title":{"rendered":"POLSKA, PINY METALOWE"},"content":{"rendered":"<p><img loading=\"lazy\" class=\"alignnone size-medium wp-image-871\" src=\"http:\/\/violmax.pl\/wp-content\/uploads\/2019\/09\/PINS-WZ\u00d3R-1-300x150.jpg\" alt=\"\" width=\"300\" height=\"150\" \/><img loading=\"lazy\" class=\"alignnone size-medium wp-image-872\" src=\"http:\/\/violmax.pl\/wp-content\/uploads\/2019\/09\/PINS-WZ\u00d3R-2-300x161.jpg\" alt=\"\" width=\"300\" height=\"161\" \/><img loading=\"lazy\" class=\"alignnone size-medium wp-image-871\" src=\"http:\/\/violmax.pl\/wp-content\/uploads\/2019\/09\/PINS-WZ\u00d3R-1-300x150.jpg\" alt=\"\" width=\"300\" height=\"150\" \/><\/p>\n<p>Metalowe Piny. Ka\u017cdy pin wykonany jest z metalu &#8211; odlew polskiego orze\u0142ka. Znaczki mo\u017cna zamocowa\u0107 do r\u00f3\u017cnego rodzaju materia\u0142u (ubranie,plecak,torebka) za pomoc\u0105 zapi\u0119cia tzw. \u201dmotylka\u201d, kt\u00f3ry jest na sta\u0142e przymocowany do znaczka. Genialna pami\u0105tka z Polski, kt\u00f3ra zawsze znajdzie swoje miejsce.Idealna pami\u0105tka, prezent czy przypinki dla patriot\u00f3w.<\/p>\n","protected":false},"excerpt":{"rendered":"<p><img loading=\"lazy\" class=\"alignnone size-medium wp-image-3492\" src=\"http:\/\/violmax.pl\/wp-content\/uploads\/2020\/05\/VIOLMAX_POLSKA-300x28.jpg\" alt=\"\" width=\"300\" height=\"28\" \/><\/p>\n<p>&nbsp;<\/p>\n<p>Metalowe Piny. Ka\u017cdy pin wykonany jest z metalu &#8211; odlew polskiego orze\u0142ka. Znaczki mo\u017cna zamocowa\u0107 do r\u00f3\u017cnego rodzaju materia\u0142u (ubranie,plecak,torebka) za pomoc\u0105 zapi\u0119cia tzw. \u201dmotylka\u201d, kt\u00f3ry jest na sta\u0142e przymocowany do znaczka. Genialna pami\u0105tka z Polski, kt\u00f3ra zawsze znajdzie swoje miejsce.Idealna pami\u0105tka, prezent czy przypinki dla patriot\u00f3w.<\/p>\n<p><strong><em>Minimalna ilo\u015b\u0107 zam\u00f3wienia &#8211; 20 sztuk (1 opakowanie)<\/em><br \/>\n<\/strong><\/p>\n<p><strong><em>Towar sprzedawany na opakowania<\/em><\/strong><\/p>\n<h3><span style=\"color: #ff0000;\">PRZY DODAWANIU DO KOSZYKA, NALE\u017bY DODAWA\u0106 KROTNO\u015a\u0106\u00a0 LICZBY 20 &#8211; (1 opak)\u00a0 np: 20 ; 40 ; 60 itd<\/span><\/h3>\n<h3><strong>CENA ZA SZTUK\u0118.<\/strong><\/h3>\n","protected":false},"featured_media":871,"comment_status":"open","ping_status":"closed","template":"","meta":[],"_links":{"self":[{"href":"https:\/\/violmax.pl\/index.php\/wp-json\/wp\/v2\/product\/869"}],"collection":[{"href":"https:\/\/violmax.pl\/index.php\/wp-json\/wp\/v2\/product"}],"about":[{"href":"https:\/\/violmax.pl\/index.php\/wp-json\/wp\/v2\/types\/product"}],"replies":[{"embeddable":true,"href":"https:\/\/violmax.pl\/index.php\/wp-json\/wp\/v2\/comments?post=869"}],"wp:featuredmedia":[{"embeddable":true,"href":"https:\/\/violmax.pl\/index.php\/wp-json\/wp\/v2\/media\/871"}],"wp:attachment":[{"href":"https:\/\/violmax.pl\/index.php\/wp-json\/wp\/v2\/media?parent=869"}],"curies":[{"name":"wp","href":"https:\/\/api.w.org\/{rel}","templated":true}]}}