{"id":8661,"date":"2021-11-21T19:46:20","date_gmt":"2021-11-21T18:46:20","guid":{"rendered":"http:\/\/violmax.pl\/?post_type=product&#038;p=8661"},"modified":"2025-12-02T13:10:47","modified_gmt":"2025-12-02T12:10:47","slug":"myslistwo-szklanka-do-whisky-bohemia-340-ml-mysliwy-zwierzeta-szron","status":"publish","type":"product","link":"https:\/\/violmax.pl\/index.php\/produkt\/myslistwo-szklanka-do-whisky-bohemia-340-ml-mysliwy-zwierzeta-szron\/","title":{"rendered":"MY\u015aLISTWO, SZKLANKA DO WHISKY BOHEMIA &#8220;QUADRO&#8221; 340 ML KRYSZTA\u0141, MY\u015aLIWI I ZWIERZ\u0118TA \u0141OWNE SZRON"},"content":{"rendered":"<p><img loading=\"lazy\" class=\"alignnone size-medium wp-image-8676\" src=\"http:\/\/violmax.pl\/wp-content\/uploads\/2021\/11\/Mysliwskie_szklanka_do_whyski_bohemia_4-1-300x240.png\" alt=\"\" width=\"300\" height=\"240\" srcset=\"https:\/\/violmax.pl\/wp-content\/uploads\/2021\/11\/Mysliwskie_szklanka_do_whyski_bohemia_4-1-300x240.png 300w, https:\/\/violmax.pl\/wp-content\/uploads\/2021\/11\/Mysliwskie_szklanka_do_whyski_bohemia_4-1-768x614.png 768w, https:\/\/violmax.pl\/wp-content\/uploads\/2021\/11\/Mysliwskie_szklanka_do_whyski_bohemia_4-1-320x256.png 320w, https:\/\/violmax.pl\/wp-content\/uploads\/2021\/11\/Mysliwskie_szklanka_do_whyski_bohemia_4-1-680x544.png 680w, https:\/\/violmax.pl\/wp-content\/uploads\/2021\/11\/Mysliwskie_szklanka_do_whyski_bohemia_4-1.png 900w\" sizes=\"(max-width: 300px) 100vw, 300px\" \/><img loading=\"lazy\" class=\"alignnone size-medium wp-image-8674\" src=\"http:\/\/violmax.pl\/wp-content\/uploads\/2021\/11\/Mysliwskie_szklanka_do_whyski_bohemia_2-1-300x240.png\" alt=\"\" width=\"300\" height=\"240\" srcset=\"https:\/\/violmax.pl\/wp-content\/uploads\/2021\/11\/Mysliwskie_szklanka_do_whyski_bohemia_2-1-300x240.png 300w, https:\/\/violmax.pl\/wp-content\/uploads\/2021\/11\/Mysliwskie_szklanka_do_whyski_bohemia_2-1-768x614.png 768w, https:\/\/violmax.pl\/wp-content\/uploads\/2021\/11\/Mysliwskie_szklanka_do_whyski_bohemia_2-1-320x256.png 320w, https:\/\/violmax.pl\/wp-content\/uploads\/2021\/11\/Mysliwskie_szklanka_do_whyski_bohemia_2-1-680x544.png 680w, https:\/\/violmax.pl\/wp-content\/uploads\/2021\/11\/Mysliwskie_szklanka_do_whyski_bohemia_2-1.png 900w\" sizes=\"(max-width: 300px) 100vw, 300px\" \/><img loading=\"lazy\" class=\"alignnone size-medium wp-image-8675\" src=\"http:\/\/violmax.pl\/wp-content\/uploads\/2021\/11\/Mysliwskie_szklanka_do_whyski_bohemia_3-1-300x240.png\" alt=\"\" width=\"300\" height=\"240\" srcset=\"https:\/\/violmax.pl\/wp-content\/uploads\/2021\/11\/Mysliwskie_szklanka_do_whyski_bohemia_3-1-300x240.png 300w, https:\/\/violmax.pl\/wp-content\/uploads\/2021\/11\/Mysliwskie_szklanka_do_whyski_bohemia_3-1-768x614.png 768w, https:\/\/violmax.pl\/wp-content\/uploads\/2021\/11\/Mysliwskie_szklanka_do_whyski_bohemia_3-1-320x256.png 320w, https:\/\/violmax.pl\/wp-content\/uploads\/2021\/11\/Mysliwskie_szklanka_do_whyski_bohemia_3-1-680x544.png 680w, https:\/\/violmax.pl\/wp-content\/uploads\/2021\/11\/Mysliwskie_szklanka_do_whyski_bohemia_3-1.png 900w\" sizes=\"(max-width: 300px) 100vw, 300px\" \/><img loading=\"lazy\" class=\"alignnone size-medium wp-image-8677\" src=\"http:\/\/violmax.pl\/wp-content\/uploads\/2021\/11\/Mysliwskie_szklanka_do_whyski_bohemia_5-1-300x240.png\" alt=\"\" width=\"300\" height=\"240\" srcset=\"https:\/\/violmax.pl\/wp-content\/uploads\/2021\/11\/Mysliwskie_szklanka_do_whyski_bohemia_5-1-300x240.png 300w, https:\/\/violmax.pl\/wp-content\/uploads\/2021\/11\/Mysliwskie_szklanka_do_whyski_bohemia_5-1-768x614.png 768w, https:\/\/violmax.pl\/wp-content\/uploads\/2021\/11\/Mysliwskie_szklanka_do_whyski_bohemia_5-1-320x256.png 320w, https:\/\/violmax.pl\/wp-content\/uploads\/2021\/11\/Mysliwskie_szklanka_do_whyski_bohemia_5-1-680x544.png 680w, https:\/\/violmax.pl\/wp-content\/uploads\/2021\/11\/Mysliwskie_szklanka_do_whyski_bohemia_5-1.png 900w\" sizes=\"(max-width: 300px) 100vw, 300px\" \/><img loading=\"lazy\" class=\"alignnone size-medium wp-image-8673\" src=\"http:\/\/violmax.pl\/wp-content\/uploads\/2021\/11\/Mysliwskie_szklanka_do_whyski_bohemia_1-1-300x240.png\" alt=\"\" width=\"300\" height=\"240\" srcset=\"https:\/\/violmax.pl\/wp-content\/uploads\/2021\/11\/Mysliwskie_szklanka_do_whyski_bohemia_1-1-300x240.png 300w, https:\/\/violmax.pl\/wp-content\/uploads\/2021\/11\/Mysliwskie_szklanka_do_whyski_bohemia_1-1-768x614.png 768w, https:\/\/violmax.pl\/wp-content\/uploads\/2021\/11\/Mysliwskie_szklanka_do_whyski_bohemia_1-1-320x256.png 320w, https:\/\/violmax.pl\/wp-content\/uploads\/2021\/11\/Mysliwskie_szklanka_do_whyski_bohemia_1-1-680x544.png 680w, https:\/\/violmax.pl\/wp-content\/uploads\/2021\/11\/Mysliwskie_szklanka_do_whyski_bohemia_1-1.png 900w\" sizes=\"(max-width: 300px) 100vw, 300px\" \/><img loading=\"lazy\" class=\"alignnone size-medium wp-image-8678\" src=\"http:\/\/violmax.pl\/wp-content\/uploads\/2021\/11\/Mysliwskie_szklanka_do_whyski_bohemia_6-1-300x240.png\" alt=\"\" width=\"300\" height=\"240\" srcset=\"https:\/\/violmax.pl\/wp-content\/uploads\/2021\/11\/Mysliwskie_szklanka_do_whyski_bohemia_6-1-300x240.png 300w, https:\/\/violmax.pl\/wp-content\/uploads\/2021\/11\/Mysliwskie_szklanka_do_whyski_bohemia_6-1-768x614.png 768w, https:\/\/violmax.pl\/wp-content\/uploads\/2021\/11\/Mysliwskie_szklanka_do_whyski_bohemia_6-1-320x256.png 320w, https:\/\/violmax.pl\/wp-content\/uploads\/2021\/11\/Mysliwskie_szklanka_do_whyski_bohemia_6-1-680x544.png 680w, https:\/\/violmax.pl\/wp-content\/uploads\/2021\/11\/Mysliwskie_szklanka_do_whyski_bohemia_6-1.png 900w\" sizes=\"(max-width: 300px) 100vw, 300px\" \/><img loading=\"lazy\" class=\"alignnone size-medium wp-image-10171\" src=\"http:\/\/violmax.pl\/wp-content\/uploads\/2023\/09\/pudelko_bohemia_whisky_-300x225.png\" alt=\"\" width=\"300\" height=\"225\" srcset=\"https:\/\/violmax.pl\/wp-content\/uploads\/2023\/09\/pudelko_bohemia_whisky_-300x225.png 300w, https:\/\/violmax.pl\/wp-content\/uploads\/2023\/09\/pudelko_bohemia_whisky_-768x576.png 768w, https:\/\/violmax.pl\/wp-content\/uploads\/2023\/09\/pudelko_bohemia_whisky_-680x510.png 680w, https:\/\/violmax.pl\/wp-content\/uploads\/2023\/09\/pudelko_bohemia_whisky_-600x450.png 600w, https:\/\/violmax.pl\/wp-content\/uploads\/2023\/09\/pudelko_bohemia_whisky_.png 900w\" sizes=\"(max-width: 300px) 100vw, 300px\" \/><\/p>\n<p>&nbsp;<\/p>\n<p>Szklanka do whisky Bohemia szk\u0142o kryszta\u0142 &#8220;QUADRO&#8221; o pojemno\u015bci 340 ml. Elegancki upominek dla my\u015bliwego. Szklanka\u00a0 jest wypiaskowany na oko\u0142o , co sprawia \u017ce wygl\u0105da jak by by\u0142a zmro\u017cona. Ozdobiona jest motywem my\u015bliwego oraz zwierz\u0119tami \u0142ownymi. W komplecie znajduje si\u0119 6 szklanek, ozdobionych motywem ba\u017canta, kaczki, lisa, jelenia i zaj\u0105cami oraz dzika. Ka\u017cda szklanka jest przedstawiona na zdj\u0119ciu. Ka\u017cde zdj\u0119cie przedstawia jedn\u0105 szklank\u0119 sfotografowan\u0105 z dw\u00f3ch stron. Wygodna szklanka o du\u017cej pojemno\u015bci, dobrze trzyma si\u0119 w d\u0142oni.\u00a0 Wykonana jest z wysokiej jako\u015bci szk\u0142a kryszta\u0142owego.<\/p>\n","protected":false},"excerpt":{"rendered":"<p><img loading=\"lazy\" class=\"alignnone size-full wp-image-5364\" src=\"http:\/\/violmax.pl\/wp-content\/uploads\/2020\/10\/VIOLMAX_POLSKA-3.jpg\" alt=\"\" width=\"300\" height=\"28\" \/><\/p>\n<p>&nbsp;<\/p>\n<p>Szklanka do whisky Bohemia szk\u0142o kryszta\u0142 &#8220;QUADRO&#8221; o pojemno\u015bci 340 ml. Elegancki upominek dla my\u015bliwego. Szklanka\u00a0 jest wypiaskowany na oko\u0142o , co sprawia \u017ce wygl\u0105da jak by by\u0142a zmro\u017cona. Ozdobiona jest motywem my\u015bliwego oraz zwierz\u0119tami \u0142ownymi. W komplecie znajduje si\u0119 6 szklanek, ozdobionych motywem ba\u017canta, kaczki, lisa, jelenia i zaj\u0105cami oraz dzika. Ka\u017cda szklanka jest przedstawiona na zdj\u0119ciu. Ka\u017cde zdj\u0119cie przedstawia jedn\u0105 szklank\u0119 sfotografowan\u0105 z dw\u00f3ch stron. Wygodna szklanka o du\u017cej pojemno\u015bci, dobrze trzyma si\u0119 w d\u0142oni.\u00a0 Wykonana jest z wysokiej jako\u015bci szk\u0142a kryszta\u0142owego.<\/p>\n<p><em><strong>Minimalna ilo\u015b\u0107 zam\u00f3wienia &#8211; 6 sztuk (1 opakowanie)<br \/>\n<\/strong><\/em><\/p>\n<p><strong><em>Towar sprzedawany na opakowania<\/em><\/strong><\/p>\n<h3><span style=\"color: #ff0000;\">PRZY DODAWANIU DO KOSZYKA, NALE\u017bY DODAWA\u0106 KROTNO\u015a\u0106\u00a0 LICZBY 6 &#8211; (1 opak)\u00a0 np: 6 ; 12 ; 18 itd<\/span><\/h3>\n<h3><strong>CENA ZA SZTUK\u0118.<\/strong><\/h3>\n<h2><strong>\u00a0<\/strong><\/h2>\n","protected":false},"featured_media":8677,"comment_status":"open","ping_status":"closed","template":"","meta":[],"_links":{"self":[{"href":"https:\/\/violmax.pl\/index.php\/wp-json\/wp\/v2\/product\/8661"}],"collection":[{"href":"https:\/\/violmax.pl\/index.php\/wp-json\/wp\/v2\/product"}],"about":[{"href":"https:\/\/violmax.pl\/index.php\/wp-json\/wp\/v2\/types\/product"}],"replies":[{"embeddable":true,"href":"https:\/\/violmax.pl\/index.php\/wp-json\/wp\/v2\/comments?post=8661"}],"wp:featuredmedia":[{"embeddable":true,"href":"https:\/\/violmax.pl\/index.php\/wp-json\/wp\/v2\/media\/8677"}],"wp:attachment":[{"href":"https:\/\/violmax.pl\/index.php\/wp-json\/wp\/v2\/media?parent=8661"}],"curies":[{"name":"wp","href":"https:\/\/api.w.org\/{rel}","templated":true}]}}