{"id":866,"date":"2019-09-04T13:18:49","date_gmt":"2019-09-04T11:18:49","guid":{"rendered":"http:\/\/violmax.wroclaw.pl\/?post_type=product&#038;p=866"},"modified":"2025-12-02T13:30:05","modified_gmt":"2025-12-02T12:30:05","slug":"polska-piersiowka-160-ml-ze-stali-orzel","status":"publish","type":"product","link":"https:\/\/violmax.pl\/index.php\/produkt\/polska-piersiowka-160-ml-ze-stali-orzel\/","title":{"rendered":"POLSKA, PIERSI\u00d3WKA 160 ML, ZE STALI NIERDZEWNEJ"},"content":{"rendered":"<p>&nbsp;<\/p>\n<p><img loading=\"lazy\" class=\"alignnone size-medium wp-image-3764\" src=\"http:\/\/violmax.pl\/wp-content\/uploads\/2020\/05\/POLSKA_PIERSIOWKA_ORZEL_METAL-250x300.jpg\" alt=\"\" width=\"250\" height=\"300\" srcset=\"https:\/\/violmax.pl\/wp-content\/uploads\/2020\/05\/POLSKA_PIERSIOWKA_ORZEL_METAL-250x300.jpg 250w, https:\/\/violmax.pl\/wp-content\/uploads\/2020\/05\/POLSKA_PIERSIOWKA_ORZEL_METAL-680x816.jpg 680w, https:\/\/violmax.pl\/wp-content\/uploads\/2020\/05\/POLSKA_PIERSIOWKA_ORZEL_METAL.jpg 750w\" sizes=\"(max-width: 250px) 100vw, 250px\" \/><img loading=\"lazy\" class=\"alignnone size-medium wp-image-5801\" src=\"http:\/\/violmax.pl\/wp-content\/uploads\/2020\/11\/Polska_piersiowka_orzel_duzy-240x300.png\" alt=\"\" width=\"240\" height=\"300\" srcset=\"https:\/\/violmax.pl\/wp-content\/uploads\/2020\/11\/Polska_piersiowka_orzel_duzy-240x300.png 240w, https:\/\/violmax.pl\/wp-content\/uploads\/2020\/11\/Polska_piersiowka_orzel_duzy-680x850.png 680w, https:\/\/violmax.pl\/wp-content\/uploads\/2020\/11\/Polska_piersiowka_orzel_duzy.png 720w\" sizes=\"(max-width: 240px) 100vw, 240px\" \/><\/p>\n<p>Piersi\u00f3wka o pojemno\u015bci 160 ml ze stali nierdzewnej. Ozdobiona okaza\u0142ym odlewem metalowym z polskim orze\u0142kiem i szarf\u0105 z napisem &#8221;Polska&#8221; &#8211; ca\u0142o\u015b\u0107 jest ze sob\u0105 po\u0142\u0105czona. Idealny prezent dla m\u0119\u017cczyzny &#8211; porz\u0105dnie wykonana, oryginalna pami\u0105tka .<\/p>\n","protected":false},"excerpt":{"rendered":"<p><img loading=\"lazy\" class=\"alignnone size-medium wp-image-3492\" src=\"http:\/\/violmax.pl\/wp-content\/uploads\/2020\/05\/VIOLMAX_POLSKA-300x28.jpg\" alt=\"\" width=\"300\" height=\"28\" \/><\/p>\n<p>&nbsp;<\/p>\n<p>Piersi\u00f3wka o pojemno\u015bci 160 ml ze stali nierdzewnej. Ozdobiona okaza\u0142ym odlewem metalowym z polskim orze\u0142kiem i szarf\u0105 z napisem &#8221;Polska&#8221; &#8211; ca\u0142o\u015b\u0107 jest ze sob\u0105 po\u0142\u0105czona. Idealny prezent dla m\u0119\u017cczyzny &#8211; porz\u0105dnie wykonana, oryginalna pami\u0105tka .<\/p>\n<p><em><strong>Minimalna ilo\u015b\u0107 zam\u00f3wienia &#8211; 1 sztuka<\/strong><\/em><\/p>\n<h2>CENA ZA\u00a0 SZTUK\u0118<\/h2>\n","protected":false},"featured_media":3764,"comment_status":"open","ping_status":"closed","template":"","meta":[],"_links":{"self":[{"href":"https:\/\/violmax.pl\/index.php\/wp-json\/wp\/v2\/product\/866"}],"collection":[{"href":"https:\/\/violmax.pl\/index.php\/wp-json\/wp\/v2\/product"}],"about":[{"href":"https:\/\/violmax.pl\/index.php\/wp-json\/wp\/v2\/types\/product"}],"replies":[{"embeddable":true,"href":"https:\/\/violmax.pl\/index.php\/wp-json\/wp\/v2\/comments?post=866"}],"wp:featuredmedia":[{"embeddable":true,"href":"https:\/\/violmax.pl\/index.php\/wp-json\/wp\/v2\/media\/3764"}],"wp:attachment":[{"href":"https:\/\/violmax.pl\/index.php\/wp-json\/wp\/v2\/media?parent=866"}],"curies":[{"name":"wp","href":"https:\/\/api.w.org\/{rel}","templated":true}]}}