{"id":8659,"date":"2021-11-21T19:42:40","date_gmt":"2021-11-21T18:42:40","guid":{"rendered":"http:\/\/violmax.pl\/?post_type=product&#038;p=8659"},"modified":"2025-12-02T13:10:47","modified_gmt":"2025-12-02T12:10:47","slug":"myslistwo-karafka-do-wodki-bohemia-500-ml-mysliwy-zwierzeta-szron","status":"publish","type":"product","link":"https:\/\/violmax.pl\/index.php\/produkt\/myslistwo-karafka-do-wodki-bohemia-500-ml-mysliwy-zwierzeta-szron\/","title":{"rendered":"MY\u015aLISTWO, KARAFKA DO W\u00d3DKI BOHEMIA &#8220;QUADRO&#8221; 500 ML KRYSZTA\u0141OWA, MY\u015aLIWSKA SZRON"},"content":{"rendered":"<p><img loading=\"lazy\" class=\"alignnone size-medium wp-image-8672\" src=\"http:\/\/violmax.pl\/wp-content\/uploads\/2021\/11\/Mysliwskie_karafka_do_wodki_bohemia_500ml_szron_3-1-200x300.png\" alt=\"\" width=\"200\" height=\"300\" srcset=\"https:\/\/violmax.pl\/wp-content\/uploads\/2021\/11\/Mysliwskie_karafka_do_wodki_bohemia_500ml_szron_3-1-200x300.png 200w, https:\/\/violmax.pl\/wp-content\/uploads\/2021\/11\/Mysliwskie_karafka_do_wodki_bohemia_500ml_szron_3-1.png 600w\" sizes=\"(max-width: 200px) 100vw, 200px\" \/><img loading=\"lazy\" class=\"alignnone size-medium wp-image-8669\" src=\"http:\/\/violmax.pl\/wp-content\/uploads\/2021\/11\/Mysliwskie_karafka_do_wodki_bohemia_500ml_szron_4-1-200x300.png\" alt=\"\" width=\"200\" height=\"300\" srcset=\"https:\/\/violmax.pl\/wp-content\/uploads\/2021\/11\/Mysliwskie_karafka_do_wodki_bohemia_500ml_szron_4-1-200x300.png 200w, https:\/\/violmax.pl\/wp-content\/uploads\/2021\/11\/Mysliwskie_karafka_do_wodki_bohemia_500ml_szron_4-1.png 600w\" sizes=\"(max-width: 200px) 100vw, 200px\" \/><img loading=\"lazy\" class=\"alignnone size-medium wp-image-8670\" src=\"http:\/\/violmax.pl\/wp-content\/uploads\/2021\/11\/Mysliwskie_karafka_do_wodki_bohemia_500ml_szron_1-1-200x300.png\" alt=\"\" width=\"200\" height=\"300\" srcset=\"https:\/\/violmax.pl\/wp-content\/uploads\/2021\/11\/Mysliwskie_karafka_do_wodki_bohemia_500ml_szron_1-1-200x300.png 200w, https:\/\/violmax.pl\/wp-content\/uploads\/2021\/11\/Mysliwskie_karafka_do_wodki_bohemia_500ml_szron_1-1.png 600w\" sizes=\"(max-width: 200px) 100vw, 200px\" \/><img loading=\"lazy\" class=\"alignnone size-medium wp-image-8671\" src=\"http:\/\/violmax.pl\/wp-content\/uploads\/2021\/11\/Mysliwskie_karafka_do_wodki_bohemia_500ml_szron_2-1-200x300.png\" alt=\"\" width=\"200\" height=\"300\" srcset=\"https:\/\/violmax.pl\/wp-content\/uploads\/2021\/11\/Mysliwskie_karafka_do_wodki_bohemia_500ml_szron_2-1-200x300.png 200w, https:\/\/violmax.pl\/wp-content\/uploads\/2021\/11\/Mysliwskie_karafka_do_wodki_bohemia_500ml_szron_2-1.png 600w\" sizes=\"(max-width: 200px) 100vw, 200px\" \/><\/p>\n<p>&nbsp;<\/p>\n<p>Karafka do w\u00f3dki BOHEMIA\u00a0 o litra\u017cu 500 ml \u2013 wypiaskowana z ka\u017cdej strony w motywy my\u015bliwskie, w tym przypadku w my\u015bliwych oraz dzika i jelenia. Wypiaskowana jest na oko\u0142o, co sprawia \u017ce wygl\u0105da jak by by\u0142a zmro\u017cona. Karafka mo\u017ce s\u0142u\u017cy\u0107 jako nietuzinkowy prezent dla my\u015bliwego. Jest wykonana ze szk\u0142a kryszta\u0142owego. Pi\u0119kny, okaza\u0142y prezent kt\u00f3ra zachwyci ka\u017cdego.<\/p>\n","protected":false},"excerpt":{"rendered":"<div class=\"woocommerce-product-details__short-description\">\n<p><img loading=\"lazy\" class=\"alignnone size-medium wp-image-3492\" src=\"http:\/\/violmax.pl\/wp-content\/uploads\/2020\/05\/VIOLMAX_POLSKA-300x28.jpg\" alt=\"\" width=\"300\" height=\"28\" \/><\/p>\n<p>Karafka do w\u00f3dki BOHEMIA\u00a0 o litra\u017cu 500 ml \u2013 wypiaskowana z ka\u017cdej strony w motywy my\u015bliwskie, w tym przypadku w my\u015bliwych oraz dzika i jelenia. Wypiaskowana jest na oko\u0142o, co sprawia \u017ce wygl\u0105da jak by by\u0142a zmro\u017cona. Karafka mo\u017ce s\u0142u\u017cy\u0107 jako nietuzinkowy prezent dla my\u015bliwego. Jest wykonana ze szk\u0142a kryszta\u0142owego. Pi\u0119kny, okaza\u0142y prezent kt\u00f3ra zachwyci ka\u017cdego.<\/p>\n<p><strong><em>Minimalna ilo\u015b\u0107 zam\u00f3wienia \u2013 1 sztuka (1 opakowanie)<\/em><br \/>\n<\/strong><\/p>\n<p><strong><em>\u00a0<\/em><\/strong><\/p>\n<h3><strong>CENA ZA SZTUK\u0118.<\/strong><\/h3>\n<h2><strong>\u00a0<\/strong><\/h2>\n<\/div>\n","protected":false},"featured_media":8670,"comment_status":"open","ping_status":"closed","template":"","meta":[],"_links":{"self":[{"href":"https:\/\/violmax.pl\/index.php\/wp-json\/wp\/v2\/product\/8659"}],"collection":[{"href":"https:\/\/violmax.pl\/index.php\/wp-json\/wp\/v2\/product"}],"about":[{"href":"https:\/\/violmax.pl\/index.php\/wp-json\/wp\/v2\/types\/product"}],"replies":[{"embeddable":true,"href":"https:\/\/violmax.pl\/index.php\/wp-json\/wp\/v2\/comments?post=8659"}],"wp:featuredmedia":[{"embeddable":true,"href":"https:\/\/violmax.pl\/index.php\/wp-json\/wp\/v2\/media\/8670"}],"wp:attachment":[{"href":"https:\/\/violmax.pl\/index.php\/wp-json\/wp\/v2\/media?parent=8659"}],"curies":[{"name":"wp","href":"https:\/\/api.w.org\/{rel}","templated":true}]}}