{"id":8626,"date":"2021-11-20T12:57:04","date_gmt":"2021-11-20T11:57:04","guid":{"rendered":"http:\/\/violmax.pl\/?post_type=product&#038;p=8626"},"modified":"2023-10-10T09:46:35","modified_gmt":"2023-10-10T07:46:35","slug":"myslistwo-komplet-do-wodki-bohemia-quadro-karafka-500ml-kieliszki-50ml-mysliwy-zwierzeta-szron","status":"publish","type":"product","link":"https:\/\/violmax.pl\/index.php\/produkt\/myslistwo-komplet-do-wodki-bohemia-quadro-karafka-500ml-kieliszki-50ml-mysliwy-zwierzeta-szron\/","title":{"rendered":"MY\u015aLISTWO, KOMPLET DO W\u00d3DKI BOHEMIA &#8220;QUADRO&#8221; KRYSZTA\u0141, MY\u015aLIWSKI SZRON"},"content":{"rendered":"<p><img loading=\"lazy\" class=\"alignnone size-medium wp-image-8625\" src=\"http:\/\/violmax.pl\/wp-content\/uploads\/2021\/11\/Mysliwskie_komplet_do_wodki_Bohemia_quadro_karafka_500ml_kieliszki_50ml_mysliwi_zwierzeta_szron-300x192.png\" alt=\"\" width=\"300\" height=\"192\" srcset=\"https:\/\/violmax.pl\/wp-content\/uploads\/2021\/11\/Mysliwskie_komplet_do_wodki_Bohemia_quadro_karafka_500ml_kieliszki_50ml_mysliwi_zwierzeta_szron-300x192.png 300w, https:\/\/violmax.pl\/wp-content\/uploads\/2021\/11\/Mysliwskie_komplet_do_wodki_Bohemia_quadro_karafka_500ml_kieliszki_50ml_mysliwi_zwierzeta_szron-768x492.png 768w, https:\/\/violmax.pl\/wp-content\/uploads\/2021\/11\/Mysliwskie_komplet_do_wodki_Bohemia_quadro_karafka_500ml_kieliszki_50ml_mysliwi_zwierzeta_szron-680x435.png 680w, https:\/\/violmax.pl\/wp-content\/uploads\/2021\/11\/Mysliwskie_komplet_do_wodki_Bohemia_quadro_karafka_500ml_kieliszki_50ml_mysliwi_zwierzeta_szron.png 900w\" sizes=\"(max-width: 300px) 100vw, 300px\" \/><img loading=\"lazy\" class=\"alignnone size-medium wp-image-8643\" src=\"http:\/\/violmax.pl\/wp-content\/uploads\/2021\/11\/Mysliwskie_komplet_do_wodki_bohemia_quatro_karafka_500ml_kieliszki_50ml_szron-300x300.png\" alt=\"\" width=\"300\" height=\"300\" srcset=\"https:\/\/violmax.pl\/wp-content\/uploads\/2021\/11\/Mysliwskie_komplet_do_wodki_bohemia_quatro_karafka_500ml_kieliszki_50ml_szron-300x300.png 300w, https:\/\/violmax.pl\/wp-content\/uploads\/2021\/11\/Mysliwskie_komplet_do_wodki_bohemia_quatro_karafka_500ml_kieliszki_50ml_szron-150x150.png 150w, https:\/\/violmax.pl\/wp-content\/uploads\/2021\/11\/Mysliwskie_komplet_do_wodki_bohemia_quatro_karafka_500ml_kieliszki_50ml_szron-768x768.png 768w, https:\/\/violmax.pl\/wp-content\/uploads\/2021\/11\/Mysliwskie_komplet_do_wodki_bohemia_quatro_karafka_500ml_kieliszki_50ml_szron-680x680.png 680w, https:\/\/violmax.pl\/wp-content\/uploads\/2021\/11\/Mysliwskie_komplet_do_wodki_bohemia_quatro_karafka_500ml_kieliszki_50ml_szron-100x100.png 100w, https:\/\/violmax.pl\/wp-content\/uploads\/2021\/11\/Mysliwskie_komplet_do_wodki_bohemia_quatro_karafka_500ml_kieliszki_50ml_szron.png 900w\" sizes=\"(max-width: 300px) 100vw, 300px\" \/><\/p>\n<p>&nbsp;<\/p>\n<p>Komplet do w\u00f3dki BOHEMIA\u00a0 &#8220;QUADRO&#8221;\u2013 sk\u0142ada si\u0119 z karafki o pojemno\u015bci 500 ml oraz 6 sztuk szklanek do whisky o pojemno\u015bci 50 ml. Karafka i szklanki wypiaskowane s\u0105 z ka\u017cdej strony w motywy my\u015bliwskie, w tym przypadku w my\u015bliwych oraz dzika, jelenie, lisa, kaczki , ba\u017canty oraz zaj\u0105ce . Wypiaskowany jest na oko\u0142o, co sprawia \u017ce wygl\u0105da jak by by\u0142 zmro\u017cony. Mo\u017ce s\u0142u\u017cy\u0107 jako nietuzinkowy prezent dla my\u015bliwego. Pi\u0119kny, okaza\u0142y prezent kt\u00f3ra zachwyci ka\u017cdego. Komplet wykonany jest ze szk\u0142a kryszta\u0142owego.<\/p>\n","protected":false},"excerpt":{"rendered":"<div class=\"woocommerce-product-details__short-description\">\n<p><img loading=\"lazy\" class=\"alignnone size-medium wp-image-3492\" src=\"http:\/\/violmax.pl\/wp-content\/uploads\/2020\/05\/VIOLMAX_POLSKA-300x28.jpg\" alt=\"\" width=\"300\" height=\"28\" \/><\/p>\n<p>Komplet do w\u00f3dki BOHEMIA\u00a0 &#8220;QUADRO&#8221;\u2013 sk\u0142ada si\u0119 z karafki o pojemno\u015bci 500 ml oraz 6 sztuk szklanek do whisky o pojemno\u015bci 50 ml. Karafka i szklanki wypiaskowane s\u0105 z ka\u017cdej strony w motywy my\u015bliwskie, w tym przypadku w my\u015bliwych oraz dzika, jelenie, lisa, kaczki , ba\u017canty oraz zaj\u0105ce . Wypiaskowany jest na oko\u0142o, co sprawia \u017ce wygl\u0105da jak by by\u0142 zmro\u017cony. Mo\u017ce s\u0142u\u017cy\u0107 jako nietuzinkowy prezent dla my\u015bliwego. Pi\u0119kny, okaza\u0142y prezent kt\u00f3ra zachwyci ka\u017cdego. Komplet wykonany jest ze szk\u0142a kryszta\u0142owego.<\/p>\n<p><strong><em>Minimalna ilo\u015b\u0107 zam\u00f3wienia \u2013 1 komplet<\/em><br \/>\n<\/strong><\/p>\n<p><strong><em>\u00a0<\/em><\/strong><\/p>\n<h3><strong>CENA ZA KOMPLET.<\/strong><\/h3>\n<h2><strong>\u00a0<\/strong><\/h2>\n<\/div>\n","protected":false},"featured_media":8625,"comment_status":"open","ping_status":"closed","template":"","meta":[],"_links":{"self":[{"href":"https:\/\/violmax.pl\/index.php\/wp-json\/wp\/v2\/product\/8626"}],"collection":[{"href":"https:\/\/violmax.pl\/index.php\/wp-json\/wp\/v2\/product"}],"about":[{"href":"https:\/\/violmax.pl\/index.php\/wp-json\/wp\/v2\/types\/product"}],"replies":[{"embeddable":true,"href":"https:\/\/violmax.pl\/index.php\/wp-json\/wp\/v2\/comments?post=8626"}],"wp:featuredmedia":[{"embeddable":true,"href":"https:\/\/violmax.pl\/index.php\/wp-json\/wp\/v2\/media\/8625"}],"wp:attachment":[{"href":"https:\/\/violmax.pl\/index.php\/wp-json\/wp\/v2\/media?parent=8626"}],"curies":[{"name":"wp","href":"https:\/\/api.w.org\/{rel}","templated":true}]}}