{"id":8621,"date":"2021-11-19T22:39:57","date_gmt":"2021-11-19T21:39:57","guid":{"rendered":"http:\/\/violmax.pl\/?post_type=product&#038;p=8621"},"modified":"2025-12-02T13:10:50","modified_gmt":"2025-12-02T12:10:50","slug":"myslistwo-kieliszek-do-wodki-krosno-mixology-40ml-zwierzeta-lowne-szron","status":"publish","type":"product","link":"https:\/\/violmax.pl\/index.php\/produkt\/myslistwo-kieliszek-do-wodki-krosno-mixology-40ml-zwierzeta-lowne-szron\/","title":{"rendered":"MY\u015aLISTWO, KIELISZEK DO W\u00d3DKI KROSNO &#8220;MIXOLOGY&#8221; 40 ML, MY\u015aLIWI I ZWIERZ\u0118TA \u0141OWNE SZRON"},"content":{"rendered":"<p><img loading=\"lazy\" class=\"alignnone size-medium wp-image-8608\" src=\"http:\/\/violmax.pl\/wp-content\/uploads\/2021\/11\/Mysliwskie_kieliszek_do_wodki_krosno_mixology_40ml_zwierzeta_lowne_2-300x171.png\" alt=\"\" width=\"300\" height=\"171\" srcset=\"https:\/\/violmax.pl\/wp-content\/uploads\/2021\/11\/Mysliwskie_kieliszek_do_wodki_krosno_mixology_40ml_zwierzeta_lowne_2-300x171.png 300w, https:\/\/violmax.pl\/wp-content\/uploads\/2021\/11\/Mysliwskie_kieliszek_do_wodki_krosno_mixology_40ml_zwierzeta_lowne_2-768x439.png 768w, https:\/\/violmax.pl\/wp-content\/uploads\/2021\/11\/Mysliwskie_kieliszek_do_wodki_krosno_mixology_40ml_zwierzeta_lowne_2-680x388.png 680w, https:\/\/violmax.pl\/wp-content\/uploads\/2021\/11\/Mysliwskie_kieliszek_do_wodki_krosno_mixology_40ml_zwierzeta_lowne_2.png 900w\" sizes=\"(max-width: 300px) 100vw, 300px\" \/><img loading=\"lazy\" class=\"alignnone size-medium wp-image-8607\" src=\"http:\/\/violmax.pl\/wp-content\/uploads\/2021\/11\/Mysliwskie_kieliszek_do_wodki_krosno_mixology_40ml_zwierzeta_lowne_1-300x171.png\" alt=\"\" width=\"300\" height=\"171\" srcset=\"https:\/\/violmax.pl\/wp-content\/uploads\/2021\/11\/Mysliwskie_kieliszek_do_wodki_krosno_mixology_40ml_zwierzeta_lowne_1-300x171.png 300w, https:\/\/violmax.pl\/wp-content\/uploads\/2021\/11\/Mysliwskie_kieliszek_do_wodki_krosno_mixology_40ml_zwierzeta_lowne_1-768x439.png 768w, https:\/\/violmax.pl\/wp-content\/uploads\/2021\/11\/Mysliwskie_kieliszek_do_wodki_krosno_mixology_40ml_zwierzeta_lowne_1-680x388.png 680w, https:\/\/violmax.pl\/wp-content\/uploads\/2021\/11\/Mysliwskie_kieliszek_do_wodki_krosno_mixology_40ml_zwierzeta_lowne_1.png 900w\" sizes=\"(max-width: 300px) 100vw, 300px\" \/><img loading=\"lazy\" class=\"alignnone size-medium wp-image-8609\" src=\"http:\/\/violmax.pl\/wp-content\/uploads\/2021\/11\/Mysliwskie_kieliszek_do_wodki_krosno_mixology_40ml_zwierzeta_lowne_3-300x300.png\" alt=\"\" width=\"300\" height=\"300\" srcset=\"https:\/\/violmax.pl\/wp-content\/uploads\/2021\/11\/Mysliwskie_kieliszek_do_wodki_krosno_mixology_40ml_zwierzeta_lowne_3-300x300.png 300w, https:\/\/violmax.pl\/wp-content\/uploads\/2021\/11\/Mysliwskie_kieliszek_do_wodki_krosno_mixology_40ml_zwierzeta_lowne_3-150x150.png 150w, https:\/\/violmax.pl\/wp-content\/uploads\/2021\/11\/Mysliwskie_kieliszek_do_wodki_krosno_mixology_40ml_zwierzeta_lowne_3-768x768.png 768w, https:\/\/violmax.pl\/wp-content\/uploads\/2021\/11\/Mysliwskie_kieliszek_do_wodki_krosno_mixology_40ml_zwierzeta_lowne_3-680x680.png 680w, https:\/\/violmax.pl\/wp-content\/uploads\/2021\/11\/Mysliwskie_kieliszek_do_wodki_krosno_mixology_40ml_zwierzeta_lowne_3-100x100.png 100w, https:\/\/violmax.pl\/wp-content\/uploads\/2021\/11\/Mysliwskie_kieliszek_do_wodki_krosno_mixology_40ml_zwierzeta_lowne_3.png 900w\" sizes=\"(max-width: 300px) 100vw, 300px\" \/><\/p>\n<p>&nbsp;<\/p>\n<p>Kieliszek do w\u00f3dki Krosno &#8220;MIXOLOGY&#8221; o pojemno\u015bci 40 ml. Elegancki upominek dla my\u015bliwego. Ozdobiony jest motywem my\u015bliwego oraz zwierz\u0119tami \u0142ownymi. W komplecie znajduje si\u0119 6 kieliszk\u00f3w, ozdobionych motywem ba\u017canta, kaczki, lisa, dwa razy jelenia oraz dzika. Ka\u017cdy kieliszek jest przedstawiony na zdj\u0119ciu. Z jednej strony ozdobiony jest zwierz\u0119tami, z drugiej strony ozdobiony jest my\u015bliwym. Wygodny kieliszek o du\u017cej pojemno\u015bci, dobrze trzyma si\u0119 w d\u0142oni.\u00a0 Wykonany jest z wysokiej jako\u015bci szk\u0142a. Nadaje si\u0119 do mycia w zmywarce.<\/p>\n","protected":false},"excerpt":{"rendered":"<p><img loading=\"lazy\" class=\"alignnone size-medium wp-image-3492\" src=\"http:\/\/violmax.pl\/wp-content\/uploads\/2020\/05\/VIOLMAX_POLSKA-300x28.jpg\" alt=\"\" width=\"300\" height=\"28\" \/><\/p>\n<p>Kieliszek do w\u00f3dki Krosno &#8220;MIXOLOGY&#8221; o pojemno\u015bci 40 ml. Elegancki upominek dla my\u015bliwego. Ozdobiony jest motywem my\u015bliwego oraz zwierz\u0119tami \u0142ownymi. W komplecie znajduje si\u0119 6 kieliszk\u00f3w, ozdobionych motywem ba\u017canta, kaczki, lisa, dwa razy jelenia oraz dzika. Ka\u017cdy kieliszek jest przedstawiony na zdj\u0119ciu. Z jednej strony ozdobiony jest zwierz\u0119tami, z drugiej strony ozdobiony jest my\u015bliwym. Wygodny kieliszek o du\u017cej pojemno\u015bci, dobrze trzyma si\u0119 w d\u0142oni.\u00a0 Wykonany jest z wysokiej jako\u015bci szk\u0142a. Nadaje si\u0119 do mycia w zmywarce.<\/p>\n<p><em><strong>Minimalna ilo\u015b\u0107 zam\u00f3wienia &#8211; 6 sztuk (1 opakowanie)<br \/>\n<\/strong><\/em><\/p>\n<p><strong><em>Towar sprzedawany na opakowania<\/em><\/strong><\/p>\n<h3><span style=\"color: #ff0000;\">PRZY DODAWANIU DO KOSZYKA, NALE\u017bY DODAWA\u0106 KROTNO\u015a\u0106\u00a0 LICZBY 6 &#8211; (1 opak)\u00a0 np: 6 ; 12 ; 18 itd<\/span><\/h3>\n<h3><strong>CENA ZA SZTUK\u0118.<\/strong><\/h3>\n<h2><strong>\u00a0<\/strong><\/h2>\n","protected":false},"featured_media":8608,"comment_status":"open","ping_status":"closed","template":"","meta":[],"_links":{"self":[{"href":"https:\/\/violmax.pl\/index.php\/wp-json\/wp\/v2\/product\/8621"}],"collection":[{"href":"https:\/\/violmax.pl\/index.php\/wp-json\/wp\/v2\/product"}],"about":[{"href":"https:\/\/violmax.pl\/index.php\/wp-json\/wp\/v2\/types\/product"}],"replies":[{"embeddable":true,"href":"https:\/\/violmax.pl\/index.php\/wp-json\/wp\/v2\/comments?post=8621"}],"wp:featuredmedia":[{"embeddable":true,"href":"https:\/\/violmax.pl\/index.php\/wp-json\/wp\/v2\/media\/8608"}],"wp:attachment":[{"href":"https:\/\/violmax.pl\/index.php\/wp-json\/wp\/v2\/media?parent=8621"}],"curies":[{"name":"wp","href":"https:\/\/api.w.org\/{rel}","templated":true}]}}