{"id":859,"date":"2019-09-04T13:08:26","date_gmt":"2019-09-04T11:08:26","guid":{"rendered":"http:\/\/violmax.wroclaw.pl\/?post_type=product&#038;p=859"},"modified":"2026-01-29T08:25:19","modified_gmt":"2026-01-29T07:25:19","slug":"polska-kufel-do-piwa-miodzio-500-ml-orzel-szarfa","status":"publish","type":"product","link":"https:\/\/violmax.pl\/index.php\/produkt\/polska-kufel-do-piwa-miodzio-500-ml-orzel-szarfa\/","title":{"rendered":"POLSKA, KUFEL DO PIWA &#8220;MIODZIO 2&#8221; 0,5 LITRA, ORZE\u0141 SZARFA"},"content":{"rendered":"<p><img loading=\"lazy\" class=\"alignnone size-medium wp-image-5704\" src=\"http:\/\/violmax.pl\/wp-content\/uploads\/2020\/11\/POLSKA_KUFEL_DO_PIWA_MIODZIO_500_ML_ORZEL_SZARFA-261x300.png\" alt=\"\" width=\"261\" height=\"300\" srcset=\"https:\/\/violmax.pl\/wp-content\/uploads\/2020\/11\/POLSKA_KUFEL_DO_PIWA_MIODZIO_500_ML_ORZEL_SZARFA-261x300.png 261w, https:\/\/violmax.pl\/wp-content\/uploads\/2020\/11\/POLSKA_KUFEL_DO_PIWA_MIODZIO_500_ML_ORZEL_SZARFA-768x883.png 768w, https:\/\/violmax.pl\/wp-content\/uploads\/2020\/11\/POLSKA_KUFEL_DO_PIWA_MIODZIO_500_ML_ORZEL_SZARFA-680x782.png 680w, https:\/\/violmax.pl\/wp-content\/uploads\/2020\/11\/POLSKA_KUFEL_DO_PIWA_MIODZIO_500_ML_ORZEL_SZARFA.png 783w\" sizes=\"(max-width: 261px) 100vw, 261px\" \/><\/p>\n<p>&nbsp;<\/p>\n<p>Kufel do piwa \u201dMiodzio\u201d o litra\u017cu 0,5 litra. Na kuflu s\u0105 wy\u017c\u0142obione charakterystyczne dla \u201dmiodzia\u201d p\u0142aty w szkle. Na \u015brodku kufla widzimy metalowy odlew polskiego orze\u0142ka po\u0142\u0105czonego z flag\u0105 Polski, i szarf\u0119 z napisem &#8221;Polska&#8221;. Klasyczny, wygodny kufel, kt\u00f3ry sprawdzi si\u0119 u ka\u017cdego. Idealna pami\u0105tka z Polski, prezent dla ka\u017cdego.<\/p>\n","protected":false},"excerpt":{"rendered":"<p><img loading=\"lazy\" class=\"alignnone size-medium wp-image-3492\" src=\"http:\/\/violmax.pl\/wp-content\/uploads\/2020\/05\/VIOLMAX_POLSKA-300x28.jpg\" alt=\"\" width=\"300\" height=\"28\" \/><\/p>\n<p>&nbsp;<\/p>\n<p>Kufel do piwa \u201dMiodzio\u201d o litra\u017cu 0,5 litra. Na kuflu s\u0105 wy\u017c\u0142obione charakterystyczne dla \u201dmiodzia\u201d p\u0142aty w szkle. Na \u015brodku kufla widzimy metalowy odlew polskiego orze\u0142ka po\u0142\u0105czonego z flag\u0105 Polski, i szarf\u0119 z napisem &#8221;Polska&#8221;. Klasyczny, wygodny kufel, kt\u00f3ry sprawdzi si\u0119 u ka\u017cdego. Idealna pami\u0105tka z Polski, prezent dla ka\u017cdego.<\/p>\n<p><strong><em>Minimalna ilo\u015b\u0107 zam\u00f3wienia &#8211; 6 sztuk (1 opakowanie)<\/em><br \/>\n<\/strong><\/p>\n<p><strong><em>Towar sprzedawany na opakowania<\/em><\/strong><\/p>\n<h3><span style=\"color: #ff0000;\">PRZY DODAWANIU DO KOSZYKA, NALE\u017bY DODAWA\u0106 KROTNO\u015a\u0106\u00a0 LICZBY 6 &#8211; (1 opak)\u00a0 np: 6 ; 12 ; 18 itd<\/span><\/h3>\n<h3><strong>CENA ZA SZTUK\u0118.<\/strong><\/h3>\n","protected":false},"featured_media":5704,"comment_status":"open","ping_status":"closed","template":"","meta":[],"_links":{"self":[{"href":"https:\/\/violmax.pl\/index.php\/wp-json\/wp\/v2\/product\/859"}],"collection":[{"href":"https:\/\/violmax.pl\/index.php\/wp-json\/wp\/v2\/product"}],"about":[{"href":"https:\/\/violmax.pl\/index.php\/wp-json\/wp\/v2\/types\/product"}],"replies":[{"embeddable":true,"href":"https:\/\/violmax.pl\/index.php\/wp-json\/wp\/v2\/comments?post=859"}],"wp:featuredmedia":[{"embeddable":true,"href":"https:\/\/violmax.pl\/index.php\/wp-json\/wp\/v2\/media\/5704"}],"wp:attachment":[{"href":"https:\/\/violmax.pl\/index.php\/wp-json\/wp\/v2\/media?parent=859"}],"curies":[{"name":"wp","href":"https:\/\/api.w.org\/{rel}","templated":true}]}}