{"id":8588,"date":"2021-11-06T21:22:49","date_gmt":"2021-11-06T20:22:49","guid":{"rendered":"http:\/\/violmax.pl\/?post_type=product&#038;p=8588"},"modified":"2025-12-02T13:10:51","modified_gmt":"2025-12-02T12:10:51","slug":"myslistwo-kieliszek-do-wina-czerwonego-krosno-elite-450ml-jelen2-szron","status":"publish","type":"product","link":"https:\/\/violmax.pl\/index.php\/produkt\/myslistwo-kieliszek-do-wina-czerwonego-krosno-elite-450ml-jelen2-szron\/","title":{"rendered":"MY\u015aLISTWO, KIELISZEK DO WINA CZERWONEGO KROSNO &#8220;ELITE&#8221; 450 ML, MY\u015aLIWI I ZWIERZ\u0118TA \u0141OWNE SZRON"},"content":{"rendered":"<p><img loading=\"lazy\" class=\"alignnone size-medium wp-image-8585\" src=\"http:\/\/violmax.pl\/wp-content\/uploads\/2021\/11\/Mysliwskie_kieliszek_do_wina_czerwonego_krosno_elite_450ml_jelen2-300x300.png\" alt=\"\" width=\"300\" height=\"300\" srcset=\"https:\/\/violmax.pl\/wp-content\/uploads\/2021\/11\/Mysliwskie_kieliszek_do_wina_czerwonego_krosno_elite_450ml_jelen2-300x300.png 300w, https:\/\/violmax.pl\/wp-content\/uploads\/2021\/11\/Mysliwskie_kieliszek_do_wina_czerwonego_krosno_elite_450ml_jelen2-150x150.png 150w, https:\/\/violmax.pl\/wp-content\/uploads\/2021\/11\/Mysliwskie_kieliszek_do_wina_czerwonego_krosno_elite_450ml_jelen2-768x768.png 768w, https:\/\/violmax.pl\/wp-content\/uploads\/2021\/11\/Mysliwskie_kieliszek_do_wina_czerwonego_krosno_elite_450ml_jelen2-680x680.png 680w, https:\/\/violmax.pl\/wp-content\/uploads\/2021\/11\/Mysliwskie_kieliszek_do_wina_czerwonego_krosno_elite_450ml_jelen2-100x100.png 100w, https:\/\/violmax.pl\/wp-content\/uploads\/2021\/11\/Mysliwskie_kieliszek_do_wina_czerwonego_krosno_elite_450ml_jelen2.png 900w\" sizes=\"(max-width: 300px) 100vw, 300px\" \/><img loading=\"lazy\" class=\"alignnone size-medium wp-image-8587\" src=\"http:\/\/violmax.pl\/wp-content\/uploads\/2021\/11\/Mysliwskie_kieliszek_do_wina_czerwonego_krosno_elite_450ml_lisy-300x300.png\" alt=\"\" width=\"300\" height=\"300\" srcset=\"https:\/\/violmax.pl\/wp-content\/uploads\/2021\/11\/Mysliwskie_kieliszek_do_wina_czerwonego_krosno_elite_450ml_lisy-300x300.png 300w, https:\/\/violmax.pl\/wp-content\/uploads\/2021\/11\/Mysliwskie_kieliszek_do_wina_czerwonego_krosno_elite_450ml_lisy-150x150.png 150w, https:\/\/violmax.pl\/wp-content\/uploads\/2021\/11\/Mysliwskie_kieliszek_do_wina_czerwonego_krosno_elite_450ml_lisy-768x768.png 768w, https:\/\/violmax.pl\/wp-content\/uploads\/2021\/11\/Mysliwskie_kieliszek_do_wina_czerwonego_krosno_elite_450ml_lisy-680x680.png 680w, https:\/\/violmax.pl\/wp-content\/uploads\/2021\/11\/Mysliwskie_kieliszek_do_wina_czerwonego_krosno_elite_450ml_lisy-100x100.png 100w, https:\/\/violmax.pl\/wp-content\/uploads\/2021\/11\/Mysliwskie_kieliszek_do_wina_czerwonego_krosno_elite_450ml_lisy.png 900w\" sizes=\"(max-width: 300px) 100vw, 300px\" \/><img loading=\"lazy\" class=\"alignnone size-medium wp-image-8586\" src=\"http:\/\/violmax.pl\/wp-content\/uploads\/2021\/11\/Mysliwskie_kieliszek_do_wina_czerwonego_krosno_elite_450ml_kaczki-300x300.png\" alt=\"\" width=\"300\" height=\"300\" srcset=\"https:\/\/violmax.pl\/wp-content\/uploads\/2021\/11\/Mysliwskie_kieliszek_do_wina_czerwonego_krosno_elite_450ml_kaczki-300x300.png 300w, https:\/\/violmax.pl\/wp-content\/uploads\/2021\/11\/Mysliwskie_kieliszek_do_wina_czerwonego_krosno_elite_450ml_kaczki-150x150.png 150w, https:\/\/violmax.pl\/wp-content\/uploads\/2021\/11\/Mysliwskie_kieliszek_do_wina_czerwonego_krosno_elite_450ml_kaczki-768x768.png 768w, https:\/\/violmax.pl\/wp-content\/uploads\/2021\/11\/Mysliwskie_kieliszek_do_wina_czerwonego_krosno_elite_450ml_kaczki-680x680.png 680w, https:\/\/violmax.pl\/wp-content\/uploads\/2021\/11\/Mysliwskie_kieliszek_do_wina_czerwonego_krosno_elite_450ml_kaczki-100x100.png 100w, https:\/\/violmax.pl\/wp-content\/uploads\/2021\/11\/Mysliwskie_kieliszek_do_wina_czerwonego_krosno_elite_450ml_kaczki.png 900w\" sizes=\"(max-width: 300px) 100vw, 300px\" \/><img loading=\"lazy\" class=\"alignnone size-medium wp-image-8584\" src=\"http:\/\/violmax.pl\/wp-content\/uploads\/2021\/11\/Mysliwskie_kieliszek_do_wina_czerwonego_krosno_elite_450ml_jelen-300x300.png\" alt=\"\" width=\"300\" height=\"300\" srcset=\"https:\/\/violmax.pl\/wp-content\/uploads\/2021\/11\/Mysliwskie_kieliszek_do_wina_czerwonego_krosno_elite_450ml_jelen-300x300.png 300w, https:\/\/violmax.pl\/wp-content\/uploads\/2021\/11\/Mysliwskie_kieliszek_do_wina_czerwonego_krosno_elite_450ml_jelen-150x150.png 150w, https:\/\/violmax.pl\/wp-content\/uploads\/2021\/11\/Mysliwskie_kieliszek_do_wina_czerwonego_krosno_elite_450ml_jelen-768x768.png 768w, https:\/\/violmax.pl\/wp-content\/uploads\/2021\/11\/Mysliwskie_kieliszek_do_wina_czerwonego_krosno_elite_450ml_jelen-680x680.png 680w, https:\/\/violmax.pl\/wp-content\/uploads\/2021\/11\/Mysliwskie_kieliszek_do_wina_czerwonego_krosno_elite_450ml_jelen-100x100.png 100w, https:\/\/violmax.pl\/wp-content\/uploads\/2021\/11\/Mysliwskie_kieliszek_do_wina_czerwonego_krosno_elite_450ml_jelen.png 900w\" sizes=\"(max-width: 300px) 100vw, 300px\" \/><img loading=\"lazy\" class=\"alignnone size-medium wp-image-8583\" src=\"http:\/\/violmax.pl\/wp-content\/uploads\/2021\/11\/Mysliwskie_kieliszek_do_wina_czerwonego_krosno_elite_450ml_dzik-300x300.png\" alt=\"\" width=\"300\" height=\"300\" srcset=\"https:\/\/violmax.pl\/wp-content\/uploads\/2021\/11\/Mysliwskie_kieliszek_do_wina_czerwonego_krosno_elite_450ml_dzik-300x300.png 300w, https:\/\/violmax.pl\/wp-content\/uploads\/2021\/11\/Mysliwskie_kieliszek_do_wina_czerwonego_krosno_elite_450ml_dzik-150x150.png 150w, https:\/\/violmax.pl\/wp-content\/uploads\/2021\/11\/Mysliwskie_kieliszek_do_wina_czerwonego_krosno_elite_450ml_dzik-768x768.png 768w, https:\/\/violmax.pl\/wp-content\/uploads\/2021\/11\/Mysliwskie_kieliszek_do_wina_czerwonego_krosno_elite_450ml_dzik-680x680.png 680w, https:\/\/violmax.pl\/wp-content\/uploads\/2021\/11\/Mysliwskie_kieliszek_do_wina_czerwonego_krosno_elite_450ml_dzik-100x100.png 100w, https:\/\/violmax.pl\/wp-content\/uploads\/2021\/11\/Mysliwskie_kieliszek_do_wina_czerwonego_krosno_elite_450ml_dzik.png 900w\" sizes=\"(max-width: 300px) 100vw, 300px\" \/><img loading=\"lazy\" class=\"alignnone size-medium wp-image-8582\" src=\"http:\/\/violmax.pl\/wp-content\/uploads\/2021\/11\/Mysliwskie_kieliszek_do_wina_czerwonego_krosno_elite_450ml_bazant-300x300.png\" alt=\"\" width=\"300\" height=\"300\" srcset=\"https:\/\/violmax.pl\/wp-content\/uploads\/2021\/11\/Mysliwskie_kieliszek_do_wina_czerwonego_krosno_elite_450ml_bazant-300x300.png 300w, https:\/\/violmax.pl\/wp-content\/uploads\/2021\/11\/Mysliwskie_kieliszek_do_wina_czerwonego_krosno_elite_450ml_bazant-150x150.png 150w, https:\/\/violmax.pl\/wp-content\/uploads\/2021\/11\/Mysliwskie_kieliszek_do_wina_czerwonego_krosno_elite_450ml_bazant-768x768.png 768w, https:\/\/violmax.pl\/wp-content\/uploads\/2021\/11\/Mysliwskie_kieliszek_do_wina_czerwonego_krosno_elite_450ml_bazant-680x680.png 680w, https:\/\/violmax.pl\/wp-content\/uploads\/2021\/11\/Mysliwskie_kieliszek_do_wina_czerwonego_krosno_elite_450ml_bazant-100x100.png 100w, https:\/\/violmax.pl\/wp-content\/uploads\/2021\/11\/Mysliwskie_kieliszek_do_wina_czerwonego_krosno_elite_450ml_bazant.png 900w\" sizes=\"(max-width: 300px) 100vw, 300px\" \/><\/p>\n<p>&nbsp;<\/p>\n<p>Kieliszek do wina czerwonego Krosno &#8220;ELITE&#8221; o pojemno\u015bci 450 ml. Elegancki upominek dla my\u015bliwego. Kieliszek jest wypiaskowany na oko\u0142o , co sprawia \u017ce wygl\u0105da jak by by\u0142 zmro\u017cony. Ozdobiony jest motywem my\u015bliwego oraz zwierz\u0119tami \u0142ownymi. W komplecie znajduj\u0119 si\u0119 6 kieliszk\u00f3w, ozdobionych motywem ba\u017canta, kaczki, lisa i dwa razy jelenia. Ka\u017cdy kieliszek jest przedstawiony na zdj\u0119ciu kt\u00f3re przedstawia jego dwie strony.Wygodny kieliszek o du\u017cej pojemno\u015bci, dobrze trzyma si\u0119 w d\u0142oni.\u00a0 Wykonany jest z wysokiej jako\u015bci szk\u0142a. Nadaje si\u0119 do mycia w zmywarce.<\/p>\n","protected":false},"excerpt":{"rendered":"<p><img loading=\"lazy\" class=\"alignnone size-medium wp-image-3492\" src=\"http:\/\/violmax.pl\/wp-content\/uploads\/2020\/05\/VIOLMAX_POLSKA-300x28.jpg\" alt=\"\" width=\"300\" height=\"28\" \/><\/p>\n<p>&nbsp;<\/p>\n<p>Kieliszek do wina czerwonego Krosno &#8220;ELITE&#8221; o pojemno\u015bci 450 ml. Elegancki upominek dla my\u015bliwego. Kieliszek jest wypiaskowany na oko\u0142o , co sprawia \u017ce wygl\u0105da jak by by\u0142 zmro\u017cony. Ozdobiony jest motywem my\u015bliwego oraz zwierz\u0119tami \u0142ownymi. W komplecie znajduj\u0119 si\u0119 6 kieliszk\u00f3w, ozdobionych motywem ba\u017canta, kaczki, lisa i dwa razy jelenia. Ka\u017cdy kieliszek jest przedstawiony na zdj\u0119ciu kt\u00f3re przedstawia jego dwie strony.Wygodny kieliszek o du\u017cej pojemno\u015bci, dobrze trzyma si\u0119 w d\u0142oni.\u00a0 Wykonany jest z wysokiej jako\u015bci szk\u0142a. Nadaje si\u0119 do mycia w zmywarce.<\/p>\n<p><em><strong>Minimalna ilo\u015b\u0107 zam\u00f3wienia &#8211; 6 sztuk (1 opakowanie)<br \/>\n<\/strong><\/em><\/p>\n<p><strong><em>Towar sprzedawany na opakowania<\/em><\/strong><\/p>\n<h3><span style=\"color: #ff0000;\">PRZY DODAWANIU DO KOSZYKA, NALE\u017bY DODAWA\u0106 KROTNO\u015a\u0106\u00a0 LICZBY 6 &#8211; (1 opak)\u00a0 np: 6 ; 12 ; 18 itd<\/span><\/h3>\n<h3><strong>CENA ZA SZTUK\u0118.<\/strong><\/h3>\n<h2><strong>\u00a0<\/strong><\/h2>\n","protected":false},"featured_media":8585,"comment_status":"open","ping_status":"closed","template":"","meta":[],"_links":{"self":[{"href":"https:\/\/violmax.pl\/index.php\/wp-json\/wp\/v2\/product\/8588"}],"collection":[{"href":"https:\/\/violmax.pl\/index.php\/wp-json\/wp\/v2\/product"}],"about":[{"href":"https:\/\/violmax.pl\/index.php\/wp-json\/wp\/v2\/types\/product"}],"replies":[{"embeddable":true,"href":"https:\/\/violmax.pl\/index.php\/wp-json\/wp\/v2\/comments?post=8588"}],"wp:featuredmedia":[{"embeddable":true,"href":"https:\/\/violmax.pl\/index.php\/wp-json\/wp\/v2\/media\/8585"}],"wp:attachment":[{"href":"https:\/\/violmax.pl\/index.php\/wp-json\/wp\/v2\/media?parent=8588"}],"curies":[{"name":"wp","href":"https:\/\/api.w.org\/{rel}","templated":true}]}}