{"id":8580,"date":"2021-11-01T20:22:54","date_gmt":"2021-11-01T19:22:54","guid":{"rendered":"http:\/\/violmax.pl\/?post_type=product&#038;p=8580"},"modified":"2022-10-01T08:58:19","modified_gmt":"2022-10-01T06:58:19","slug":"myslistwo-karafka-do-wina-1400-ml-mysliwska-szron","status":"publish","type":"product","link":"https:\/\/violmax.pl\/index.php\/produkt\/myslistwo-karafka-do-wina-1400-ml-mysliwska-szron\/","title":{"rendered":"MY\u015aLISTWO, KARAFKA DO WINA KROSNO &#8220;CONNOISSEUR&#8221; 1400 ML, MY\u015aLIWSKA SZRON"},"content":{"rendered":"<p><img loading=\"lazy\" class=\"alignnone size-medium wp-image-8578\" src=\"http:\/\/violmax.pl\/wp-content\/uploads\/2021\/11\/Mysliwskie_karafka_do_wina_1400_ml_szron_1-300x214.png\" alt=\"\" width=\"300\" height=\"214\" srcset=\"https:\/\/violmax.pl\/wp-content\/uploads\/2021\/11\/Mysliwskie_karafka_do_wina_1400_ml_szron_1-300x214.png 300w, https:\/\/violmax.pl\/wp-content\/uploads\/2021\/11\/Mysliwskie_karafka_do_wina_1400_ml_szron_1-768x549.png 768w, https:\/\/violmax.pl\/wp-content\/uploads\/2021\/11\/Mysliwskie_karafka_do_wina_1400_ml_szron_1.png 900w, https:\/\/violmax.pl\/wp-content\/uploads\/2021\/11\/Mysliwskie_karafka_do_wina_1400_ml_szron_1-680x486.png 680w\" sizes=\"(max-width: 300px) 100vw, 300px\" \/><img loading=\"lazy\" class=\"alignnone size-medium wp-image-8579\" src=\"http:\/\/violmax.pl\/wp-content\/uploads\/2021\/11\/Mysliwskie_karafka_do_wina_1400_ml_szron_2-300x214.png\" alt=\"\" width=\"300\" height=\"214\" srcset=\"https:\/\/violmax.pl\/wp-content\/uploads\/2021\/11\/Mysliwskie_karafka_do_wina_1400_ml_szron_2-300x214.png 300w, https:\/\/violmax.pl\/wp-content\/uploads\/2021\/11\/Mysliwskie_karafka_do_wina_1400_ml_szron_2-768x549.png 768w, https:\/\/violmax.pl\/wp-content\/uploads\/2021\/11\/Mysliwskie_karafka_do_wina_1400_ml_szron_2.png 900w, https:\/\/violmax.pl\/wp-content\/uploads\/2021\/11\/Mysliwskie_karafka_do_wina_1400_ml_szron_2-680x486.png 680w\" sizes=\"(max-width: 300px) 100vw, 300px\" \/><\/p>\n<p>&nbsp;<\/p>\n<p>Karafka do wina Krosno &#8220;CONNOISSEUR&#8221; o litra\u017cu 1400 ml \u2013 wypiaskowana z ka\u017cdej strony w motywy my\u015bliwskie, w tym przypadku z jednej strony my\u015bliwym a z drugiej strony jeleniem. Karafka mo\u017ce s\u0142u\u017cy\u0107 jako nietuzinkowy prezent dla my\u015bliwego. Karafka jest wykonana r\u0119cznie z wysokiej jako\u015bci szk\u0142a. Pi\u0119kny, okaza\u0142y prezent kt\u00f3ra zachwyci ka\u017cdego. Nadaje si\u0119 do mycia w zmywarce.<\/p>\n","protected":false},"excerpt":{"rendered":"<div class=\"woocommerce-product-details__short-description\">\n<p><img loading=\"lazy\" class=\"alignnone size-medium wp-image-3492\" src=\"http:\/\/violmax.pl\/wp-content\/uploads\/2020\/05\/VIOLMAX_POLSKA-300x28.jpg\" alt=\"\" width=\"300\" height=\"28\" \/><\/p>\n<p>&nbsp;<\/p>\n<p>Karafka do wina Krosno &#8220;CONNOISSEUR&#8221; o litra\u017cu 1400 ml \u2013 wypiaskowana z ka\u017cdej strony w motywy my\u015bliwskie, w tym przypadku z jednej strony my\u015bliwym a z drugiej strony jeleniem. Karafka mo\u017ce s\u0142u\u017cy\u0107 jako nietuzinkowy prezent dla my\u015bliwego. Karafka jest wykonana r\u0119cznie z wysokiej jako\u015bci szk\u0142a. Pi\u0119kny, okaza\u0142y prezent kt\u00f3ra zachwyci ka\u017cdego. Nadaje si\u0119 do mycia w zmywarce.<\/p>\n<p><strong><em>Minimalna ilo\u015b\u0107 zam\u00f3wienia \u2013 1 sztuka (1 opakowanie)<\/em><br \/>\n<\/strong><\/p>\n<p><strong><em>\u00a0<\/em><\/strong><\/p>\n<h3><strong>CENA ZA SZTUK\u0118.<\/strong><\/h3>\n<h2><strong>\u00a0<\/strong><\/h2>\n<\/div>\n","protected":false},"featured_media":8578,"comment_status":"open","ping_status":"closed","template":"","meta":[],"_links":{"self":[{"href":"https:\/\/violmax.pl\/index.php\/wp-json\/wp\/v2\/product\/8580"}],"collection":[{"href":"https:\/\/violmax.pl\/index.php\/wp-json\/wp\/v2\/product"}],"about":[{"href":"https:\/\/violmax.pl\/index.php\/wp-json\/wp\/v2\/types\/product"}],"replies":[{"embeddable":true,"href":"https:\/\/violmax.pl\/index.php\/wp-json\/wp\/v2\/comments?post=8580"}],"wp:featuredmedia":[{"embeddable":true,"href":"https:\/\/violmax.pl\/index.php\/wp-json\/wp\/v2\/media\/8578"}],"wp:attachment":[{"href":"https:\/\/violmax.pl\/index.php\/wp-json\/wp\/v2\/media?parent=8580"}],"curies":[{"name":"wp","href":"https:\/\/api.w.org\/{rel}","templated":true}]}}